{"id":28916,"date":"2019-10-22T12:56:35","date_gmt":"2019-10-22T12:56:35","guid":{"rendered":"https:\/\/www.artnuances-com-717041.hostingersite.com\/artworks\/senza-categoria\/and-theseus-is-ready-to-enter-the-labyrinth\/"},"modified":"2024-09-11T07:55:04","modified_gmt":"2024-09-11T07:55:04","slug":"and-theseus-is-ready-to-enter-the-labyrinth","status":"publish","type":"product","link":"https:\/\/artnuances.com\/it\/artworks\/and-theseus-is-ready-to-enter-the-labyrinth\/","title":{"rendered":"&#8230; e Teseo \u00e8 pronto per entrare nel Labirinto"},"content":{"rendered":"<section class=\"l-section wpb_row us_custom_36724591 height_large\"><div class=\"l-section-h i-cf\"><div class=\"g-cols vc_row via_flex valign_top type_default stacking_default\"><div class=\"vc_col-sm-12 wpb_column vc_column_container\"><div class=\"vc_column-inner\"><div class=\"wpb_wrapper\"><div class=\"w-video us_custom_5e0f964e align_center ratio_16x9 has_iframe\"><div class=\"w-video-h\"><iframe title=\"Youtube video player\" src=\"\/\/www.youtube.com\/embed\/uy7y9J3KfEc?autoplay=0&controls=1&origin=https:\/\/artnuances.com\/it\/&loop=0&mute=0\" allowfullscreen=\"1\" loading=\"lazy\"><\/iframe><\/div><\/div><\/div><\/div><\/div><\/div><\/div><\/section><section class=\"l-section wpb_row height_large\"><div class=\"l-section-h i-cf\"><div class=\"g-cols vc_row via_flex valign_top type_default stacking_default\"><div class=\"vc_col-sm-12 wpb_column vc_column_container\"><div class=\"vc_column-inner\"><div class=\"wpb_wrapper\"><div class=\"wpb_text_column\"><div class=\"wpb_wrapper\"><h1><em><strong>&#8220;&#8230; and then Theseus is ready to enter the Labyrinth&#8221;<\/strong><\/em><strong> is an artwork by <\/strong><strong><a href=\"https:\/\/artnuances.com\/authors\/walter-capezzali\/\" target=\"_blank\" rel=\"noopener noreferrer\">Walter Capezzali<\/a>.<\/strong><\/h1>\n<h3>Here is the explanation of the artist. The story behind &#8220;and then Theseus is ready to enter the Labyrinth.&#8221; Dark Cave Labyrinth. <a href=\"https:\/\/en.wikipedia.org\/wiki\/Theseus\" target=\"_blank\" rel=\"noopener noreferrer\">Theseus<\/a> is among the unfortunate young people walking in as an offer to the Minotaur. He wields a cudgel. The big black sailship is waiting. The crew will change the sail only if the young man will be able to go back. Meanwhile, Icarus has flown too near the sun and is falling towards the iced water of the Aegean Sea.<br \/>\nThe last warm Greek sunbeam is running on the rock where the young hero is lying. Sunset shades are drawing out the sea. Here the artist (<a href=\"https:\/\/artnuances.com\/authors\/walter-capezzali\/\">Walter Capezzali<\/a>), referring to Homer&#8217;s poem and Greek myths, recalls how the fear of the unknown or the monster often leads us to predict negative situations or tragedies, which do not always turn into reality. The hero is Theseus, destined to die. Actually, with the help of &#8220;Arianne&#8217;s thread&#8221;, he will succeed where many have failed. He will kill the beast, and free his people from the oppression of tyranny. The monster is the emblem of this tyranny, but at the same time, he will lose a person very dear to him, his son <a href=\"https:\/\/artnuances.com\/artworks\/collages\/icaro-walter-capezzali\/\">Icarus<\/a>. <a href=\"https:\/\/artnuances.com\/artworks\/collages\/icaro-walter-capezzali\/\">Icarus<\/a> is the emblem of swagger and inexperience. In \u201c<a href=\"https:\/\/artnuances.com\/artworks\/collages\/teseo-walter-capezzali\/\">\u2026 and Theseus is ready to enter the Labyrinth<\/a>\u201d, the artist, with a few images translates what life teaches: nothing is achieved without paying a price. And the higher the target, the higher the price to pay. Conquering freedom has a price and it is always very high.<\/h3>\n<\/div><\/div><\/div><\/div><\/div><\/div><\/div><\/section>\n","protected":false},"excerpt":{"rendered":"<p><strong>Artist:<\/strong> Walter Capezzali <em>(Italy)<\/em><br \/>\n<strong>Title:<\/strong> and Theseus is ready to enter the Labyrinth<br \/>\n<strong>Date:<\/strong> 2012<br \/>\n<strong>Medium:<\/strong> Paper<br \/>\n<strong>Dimensions:<\/strong> 63H x 92B<\/p>\n","protected":false},"featured_media":24320,"comment_status":"closed","ping_status":"closed","template":"","meta":{"_acf_changed":false},"product_brand":[153],"product_cat":[121],"product_tag":[],"class_list":{"0":"post-28916","1":"product","2":"type-product","3":"status-publish","4":"has-post-thumbnail","6":"product_brand-walter-capezzali-it","7":"product_cat-collage","9":"first","10":"instock","11":"featured","12":"purchasable","13":"product-type-simple"},"acf":[],"yoast_head":"<!-- This site is optimized with the Yoast SEO plugin v27.3 - https:\/\/yoast.com\/product\/yoast-seo-wordpress\/ -->\n<title>... e Teseo \u00e8 pronto per entrare nel Labirinto - Walter Capezzali - Artnuances Gallery<\/title>\n<meta name=\"description\" content=\"... e Teseo \u00e8 pronto per entrare nel Labirinto, armato di randello. Nel collegio Capezzali, l&#039;eroe \u00e8 Teseo, con l&#039;aiuto del &quot;filo di Arianna&quot;.\" \/>\n<meta name=\"robots\" content=\"index, follow, max-snippet:-1, max-image-preview:large, max-video-preview:-1\" \/>\n<link rel=\"canonical\" href=\"https:\/\/artnuances.com\/it\/artworks\/and-theseus-is-ready-to-enter-the-labyrinth\/\" \/>\n<meta property=\"og:locale\" content=\"it_IT\" \/>\n<meta property=\"og:type\" content=\"article\" \/>\n<meta property=\"og:title\" content=\"... e Teseo \u00e8 pronto per entrare nel Labirinto - Walter Capezzali - Artnuances Gallery\" \/>\n<meta property=\"og:description\" content=\"... e Teseo \u00e8 pronto per entrare nel Labirinto, armato di randello. Nel collegio Capezzali, l&#039;eroe \u00e8 Teseo, con l&#039;aiuto del &quot;filo di Arianna&quot;.\" \/>\n<meta property=\"og:url\" content=\"https:\/\/artnuances.com\/it\/artworks\/and-theseus-is-ready-to-enter-the-labyrinth\/\" \/>\n<meta property=\"og:site_name\" content=\"Artnuances - Art gallery online\" \/>\n<meta property=\"article:publisher\" content=\"https:\/\/www.facebook.com\/studioartnuances\/\" \/>\n<meta property=\"article:modified_time\" content=\"2024-09-11T07:55:04+00:00\" \/>\n<meta property=\"og:image\" content=\"https:\/\/artnuances.com\/wp-content\/uploads\/2019\/10\/theseus-walter-capezzali.jpg\" \/>\n\t<meta property=\"og:image:width\" content=\"2050\" \/>\n\t<meta property=\"og:image:height\" content=\"2151\" \/>\n\t<meta property=\"og:image:type\" content=\"image\/jpeg\" \/>\n<meta name=\"twitter:card\" content=\"summary_large_image\" \/>\n<meta name=\"twitter:label1\" content=\"Tempo di lettura stimato\" \/>\n\t<meta name=\"twitter:data1\" content=\"2 minuti\" \/>\n<script type=\"application\/ld+json\" class=\"yoast-schema-graph\">{\"@context\":\"https:\\\/\\\/schema.org\",\"@graph\":[{\"@type\":\"WebPage\",\"@id\":\"https:\\\/\\\/artnuances.com\\\/it\\\/artworks\\\/and-theseus-is-ready-to-enter-the-labyrinth\\\/\",\"url\":\"https:\\\/\\\/artnuances.com\\\/it\\\/artworks\\\/and-theseus-is-ready-to-enter-the-labyrinth\\\/\",\"name\":\"... e Teseo \u00e8 pronto per entrare nel Labirinto - Walter Capezzali - Artnuances Gallery\",\"isPartOf\":{\"@id\":\"https:\\\/\\\/artnuances.com\\\/it\\\/#website\"},\"primaryImageOfPage\":{\"@id\":\"https:\\\/\\\/artnuances.com\\\/it\\\/artworks\\\/and-theseus-is-ready-to-enter-the-labyrinth\\\/#primaryimage\"},\"image\":{\"@id\":\"https:\\\/\\\/artnuances.com\\\/it\\\/artworks\\\/and-theseus-is-ready-to-enter-the-labyrinth\\\/#primaryimage\"},\"thumbnailUrl\":\"https:\\\/\\\/artnuances.com\\\/wp-content\\\/uploads\\\/2019\\\/10\\\/theseus-walter-capezzali.jpg\",\"datePublished\":\"2019-10-22T12:56:35+00:00\",\"dateModified\":\"2024-09-11T07:55:04+00:00\",\"description\":\"... e Teseo \u00e8 pronto per entrare nel Labirinto, armato di randello. Nel collegio Capezzali, l'eroe \u00e8 Teseo, con l'aiuto del \\\"filo di Arianna\\\".\",\"breadcrumb\":{\"@id\":\"https:\\\/\\\/artnuances.com\\\/it\\\/artworks\\\/and-theseus-is-ready-to-enter-the-labyrinth\\\/#breadcrumb\"},\"inLanguage\":\"it-IT\",\"potentialAction\":[{\"@type\":\"ReadAction\",\"target\":[\"https:\\\/\\\/artnuances.com\\\/it\\\/artworks\\\/and-theseus-is-ready-to-enter-the-labyrinth\\\/\"]}]},{\"@type\":\"ImageObject\",\"inLanguage\":\"it-IT\",\"@id\":\"https:\\\/\\\/artnuances.com\\\/it\\\/artworks\\\/and-theseus-is-ready-to-enter-the-labyrinth\\\/#primaryimage\",\"url\":\"https:\\\/\\\/artnuances.com\\\/wp-content\\\/uploads\\\/2019\\\/10\\\/theseus-walter-capezzali.jpg\",\"contentUrl\":\"https:\\\/\\\/artnuances.com\\\/wp-content\\\/uploads\\\/2019\\\/10\\\/theseus-walter-capezzali.jpg\",\"width\":2050,\"height\":2151,\"caption\":\"theseus\"},{\"@type\":\"BreadcrumbList\",\"@id\":\"https:\\\/\\\/artnuances.com\\\/it\\\/artworks\\\/and-theseus-is-ready-to-enter-the-labyrinth\\\/#breadcrumb\",\"itemListElement\":[{\"@type\":\"ListItem\",\"position\":1,\"name\":\"Home\",\"item\":\"https:\\\/\\\/artnuances.com\\\/it\\\/\"},{\"@type\":\"ListItem\",\"position\":2,\"name\":\"Shop online\",\"item\":\"https:\\\/\\\/artnuances.com\\\/it\\\/shop-online-galleria-darte-artnuances\\\/\"},{\"@type\":\"ListItem\",\"position\":3,\"name\":\"&#8230; e Teseo \u00e8 pronto per entrare nel Labirinto\"}]},{\"@type\":\"WebSite\",\"@id\":\"https:\\\/\\\/artnuances.com\\\/it\\\/#website\",\"url\":\"https:\\\/\\\/artnuances.com\\\/it\\\/\",\"name\":\"Artnuances - Art gallery online\",\"description\":\"Artnuances Gallery\",\"publisher\":{\"@id\":\"https:\\\/\\\/artnuances.com\\\/it\\\/#organization\"},\"potentialAction\":[{\"@type\":\"SearchAction\",\"target\":{\"@type\":\"EntryPoint\",\"urlTemplate\":\"https:\\\/\\\/artnuances.com\\\/it\\\/?s={search_term_string}\"},\"query-input\":{\"@type\":\"PropertyValueSpecification\",\"valueRequired\":true,\"valueName\":\"search_term_string\"}}],\"inLanguage\":\"it-IT\"},{\"@type\":\"Organization\",\"@id\":\"https:\\\/\\\/artnuances.com\\\/it\\\/#organization\",\"name\":\"Studio Artnuances LTD\",\"url\":\"https:\\\/\\\/artnuances.com\\\/it\\\/\",\"logo\":{\"@type\":\"ImageObject\",\"inLanguage\":\"it-IT\",\"@id\":\"https:\\\/\\\/artnuances.com\\\/it\\\/#\\\/schema\\\/logo\\\/image\\\/\",\"url\":\"https:\\\/\\\/artnuances.com\\\/wp-content\\\/uploads\\\/2019\\\/09\\\/artnuanse.png\",\"contentUrl\":\"https:\\\/\\\/artnuances.com\\\/wp-content\\\/uploads\\\/2019\\\/09\\\/artnuanse.png\",\"width\":622,\"height\":622,\"caption\":\"Studio Artnuances LTD\"},\"image\":{\"@id\":\"https:\\\/\\\/artnuances.com\\\/it\\\/#\\\/schema\\\/logo\\\/image\\\/\"},\"sameAs\":[\"https:\\\/\\\/www.facebook.com\\\/studioartnuances\\\/\",\"https:\\\/\\\/www.instagram.com\\\/studioartnuances\\\/\",\"https:\\\/\\\/www.youtube.com\\\/channel\\\/UCoU2Nb_B-2BOiDcO292sggg\"]}]}<\/script>\n<!-- \/ Yoast SEO plugin. -->","yoast_head_json":{"title":"... e Teseo \u00e8 pronto per entrare nel Labirinto - Walter Capezzali - Artnuances Gallery","description":"... e Teseo \u00e8 pronto per entrare nel Labirinto, armato di randello. Nel collegio Capezzali, l'eroe \u00e8 Teseo, con l'aiuto del \"filo di Arianna\".","robots":{"index":"index","follow":"follow","max-snippet":"max-snippet:-1","max-image-preview":"max-image-preview:large","max-video-preview":"max-video-preview:-1"},"canonical":"https:\/\/artnuances.com\/it\/artworks\/and-theseus-is-ready-to-enter-the-labyrinth\/","og_locale":"it_IT","og_type":"article","og_title":"... e Teseo \u00e8 pronto per entrare nel Labirinto - Walter Capezzali - Artnuances Gallery","og_description":"... e Teseo \u00e8 pronto per entrare nel Labirinto, armato di randello. Nel collegio Capezzali, l'eroe \u00e8 Teseo, con l'aiuto del \"filo di Arianna\".","og_url":"https:\/\/artnuances.com\/it\/artworks\/and-theseus-is-ready-to-enter-the-labyrinth\/","og_site_name":"Artnuances - Art gallery online","article_publisher":"https:\/\/www.facebook.com\/studioartnuances\/","article_modified_time":"2024-09-11T07:55:04+00:00","og_image":[{"width":2050,"height":2151,"url":"https:\/\/artnuances.com\/wp-content\/uploads\/2019\/10\/theseus-walter-capezzali.jpg","type":"image\/jpeg"}],"twitter_card":"summary_large_image","twitter_misc":{"Tempo di lettura stimato":"2 minuti"},"schema":{"@context":"https:\/\/schema.org","@graph":[{"@type":"WebPage","@id":"https:\/\/artnuances.com\/it\/artworks\/and-theseus-is-ready-to-enter-the-labyrinth\/","url":"https:\/\/artnuances.com\/it\/artworks\/and-theseus-is-ready-to-enter-the-labyrinth\/","name":"... e Teseo \u00e8 pronto per entrare nel Labirinto - Walter Capezzali - Artnuances Gallery","isPartOf":{"@id":"https:\/\/artnuances.com\/it\/#website"},"primaryImageOfPage":{"@id":"https:\/\/artnuances.com\/it\/artworks\/and-theseus-is-ready-to-enter-the-labyrinth\/#primaryimage"},"image":{"@id":"https:\/\/artnuances.com\/it\/artworks\/and-theseus-is-ready-to-enter-the-labyrinth\/#primaryimage"},"thumbnailUrl":"https:\/\/artnuances.com\/wp-content\/uploads\/2019\/10\/theseus-walter-capezzali.jpg","datePublished":"2019-10-22T12:56:35+00:00","dateModified":"2024-09-11T07:55:04+00:00","description":"... e Teseo \u00e8 pronto per entrare nel Labirinto, armato di randello. Nel collegio Capezzali, l'eroe \u00e8 Teseo, con l'aiuto del \"filo di Arianna\".","breadcrumb":{"@id":"https:\/\/artnuances.com\/it\/artworks\/and-theseus-is-ready-to-enter-the-labyrinth\/#breadcrumb"},"inLanguage":"it-IT","potentialAction":[{"@type":"ReadAction","target":["https:\/\/artnuances.com\/it\/artworks\/and-theseus-is-ready-to-enter-the-labyrinth\/"]}]},{"@type":"ImageObject","inLanguage":"it-IT","@id":"https:\/\/artnuances.com\/it\/artworks\/and-theseus-is-ready-to-enter-the-labyrinth\/#primaryimage","url":"https:\/\/artnuances.com\/wp-content\/uploads\/2019\/10\/theseus-walter-capezzali.jpg","contentUrl":"https:\/\/artnuances.com\/wp-content\/uploads\/2019\/10\/theseus-walter-capezzali.jpg","width":2050,"height":2151,"caption":"theseus"},{"@type":"BreadcrumbList","@id":"https:\/\/artnuances.com\/it\/artworks\/and-theseus-is-ready-to-enter-the-labyrinth\/#breadcrumb","itemListElement":[{"@type":"ListItem","position":1,"name":"Home","item":"https:\/\/artnuances.com\/it\/"},{"@type":"ListItem","position":2,"name":"Shop online","item":"https:\/\/artnuances.com\/it\/shop-online-galleria-darte-artnuances\/"},{"@type":"ListItem","position":3,"name":"&#8230; e Teseo \u00e8 pronto per entrare nel Labirinto"}]},{"@type":"WebSite","@id":"https:\/\/artnuances.com\/it\/#website","url":"https:\/\/artnuances.com\/it\/","name":"Artnuances - Art gallery online","description":"Artnuances Gallery","publisher":{"@id":"https:\/\/artnuances.com\/it\/#organization"},"potentialAction":[{"@type":"SearchAction","target":{"@type":"EntryPoint","urlTemplate":"https:\/\/artnuances.com\/it\/?s={search_term_string}"},"query-input":{"@type":"PropertyValueSpecification","valueRequired":true,"valueName":"search_term_string"}}],"inLanguage":"it-IT"},{"@type":"Organization","@id":"https:\/\/artnuances.com\/it\/#organization","name":"Studio Artnuances LTD","url":"https:\/\/artnuances.com\/it\/","logo":{"@type":"ImageObject","inLanguage":"it-IT","@id":"https:\/\/artnuances.com\/it\/#\/schema\/logo\/image\/","url":"https:\/\/artnuances.com\/wp-content\/uploads\/2019\/09\/artnuanse.png","contentUrl":"https:\/\/artnuances.com\/wp-content\/uploads\/2019\/09\/artnuanse.png","width":622,"height":622,"caption":"Studio Artnuances LTD"},"image":{"@id":"https:\/\/artnuances.com\/it\/#\/schema\/logo\/image\/"},"sameAs":["https:\/\/www.facebook.com\/studioartnuances\/","https:\/\/www.instagram.com\/studioartnuances\/","https:\/\/www.youtube.com\/channel\/UCoU2Nb_B-2BOiDcO292sggg"]}]}},"_links":{"self":[{"href":"https:\/\/artnuances.com\/it\/wp-json\/wp\/v2\/product\/28916","targetHints":{"allow":["GET"]}}],"collection":[{"href":"https:\/\/artnuances.com\/it\/wp-json\/wp\/v2\/product"}],"about":[{"href":"https:\/\/artnuances.com\/it\/wp-json\/wp\/v2\/types\/product"}],"replies":[{"embeddable":true,"href":"https:\/\/artnuances.com\/it\/wp-json\/wp\/v2\/comments?post=28916"}],"wp:featuredmedia":[{"embeddable":true,"href":"https:\/\/artnuances.com\/it\/wp-json\/wp\/v2\/media\/24320"}],"wp:attachment":[{"href":"https:\/\/artnuances.com\/it\/wp-json\/wp\/v2\/media?parent=28916"}],"wp:term":[{"taxonomy":"product_brand","embeddable":true,"href":"https:\/\/artnuances.com\/it\/wp-json\/wp\/v2\/product_brand?post=28916"},{"taxonomy":"product_cat","embeddable":true,"href":"https:\/\/artnuances.com\/it\/wp-json\/wp\/v2\/product_cat?post=28916"},{"taxonomy":"product_tag","embeddable":true,"href":"https:\/\/artnuances.com\/it\/wp-json\/wp\/v2\/product_tag?post=28916"}],"curies":[{"name":"wp","href":"https:\/\/api.w.org\/{rel}","templated":true}]}}