{"id":28897,"date":"2019-11-05T17:30:35","date_gmt":"2019-11-05T17:30:35","guid":{"rendered":"https:\/\/www.artnuances-com-717041.hostingersite.com\/artworks\/senza-categoria\/isola-10-giovanni-crisostomo\/"},"modified":"2023-03-30T14:31:04","modified_gmt":"2023-03-30T14:31:04","slug":"isola-10-giovanni-crisostomo","status":"publish","type":"product","link":"https:\/\/artnuances.com\/it\/artworks\/isola-10-giovanni-crisostomo\/","title":{"rendered":"L&#8217;Isola 10"},"content":{"rendered":"<section class=\"l-section wpb_row height_large\"><div class=\"l-section-h i-cf\"><div class=\"g-cols vc_row via_flex valign_top type_default stacking_default\"><div class=\"vc_col-sm-12 wpb_column vc_column_container\"><div class=\"vc_column-inner\"><div class=\"wpb_wrapper\"><div class=\"wpb_text_column\"><div class=\"wpb_wrapper\"><h1><em><strong>L&#8217;Isola n.10, \u00e8 un lavoro di <a href=\"https:\/\/artnuances.com\/it\/authors\/crisostomo-giovanni\/\">Giovanni Crisostomo<\/a>.<\/strong><\/em><\/h1>\n<h3>La nuova terra e nuove radici. La conquista di una nuova terra, radici mescolate a pezzi di una civilt\u00e0 che si \u00e8 lasciata in un luogo indefinito, ma che rimane presente. Il rosso a simboleggiare il sangue, il sacrificio necessario per raggiungere il nuovo posto. Il celeste per la rinascita, che per\u00f2 comporter\u00e0 sacrifici, ma che \u00e8 pur sempre simbolo di futuro.<\/h3>\n<p>It is a <a href=\"https:\/\/artnuances.com\/it\/collage\/\">series of collages<\/a> in which the artist, inspired by elements of daily life, wants to denounce how we all feel on an island, lost in an immense sea of images, sounds and messages. A world where, paradoxically, although there are social networks that embrace the whole world, the world feels increasingly isolated, where sometimes frenetic communication hides situations of abandonment or profound discomfort.<\/p>\n<p>Here this series wants to tell controversial aspects of the same reality and does it through the eyes of <a href=\"https:\/\/artnuances.com\/it\/authors\/crisostomo-giovanni\/\">Giovanni Crisostomo<\/a>, who as a contemporary artist, but with a modern artistic training, lives this era of human civilization.<\/p>\n<\/div><\/div><\/div><\/div><\/div><\/div><\/div><\/section>\n","protected":false},"excerpt":{"rendered":"<p><strong>Artist:<\/strong> Giovanni Crisostomo <em>(Italy)<\/em><br \/>\n<strong>Title:<\/strong> L&#8217;Isola n\u00b010<br \/>\n<strong>Date:<\/strong> 2019<br \/>\n<strong>Medium:<\/strong> Mixed media on paper<br \/>\n<strong>Dimensions:<\/strong> 36H x 50B<\/p>\n","protected":false},"featured_media":25788,"comment_status":"closed","ping_status":"closed","template":"","meta":{"_acf_changed":false},"product_brand":[138],"product_cat":[121],"product_tag":[],"class_list":{"0":"post-28897","1":"product","2":"type-product","3":"status-publish","4":"has-post-thumbnail","6":"product_brand-crisostomo-giovanni","7":"product_cat-collage","9":"first","10":"instock","11":"featured","12":"purchasable","13":"product-type-simple"},"acf":[],"yoast_head":"<!-- This site is optimized with the Yoast SEO plugin v27.3 - https:\/\/yoast.com\/product\/yoast-seo-wordpress\/ -->\n<title>L&#039;Isola 10 - Giovanni Crisostomo - Artnuances - Art gallery online<\/title>\n<meta name=\"description\" content=\"La nuova terra e nuove radici. La conquista di una nuova terra, radici mescolate a pezzi di una civilt\u00e0 che si \u00e8 lasciata in un luogo indefinito.\" \/>\n<meta name=\"robots\" content=\"index, follow, max-snippet:-1, max-image-preview:large, max-video-preview:-1\" \/>\n<link rel=\"canonical\" href=\"https:\/\/artnuances.com\/it\/artworks\/isola-10-giovanni-crisostomo\/\" \/>\n<meta property=\"og:locale\" content=\"it_IT\" \/>\n<meta property=\"og:type\" content=\"article\" \/>\n<meta property=\"og:title\" content=\"L&#039;Isola 10 - Giovanni Crisostomo - Artnuances - Art gallery online\" \/>\n<meta property=\"og:description\" content=\"La nuova terra e nuove radici. La conquista di una nuova terra, radici mescolate a pezzi di una civilt\u00e0 che si \u00e8 lasciata in un luogo indefinito.\" \/>\n<meta property=\"og:url\" content=\"https:\/\/artnuances.com\/it\/artworks\/isola-10-giovanni-crisostomo\/\" \/>\n<meta property=\"og:site_name\" content=\"Artnuances - Art gallery online\" \/>\n<meta property=\"article:publisher\" content=\"https:\/\/www.facebook.com\/studioartnuances\/\" \/>\n<meta property=\"article:modified_time\" content=\"2023-03-30T14:31:04+00:00\" \/>\n<meta property=\"og:image\" content=\"https:\/\/artnuances.com\/wp-content\/uploads\/2020\/01\/collage-giovanni-crisistomo-isola-10.jpg\" \/>\n\t<meta property=\"og:image:width\" content=\"2000\" \/>\n\t<meta property=\"og:image:height\" content=\"1504\" \/>\n\t<meta property=\"og:image:type\" content=\"image\/jpeg\" \/>\n<meta name=\"twitter:card\" content=\"summary_large_image\" \/>\n<meta name=\"twitter:label1\" content=\"Tempo di lettura stimato\" \/>\n\t<meta name=\"twitter:data1\" content=\"1 minuto\" \/>\n<script type=\"application\/ld+json\" class=\"yoast-schema-graph\">{\"@context\":\"https:\\\/\\\/schema.org\",\"@graph\":[{\"@type\":\"WebPage\",\"@id\":\"https:\\\/\\\/artnuances.com\\\/it\\\/artworks\\\/isola-10-giovanni-crisostomo\\\/\",\"url\":\"https:\\\/\\\/artnuances.com\\\/it\\\/artworks\\\/isola-10-giovanni-crisostomo\\\/\",\"name\":\"L'Isola 10 - Giovanni Crisostomo - Artnuances - Art gallery online\",\"isPartOf\":{\"@id\":\"https:\\\/\\\/artnuances.com\\\/it\\\/#website\"},\"primaryImageOfPage\":{\"@id\":\"https:\\\/\\\/artnuances.com\\\/it\\\/artworks\\\/isola-10-giovanni-crisostomo\\\/#primaryimage\"},\"image\":{\"@id\":\"https:\\\/\\\/artnuances.com\\\/it\\\/artworks\\\/isola-10-giovanni-crisostomo\\\/#primaryimage\"},\"thumbnailUrl\":\"https:\\\/\\\/artnuances.com\\\/wp-content\\\/uploads\\\/2020\\\/01\\\/collage-giovanni-crisistomo-isola-10.jpg\",\"datePublished\":\"2019-11-05T17:30:35+00:00\",\"dateModified\":\"2023-03-30T14:31:04+00:00\",\"description\":\"La nuova terra e nuove radici. La conquista di una nuova terra, radici mescolate a pezzi di una civilt\u00e0 che si \u00e8 lasciata in un luogo indefinito.\",\"breadcrumb\":{\"@id\":\"https:\\\/\\\/artnuances.com\\\/it\\\/artworks\\\/isola-10-giovanni-crisostomo\\\/#breadcrumb\"},\"inLanguage\":\"it-IT\",\"potentialAction\":[{\"@type\":\"ReadAction\",\"target\":[\"https:\\\/\\\/artnuances.com\\\/it\\\/artworks\\\/isola-10-giovanni-crisostomo\\\/\"]}]},{\"@type\":\"ImageObject\",\"inLanguage\":\"it-IT\",\"@id\":\"https:\\\/\\\/artnuances.com\\\/it\\\/artworks\\\/isola-10-giovanni-crisostomo\\\/#primaryimage\",\"url\":\"https:\\\/\\\/artnuances.com\\\/wp-content\\\/uploads\\\/2020\\\/01\\\/collage-giovanni-crisistomo-isola-10.jpg\",\"contentUrl\":\"https:\\\/\\\/artnuances.com\\\/wp-content\\\/uploads\\\/2020\\\/01\\\/collage-giovanni-crisistomo-isola-10.jpg\",\"width\":2000,\"height\":1504,\"caption\":\"isola 10 Crisostomo\"},{\"@type\":\"BreadcrumbList\",\"@id\":\"https:\\\/\\\/artnuances.com\\\/it\\\/artworks\\\/isola-10-giovanni-crisostomo\\\/#breadcrumb\",\"itemListElement\":[{\"@type\":\"ListItem\",\"position\":1,\"name\":\"Home\",\"item\":\"https:\\\/\\\/artnuances.com\\\/it\\\/\"},{\"@type\":\"ListItem\",\"position\":2,\"name\":\"Shop online\",\"item\":\"https:\\\/\\\/artnuances.com\\\/it\\\/shop-online-galleria-darte-artnuances\\\/\"},{\"@type\":\"ListItem\",\"position\":3,\"name\":\"L&#8217;Isola 10\"}]},{\"@type\":\"WebSite\",\"@id\":\"https:\\\/\\\/artnuances.com\\\/it\\\/#website\",\"url\":\"https:\\\/\\\/artnuances.com\\\/it\\\/\",\"name\":\"Artnuances - Art gallery online\",\"description\":\"Artnuances Gallery\",\"publisher\":{\"@id\":\"https:\\\/\\\/artnuances.com\\\/it\\\/#organization\"},\"potentialAction\":[{\"@type\":\"SearchAction\",\"target\":{\"@type\":\"EntryPoint\",\"urlTemplate\":\"https:\\\/\\\/artnuances.com\\\/it\\\/?s={search_term_string}\"},\"query-input\":{\"@type\":\"PropertyValueSpecification\",\"valueRequired\":true,\"valueName\":\"search_term_string\"}}],\"inLanguage\":\"it-IT\"},{\"@type\":\"Organization\",\"@id\":\"https:\\\/\\\/artnuances.com\\\/it\\\/#organization\",\"name\":\"Studio Artnuances LTD\",\"url\":\"https:\\\/\\\/artnuances.com\\\/it\\\/\",\"logo\":{\"@type\":\"ImageObject\",\"inLanguage\":\"it-IT\",\"@id\":\"https:\\\/\\\/artnuances.com\\\/it\\\/#\\\/schema\\\/logo\\\/image\\\/\",\"url\":\"https:\\\/\\\/artnuances.com\\\/wp-content\\\/uploads\\\/2019\\\/09\\\/artnuanse.png\",\"contentUrl\":\"https:\\\/\\\/artnuances.com\\\/wp-content\\\/uploads\\\/2019\\\/09\\\/artnuanse.png\",\"width\":622,\"height\":622,\"caption\":\"Studio Artnuances LTD\"},\"image\":{\"@id\":\"https:\\\/\\\/artnuances.com\\\/it\\\/#\\\/schema\\\/logo\\\/image\\\/\"},\"sameAs\":[\"https:\\\/\\\/www.facebook.com\\\/studioartnuances\\\/\",\"https:\\\/\\\/www.instagram.com\\\/studioartnuances\\\/\",\"https:\\\/\\\/www.youtube.com\\\/channel\\\/UCoU2Nb_B-2BOiDcO292sggg\"]}]}<\/script>\n<!-- \/ Yoast SEO plugin. -->","yoast_head_json":{"title":"L'Isola 10 - Giovanni Crisostomo - Artnuances - Art gallery online","description":"La nuova terra e nuove radici. La conquista di una nuova terra, radici mescolate a pezzi di una civilt\u00e0 che si \u00e8 lasciata in un luogo indefinito.","robots":{"index":"index","follow":"follow","max-snippet":"max-snippet:-1","max-image-preview":"max-image-preview:large","max-video-preview":"max-video-preview:-1"},"canonical":"https:\/\/artnuances.com\/it\/artworks\/isola-10-giovanni-crisostomo\/","og_locale":"it_IT","og_type":"article","og_title":"L'Isola 10 - Giovanni Crisostomo - Artnuances - Art gallery online","og_description":"La nuova terra e nuove radici. La conquista di una nuova terra, radici mescolate a pezzi di una civilt\u00e0 che si \u00e8 lasciata in un luogo indefinito.","og_url":"https:\/\/artnuances.com\/it\/artworks\/isola-10-giovanni-crisostomo\/","og_site_name":"Artnuances - Art gallery online","article_publisher":"https:\/\/www.facebook.com\/studioartnuances\/","article_modified_time":"2023-03-30T14:31:04+00:00","og_image":[{"width":2000,"height":1504,"url":"https:\/\/artnuances.com\/wp-content\/uploads\/2020\/01\/collage-giovanni-crisistomo-isola-10.jpg","type":"image\/jpeg"}],"twitter_card":"summary_large_image","twitter_misc":{"Tempo di lettura stimato":"1 minuto"},"schema":{"@context":"https:\/\/schema.org","@graph":[{"@type":"WebPage","@id":"https:\/\/artnuances.com\/it\/artworks\/isola-10-giovanni-crisostomo\/","url":"https:\/\/artnuances.com\/it\/artworks\/isola-10-giovanni-crisostomo\/","name":"L'Isola 10 - Giovanni Crisostomo - Artnuances - Art gallery online","isPartOf":{"@id":"https:\/\/artnuances.com\/it\/#website"},"primaryImageOfPage":{"@id":"https:\/\/artnuances.com\/it\/artworks\/isola-10-giovanni-crisostomo\/#primaryimage"},"image":{"@id":"https:\/\/artnuances.com\/it\/artworks\/isola-10-giovanni-crisostomo\/#primaryimage"},"thumbnailUrl":"https:\/\/artnuances.com\/wp-content\/uploads\/2020\/01\/collage-giovanni-crisistomo-isola-10.jpg","datePublished":"2019-11-05T17:30:35+00:00","dateModified":"2023-03-30T14:31:04+00:00","description":"La nuova terra e nuove radici. La conquista di una nuova terra, radici mescolate a pezzi di una civilt\u00e0 che si \u00e8 lasciata in un luogo indefinito.","breadcrumb":{"@id":"https:\/\/artnuances.com\/it\/artworks\/isola-10-giovanni-crisostomo\/#breadcrumb"},"inLanguage":"it-IT","potentialAction":[{"@type":"ReadAction","target":["https:\/\/artnuances.com\/it\/artworks\/isola-10-giovanni-crisostomo\/"]}]},{"@type":"ImageObject","inLanguage":"it-IT","@id":"https:\/\/artnuances.com\/it\/artworks\/isola-10-giovanni-crisostomo\/#primaryimage","url":"https:\/\/artnuances.com\/wp-content\/uploads\/2020\/01\/collage-giovanni-crisistomo-isola-10.jpg","contentUrl":"https:\/\/artnuances.com\/wp-content\/uploads\/2020\/01\/collage-giovanni-crisistomo-isola-10.jpg","width":2000,"height":1504,"caption":"isola 10 Crisostomo"},{"@type":"BreadcrumbList","@id":"https:\/\/artnuances.com\/it\/artworks\/isola-10-giovanni-crisostomo\/#breadcrumb","itemListElement":[{"@type":"ListItem","position":1,"name":"Home","item":"https:\/\/artnuances.com\/it\/"},{"@type":"ListItem","position":2,"name":"Shop online","item":"https:\/\/artnuances.com\/it\/shop-online-galleria-darte-artnuances\/"},{"@type":"ListItem","position":3,"name":"L&#8217;Isola 10"}]},{"@type":"WebSite","@id":"https:\/\/artnuances.com\/it\/#website","url":"https:\/\/artnuances.com\/it\/","name":"Artnuances - Art gallery online","description":"Artnuances Gallery","publisher":{"@id":"https:\/\/artnuances.com\/it\/#organization"},"potentialAction":[{"@type":"SearchAction","target":{"@type":"EntryPoint","urlTemplate":"https:\/\/artnuances.com\/it\/?s={search_term_string}"},"query-input":{"@type":"PropertyValueSpecification","valueRequired":true,"valueName":"search_term_string"}}],"inLanguage":"it-IT"},{"@type":"Organization","@id":"https:\/\/artnuances.com\/it\/#organization","name":"Studio Artnuances LTD","url":"https:\/\/artnuances.com\/it\/","logo":{"@type":"ImageObject","inLanguage":"it-IT","@id":"https:\/\/artnuances.com\/it\/#\/schema\/logo\/image\/","url":"https:\/\/artnuances.com\/wp-content\/uploads\/2019\/09\/artnuanse.png","contentUrl":"https:\/\/artnuances.com\/wp-content\/uploads\/2019\/09\/artnuanse.png","width":622,"height":622,"caption":"Studio Artnuances LTD"},"image":{"@id":"https:\/\/artnuances.com\/it\/#\/schema\/logo\/image\/"},"sameAs":["https:\/\/www.facebook.com\/studioartnuances\/","https:\/\/www.instagram.com\/studioartnuances\/","https:\/\/www.youtube.com\/channel\/UCoU2Nb_B-2BOiDcO292sggg"]}]}},"_links":{"self":[{"href":"https:\/\/artnuances.com\/it\/wp-json\/wp\/v2\/product\/28897","targetHints":{"allow":["GET"]}}],"collection":[{"href":"https:\/\/artnuances.com\/it\/wp-json\/wp\/v2\/product"}],"about":[{"href":"https:\/\/artnuances.com\/it\/wp-json\/wp\/v2\/types\/product"}],"replies":[{"embeddable":true,"href":"https:\/\/artnuances.com\/it\/wp-json\/wp\/v2\/comments?post=28897"}],"wp:featuredmedia":[{"embeddable":true,"href":"https:\/\/artnuances.com\/it\/wp-json\/wp\/v2\/media\/25788"}],"wp:attachment":[{"href":"https:\/\/artnuances.com\/it\/wp-json\/wp\/v2\/media?parent=28897"}],"wp:term":[{"taxonomy":"product_brand","embeddable":true,"href":"https:\/\/artnuances.com\/it\/wp-json\/wp\/v2\/product_brand?post=28897"},{"taxonomy":"product_cat","embeddable":true,"href":"https:\/\/artnuances.com\/it\/wp-json\/wp\/v2\/product_cat?post=28897"},{"taxonomy":"product_tag","embeddable":true,"href":"https:\/\/artnuances.com\/it\/wp-json\/wp\/v2\/product_tag?post=28897"}],"curies":[{"name":"wp","href":"https:\/\/api.w.org\/{rel}","templated":true}]}}