{"id":28889,"date":"2019-11-08T13:01:47","date_gmt":"2019-11-08T13:01:47","guid":{"rendered":"https:\/\/www.artnuances-com-717041.hostingersite.com\/artworks\/senza-categoria\/capriccio-italiano-5-fausto-maria-franchi\/"},"modified":"2023-04-05T13:34:23","modified_gmt":"2023-04-05T13:34:23","slug":"capriccio-italiano-5-fausto-maria-franchi","status":"publish","type":"product","link":"https:\/\/artnuances.com\/it\/artworks\/capriccio-italiano-5-fausto-maria-franchi\/","title":{"rendered":"Capriccio italiano 6"},"content":{"rendered":"<section class=\"l-section wpb_row height_large\"><div class=\"l-section-h i-cf\"><div class=\"g-cols vc_row via_flex valign_top type_default stacking_default\"><div class=\"vc_col-sm-12 wpb_column vc_column_container\"><div class=\"vc_column-inner\"><div class=\"wpb_wrapper\"><div class=\"w-video align_none ratio_16x9 has_iframe\"><div class=\"w-video-h\"><iframe title=\"Youtube video player\" src=\"\/\/www.youtube.com\/embed\/uiukIzdzQqs?autoplay=0&controls=1&origin=https:\/\/artnuances.com\/it\/&loop=0&mute=0\" allowfullscreen=\"1\" loading=\"lazy\"><\/iframe><\/div><\/div><\/div><\/div><\/div><\/div><\/div><\/section><section class=\"l-section wpb_row height_large\"><div class=\"l-section-h i-cf\"><div class=\"g-cols vc_row via_flex valign_top type_default stacking_default\"><div class=\"vc_col-sm-12 wpb_column vc_column_container\"><div class=\"vc_column-inner\"><div class=\"wpb_wrapper\"><div class=\"wpb_text_column\"><div class=\"wpb_wrapper\"><h1><em><strong>Capriccio Italiano no. 6, <\/strong><\/em><strong>\u00e8 un lavoro della serie Capricci Italiani di <\/strong><strong><a href=\"https:\/\/artnuances.com\/it\/authors\/fausto-maria-franchi\/\">Fausto Maria Franchi<\/a><\/strong><\/h1>\n<h3>Il termine &#8220;Capriccio&#8221; nella lingua italiana in riferimento alle arti figurative, significa &#8220;composizione, espediente, modo di esecuzione insolito, fantasioso, bizzarro&#8221;. In questa serie l&#8217;artista Franchi ha scelto di dare sfogo alla sua fantasia proponendo un misto di figure e colori nei suoi Capricci italiani, lasciando allo spettatore il compito di dare una propria interpretazione. Non ha dato un titolo preciso, ma ha giocato sul ruolo che pu\u00f2 assumere il colore ponendosi ora su una forma ora su un&#8217;altra. Possiamo intravedere draghi o persone, oggetti tra le pi\u00f9 svariate o scene intere. Spesso \u00e8 solo un gioco di cromatismi sgargianti che attirano l&#8217;occhio e attivano il cervello. Non \u00e8 casualit\u00e0, che potrebbe essere intesa come superficialit\u00e0, tutt&#8217;altro, \u00e8 spirito di evoluzione grafica. Franchi segue le orme dei grandi maestri che hanno caratterizzato il Novecento con le loro opere. La distorsione dell&#8217;ovvio o l&#8217;estremizzazione dell&#8217;oggetto nella sua immagine classica. C&#8217;\u00e8 chi ha subito la combustione, i tagli o l&#8217;estrema geometrizzazione delle figure e chi, come Franchi, gioca su colori e forme stravaganti, ovvero il suo Capriccio<\/h3>\n<\/div><\/div><\/div><\/div><\/div><\/div><\/div><\/section>\n","protected":false},"excerpt":{"rendered":"<p><strong>Artist:<\/strong> Fausto Maria Franchi <em>(Italy)<\/em><br \/>\n<strong>Title:<\/strong> Capriccio italiano 6<br \/>\n<strong>Date:<\/strong> 2018<br \/>\n<strong>Medium:<\/strong> oil on canvas, with cloth insertion<br \/>\n<strong>Dimensions:<\/strong> 60H x 90B<\/p>\n","protected":false},"featured_media":24562,"comment_status":"closed","ping_status":"closed","template":"","meta":{"_acf_changed":false},"product_brand":[141],"product_cat":[117,116],"product_tag":[],"class_list":{"0":"post-28889","1":"product","2":"type-product","3":"status-publish","4":"has-post-thumbnail","6":"product_brand-fausto-maria-franchi","7":"product_cat-astratto","8":"product_cat-dipinti","10":"first","11":"instock","12":"featured","13":"purchasable","14":"product-type-simple"},"acf":[],"yoast_head":"<!-- This site is optimized with the Yoast SEO plugin v27.3 - https:\/\/yoast.com\/product\/yoast-seo-wordpress\/ -->\n<title>Capriccio italiano 6 - Fausto Maria Franchi - Artnuances Gallery<\/title>\n<meta name=\"description\" content=\"Capricci italiani. Possiamo intravedere draghi o persone, oggetti tra le scene pi\u00f9 varie o intere.\" \/>\n<meta name=\"robots\" content=\"index, follow, max-snippet:-1, max-image-preview:large, max-video-preview:-1\" \/>\n<link rel=\"canonical\" href=\"https:\/\/artnuances.com\/it\/artworks\/capriccio-italiano-5-fausto-maria-franchi\/\" \/>\n<meta property=\"og:locale\" content=\"it_IT\" \/>\n<meta property=\"og:type\" content=\"article\" \/>\n<meta property=\"og:title\" content=\"Capriccio italiano 6 - Fausto Maria Franchi - Artnuances Gallery\" \/>\n<meta property=\"og:description\" content=\"Capricci italiani. Possiamo intravedere draghi o persone, oggetti tra le scene pi\u00f9 varie o intere.\" \/>\n<meta property=\"og:url\" content=\"https:\/\/artnuances.com\/it\/artworks\/capriccio-italiano-5-fausto-maria-franchi\/\" \/>\n<meta property=\"og:site_name\" content=\"Artnuances - Art gallery online\" \/>\n<meta property=\"article:publisher\" content=\"https:\/\/www.facebook.com\/studioartnuances\/\" \/>\n<meta property=\"article:modified_time\" content=\"2023-04-05T13:34:23+00:00\" \/>\n<meta property=\"og:image\" content=\"https:\/\/artnuances.com\/wp-content\/uploads\/2019\/11\/capriccio-italiano-6-fausto-maria-franchi.jpg\" \/>\n\t<meta property=\"og:image:width\" content=\"2010\" \/>\n\t<meta property=\"og:image:height\" content=\"1504\" \/>\n\t<meta property=\"og:image:type\" content=\"image\/jpeg\" \/>\n<meta name=\"twitter:card\" content=\"summary_large_image\" \/>\n<meta name=\"twitter:label1\" content=\"Tempo di lettura stimato\" \/>\n\t<meta name=\"twitter:data1\" content=\"1 minuto\" \/>\n<script type=\"application\/ld+json\" class=\"yoast-schema-graph\">{\"@context\":\"https:\\\/\\\/schema.org\",\"@graph\":[{\"@type\":\"WebPage\",\"@id\":\"https:\\\/\\\/artnuances.com\\\/it\\\/artworks\\\/capriccio-italiano-5-fausto-maria-franchi\\\/\",\"url\":\"https:\\\/\\\/artnuances.com\\\/it\\\/artworks\\\/capriccio-italiano-5-fausto-maria-franchi\\\/\",\"name\":\"Capriccio italiano 6 - Fausto Maria Franchi - Artnuances Gallery\",\"isPartOf\":{\"@id\":\"https:\\\/\\\/artnuances.com\\\/it\\\/#website\"},\"primaryImageOfPage\":{\"@id\":\"https:\\\/\\\/artnuances.com\\\/it\\\/artworks\\\/capriccio-italiano-5-fausto-maria-franchi\\\/#primaryimage\"},\"image\":{\"@id\":\"https:\\\/\\\/artnuances.com\\\/it\\\/artworks\\\/capriccio-italiano-5-fausto-maria-franchi\\\/#primaryimage\"},\"thumbnailUrl\":\"https:\\\/\\\/artnuances.com\\\/wp-content\\\/uploads\\\/2019\\\/11\\\/capriccio-italiano-6-fausto-maria-franchi.jpg\",\"datePublished\":\"2019-11-08T13:01:47+00:00\",\"dateModified\":\"2023-04-05T13:34:23+00:00\",\"description\":\"Capricci italiani. Possiamo intravedere draghi o persone, oggetti tra le scene pi\u00f9 varie o intere.\",\"breadcrumb\":{\"@id\":\"https:\\\/\\\/artnuances.com\\\/it\\\/artworks\\\/capriccio-italiano-5-fausto-maria-franchi\\\/#breadcrumb\"},\"inLanguage\":\"it-IT\",\"potentialAction\":[{\"@type\":\"ReadAction\",\"target\":[\"https:\\\/\\\/artnuances.com\\\/it\\\/artworks\\\/capriccio-italiano-5-fausto-maria-franchi\\\/\"]}]},{\"@type\":\"ImageObject\",\"inLanguage\":\"it-IT\",\"@id\":\"https:\\\/\\\/artnuances.com\\\/it\\\/artworks\\\/capriccio-italiano-5-fausto-maria-franchi\\\/#primaryimage\",\"url\":\"https:\\\/\\\/artnuances.com\\\/wp-content\\\/uploads\\\/2019\\\/11\\\/capriccio-italiano-6-fausto-maria-franchi.jpg\",\"contentUrl\":\"https:\\\/\\\/artnuances.com\\\/wp-content\\\/uploads\\\/2019\\\/11\\\/capriccio-italiano-6-fausto-maria-franchi.jpg\",\"width\":2010,\"height\":1504},{\"@type\":\"BreadcrumbList\",\"@id\":\"https:\\\/\\\/artnuances.com\\\/it\\\/artworks\\\/capriccio-italiano-5-fausto-maria-franchi\\\/#breadcrumb\",\"itemListElement\":[{\"@type\":\"ListItem\",\"position\":1,\"name\":\"Home\",\"item\":\"https:\\\/\\\/artnuances.com\\\/it\\\/\"},{\"@type\":\"ListItem\",\"position\":2,\"name\":\"Shop online\",\"item\":\"https:\\\/\\\/artnuances.com\\\/it\\\/shop-online-galleria-darte-artnuances\\\/\"},{\"@type\":\"ListItem\",\"position\":3,\"name\":\"Capriccio italiano 6\"}]},{\"@type\":\"WebSite\",\"@id\":\"https:\\\/\\\/artnuances.com\\\/it\\\/#website\",\"url\":\"https:\\\/\\\/artnuances.com\\\/it\\\/\",\"name\":\"Artnuances - Art gallery online\",\"description\":\"Artnuances Gallery\",\"publisher\":{\"@id\":\"https:\\\/\\\/artnuances.com\\\/it\\\/#organization\"},\"potentialAction\":[{\"@type\":\"SearchAction\",\"target\":{\"@type\":\"EntryPoint\",\"urlTemplate\":\"https:\\\/\\\/artnuances.com\\\/it\\\/?s={search_term_string}\"},\"query-input\":{\"@type\":\"PropertyValueSpecification\",\"valueRequired\":true,\"valueName\":\"search_term_string\"}}],\"inLanguage\":\"it-IT\"},{\"@type\":\"Organization\",\"@id\":\"https:\\\/\\\/artnuances.com\\\/it\\\/#organization\",\"name\":\"Studio Artnuances LTD\",\"url\":\"https:\\\/\\\/artnuances.com\\\/it\\\/\",\"logo\":{\"@type\":\"ImageObject\",\"inLanguage\":\"it-IT\",\"@id\":\"https:\\\/\\\/artnuances.com\\\/it\\\/#\\\/schema\\\/logo\\\/image\\\/\",\"url\":\"https:\\\/\\\/artnuances.com\\\/wp-content\\\/uploads\\\/2019\\\/09\\\/artnuanse.png\",\"contentUrl\":\"https:\\\/\\\/artnuances.com\\\/wp-content\\\/uploads\\\/2019\\\/09\\\/artnuanse.png\",\"width\":622,\"height\":622,\"caption\":\"Studio Artnuances LTD\"},\"image\":{\"@id\":\"https:\\\/\\\/artnuances.com\\\/it\\\/#\\\/schema\\\/logo\\\/image\\\/\"},\"sameAs\":[\"https:\\\/\\\/www.facebook.com\\\/studioartnuances\\\/\",\"https:\\\/\\\/www.instagram.com\\\/studioartnuances\\\/\",\"https:\\\/\\\/www.youtube.com\\\/channel\\\/UCoU2Nb_B-2BOiDcO292sggg\"]}]}<\/script>\n<!-- \/ Yoast SEO plugin. -->","yoast_head_json":{"title":"Capriccio italiano 6 - Fausto Maria Franchi - Artnuances Gallery","description":"Capricci italiani. Possiamo intravedere draghi o persone, oggetti tra le scene pi\u00f9 varie o intere.","robots":{"index":"index","follow":"follow","max-snippet":"max-snippet:-1","max-image-preview":"max-image-preview:large","max-video-preview":"max-video-preview:-1"},"canonical":"https:\/\/artnuances.com\/it\/artworks\/capriccio-italiano-5-fausto-maria-franchi\/","og_locale":"it_IT","og_type":"article","og_title":"Capriccio italiano 6 - Fausto Maria Franchi - Artnuances Gallery","og_description":"Capricci italiani. Possiamo intravedere draghi o persone, oggetti tra le scene pi\u00f9 varie o intere.","og_url":"https:\/\/artnuances.com\/it\/artworks\/capriccio-italiano-5-fausto-maria-franchi\/","og_site_name":"Artnuances - Art gallery online","article_publisher":"https:\/\/www.facebook.com\/studioartnuances\/","article_modified_time":"2023-04-05T13:34:23+00:00","og_image":[{"width":2010,"height":1504,"url":"https:\/\/artnuances.com\/wp-content\/uploads\/2019\/11\/capriccio-italiano-6-fausto-maria-franchi.jpg","type":"image\/jpeg"}],"twitter_card":"summary_large_image","twitter_misc":{"Tempo di lettura stimato":"1 minuto"},"schema":{"@context":"https:\/\/schema.org","@graph":[{"@type":"WebPage","@id":"https:\/\/artnuances.com\/it\/artworks\/capriccio-italiano-5-fausto-maria-franchi\/","url":"https:\/\/artnuances.com\/it\/artworks\/capriccio-italiano-5-fausto-maria-franchi\/","name":"Capriccio italiano 6 - Fausto Maria Franchi - Artnuances Gallery","isPartOf":{"@id":"https:\/\/artnuances.com\/it\/#website"},"primaryImageOfPage":{"@id":"https:\/\/artnuances.com\/it\/artworks\/capriccio-italiano-5-fausto-maria-franchi\/#primaryimage"},"image":{"@id":"https:\/\/artnuances.com\/it\/artworks\/capriccio-italiano-5-fausto-maria-franchi\/#primaryimage"},"thumbnailUrl":"https:\/\/artnuances.com\/wp-content\/uploads\/2019\/11\/capriccio-italiano-6-fausto-maria-franchi.jpg","datePublished":"2019-11-08T13:01:47+00:00","dateModified":"2023-04-05T13:34:23+00:00","description":"Capricci italiani. Possiamo intravedere draghi o persone, oggetti tra le scene pi\u00f9 varie o intere.","breadcrumb":{"@id":"https:\/\/artnuances.com\/it\/artworks\/capriccio-italiano-5-fausto-maria-franchi\/#breadcrumb"},"inLanguage":"it-IT","potentialAction":[{"@type":"ReadAction","target":["https:\/\/artnuances.com\/it\/artworks\/capriccio-italiano-5-fausto-maria-franchi\/"]}]},{"@type":"ImageObject","inLanguage":"it-IT","@id":"https:\/\/artnuances.com\/it\/artworks\/capriccio-italiano-5-fausto-maria-franchi\/#primaryimage","url":"https:\/\/artnuances.com\/wp-content\/uploads\/2019\/11\/capriccio-italiano-6-fausto-maria-franchi.jpg","contentUrl":"https:\/\/artnuances.com\/wp-content\/uploads\/2019\/11\/capriccio-italiano-6-fausto-maria-franchi.jpg","width":2010,"height":1504},{"@type":"BreadcrumbList","@id":"https:\/\/artnuances.com\/it\/artworks\/capriccio-italiano-5-fausto-maria-franchi\/#breadcrumb","itemListElement":[{"@type":"ListItem","position":1,"name":"Home","item":"https:\/\/artnuances.com\/it\/"},{"@type":"ListItem","position":2,"name":"Shop online","item":"https:\/\/artnuances.com\/it\/shop-online-galleria-darte-artnuances\/"},{"@type":"ListItem","position":3,"name":"Capriccio italiano 6"}]},{"@type":"WebSite","@id":"https:\/\/artnuances.com\/it\/#website","url":"https:\/\/artnuances.com\/it\/","name":"Artnuances - Art gallery online","description":"Artnuances Gallery","publisher":{"@id":"https:\/\/artnuances.com\/it\/#organization"},"potentialAction":[{"@type":"SearchAction","target":{"@type":"EntryPoint","urlTemplate":"https:\/\/artnuances.com\/it\/?s={search_term_string}"},"query-input":{"@type":"PropertyValueSpecification","valueRequired":true,"valueName":"search_term_string"}}],"inLanguage":"it-IT"},{"@type":"Organization","@id":"https:\/\/artnuances.com\/it\/#organization","name":"Studio Artnuances LTD","url":"https:\/\/artnuances.com\/it\/","logo":{"@type":"ImageObject","inLanguage":"it-IT","@id":"https:\/\/artnuances.com\/it\/#\/schema\/logo\/image\/","url":"https:\/\/artnuances.com\/wp-content\/uploads\/2019\/09\/artnuanse.png","contentUrl":"https:\/\/artnuances.com\/wp-content\/uploads\/2019\/09\/artnuanse.png","width":622,"height":622,"caption":"Studio Artnuances LTD"},"image":{"@id":"https:\/\/artnuances.com\/it\/#\/schema\/logo\/image\/"},"sameAs":["https:\/\/www.facebook.com\/studioartnuances\/","https:\/\/www.instagram.com\/studioartnuances\/","https:\/\/www.youtube.com\/channel\/UCoU2Nb_B-2BOiDcO292sggg"]}]}},"_links":{"self":[{"href":"https:\/\/artnuances.com\/it\/wp-json\/wp\/v2\/product\/28889","targetHints":{"allow":["GET"]}}],"collection":[{"href":"https:\/\/artnuances.com\/it\/wp-json\/wp\/v2\/product"}],"about":[{"href":"https:\/\/artnuances.com\/it\/wp-json\/wp\/v2\/types\/product"}],"replies":[{"embeddable":true,"href":"https:\/\/artnuances.com\/it\/wp-json\/wp\/v2\/comments?post=28889"}],"wp:featuredmedia":[{"embeddable":true,"href":"https:\/\/artnuances.com\/it\/wp-json\/wp\/v2\/media\/24562"}],"wp:attachment":[{"href":"https:\/\/artnuances.com\/it\/wp-json\/wp\/v2\/media?parent=28889"}],"wp:term":[{"taxonomy":"product_brand","embeddable":true,"href":"https:\/\/artnuances.com\/it\/wp-json\/wp\/v2\/product_brand?post=28889"},{"taxonomy":"product_cat","embeddable":true,"href":"https:\/\/artnuances.com\/it\/wp-json\/wp\/v2\/product_cat?post=28889"},{"taxonomy":"product_tag","embeddable":true,"href":"https:\/\/artnuances.com\/it\/wp-json\/wp\/v2\/product_tag?post=28889"}],"curies":[{"name":"wp","href":"https:\/\/api.w.org\/{rel}","templated":true}]}}