{"id":28888,"date":"2019-11-08T13:04:22","date_gmt":"2019-11-08T13:04:22","guid":{"rendered":"https:\/\/www.artnuances-com-717041.hostingersite.com\/artworks\/senza-categoria\/capriccio-italiano-6-fausto-maria-franchi\/"},"modified":"2023-04-05T10:21:25","modified_gmt":"2023-04-05T10:21:25","slug":"capriccio-italiano-6-fausto-maria-franchi","status":"publish","type":"product","link":"https:\/\/artnuances.com\/it\/artworks\/capriccio-italiano-6-fausto-maria-franchi\/","title":{"rendered":"Capriccio italiano 4"},"content":{"rendered":"<section class=\"l-section wpb_row height_large\"><div class=\"l-section-h i-cf\"><div class=\"g-cols vc_row via_flex valign_top type_default stacking_default\"><div class=\"vc_col-sm-12 wpb_column vc_column_container\"><div class=\"vc_column-inner\"><div class=\"wpb_wrapper\"><div class=\"w-video align_none ratio_16x9 has_iframe\"><div class=\"w-video-h\"><iframe title=\"Youtube video player\" src=\"\/\/www.youtube.com\/embed\/uiukIzdzQqs?autoplay=0&controls=1&origin=https:\/\/artnuances.com\/it\/&loop=0&mute=0\" allowfullscreen=\"1\" loading=\"lazy\"><\/iframe><\/div><\/div><\/div><\/div><\/div><\/div><\/div><\/section><section class=\"l-section wpb_row height_large\"><div class=\"l-section-h i-cf\"><div class=\"g-cols vc_row via_flex valign_top type_default stacking_default\"><div class=\"vc_col-sm-12 wpb_column vc_column_container\"><div class=\"vc_column-inner\"><div class=\"wpb_wrapper\"><div class=\"wpb_text_column\"><div class=\"wpb_wrapper\"><h1><em><strong>Capriccio Italiano 4 \u00e8 un lavoro della serie Capricci italiani di <a href=\"https:\/\/artnuances.com\/it\/authors\/fausto-maria-franchi\/\">Fausto Maria Franchi<\/a><\/strong><\/em><\/h1>\n<h3>Capriccio Italiano. Il termine &#8220;Capriccio&#8221; nella lingua italiana in riferimento alle arti figurative, significa &#8220;composizione insolita, fantasiosa, bizzarra, espediente, modo di esecuzione&#8221;. In questa serie, l&#8217;artista Franchi ha scelto di utilizzare la sua immaginazione giocosa proponendo una miscela di figure e colori nei suoi Capricci. Lascia che sia lo spettatore a dare l&#8217;interpretazione. Possiamo intravedere draghi o persone o vari oggetti. Spesso \u00e8 solo un gioco di colori, i cui colori accesi attirano lo sguardo e attivano il cervello. Nulla \u00e8 casuale, tutt&#8217;altro, \u00e8 lo spirito dell&#8217;evoluzione grafica. Franchi segue le orme dei grandi maestri che hanno caratterizzato il Novecento con le loro opere. La distorsione dell&#8217;ovvio o degli estremi dell&#8217;oggetto nella sua immagine classica. C&#8217;\u00e8 chi \u00e8 passato attraverso la combustione, il taglio, o la geometrizzazione estrema delle figure e chi, come Franchi, gioca con colori e forme stravaganti.<\/h3>\n<h3>The term &#8220;Capriccio&#8221; in the Italian language in reference to the figurative arts, means &#8220;composition, gimmick, unusual, imaginative, bizarre way of execution&#8221;. In this series, the artist Franchi has chosen to give vent to his imagination by proposing a mixture of figures and colors in his Italian Capricci, leaving the viewer with the task of giving his own interpretation. He did not give a specific title, but he played on the role that color can assume by placing itself now on one shape and now on another. We can glimpse dragons or people, objects among the most varied or entire scenes. Often it is just a play of brightly colored chromatisms that attract the eye and activate the brain. It is not randomness, which could be understood as superficiality, far from it, it is the spirit of graphic evolution. Franchi follows in the footsteps of the great masters who characterized the twentieth century with their works. The distortion of the obvious or the extremeization of the object in its classic image. There are those who have gone through combustion, cuts or the extreme geometrization of the figures and those who, like Franchi, play on extravagant colors and shapes, namely his Capriccio<\/h3>\n<\/div><\/div><\/div><\/div><\/div><\/div><\/div><\/section>\n","protected":false},"excerpt":{"rendered":"<p><strong>Artist:<\/strong> Fausto Maria Franchi <em>(Italy)<\/em><br \/>\n<strong>Title:<\/strong> Capriccio italiano 4<br \/>\n<strong>Date:<\/strong> 2016<br \/>\n<strong>Medium:<\/strong> oil on canvas<br \/>\n<strong>Dimensions:<\/strong> 50H x 70B<\/p>\n","protected":false},"featured_media":24564,"comment_status":"closed","ping_status":"closed","template":"","meta":{"_acf_changed":false},"product_brand":[141],"product_cat":[117,116],"product_tag":[],"class_list":{"0":"post-28888","1":"product","2":"type-product","3":"status-publish","4":"has-post-thumbnail","6":"product_brand-fausto-maria-franchi","7":"product_cat-astratto","8":"product_cat-dipinti","10":"first","11":"instock","12":"featured","13":"purchasable","14":"product-type-simple"},"acf":[],"yoast_head":"<!-- This site is optimized with the Yoast SEO plugin v27.3 - https:\/\/yoast.com\/product\/yoast-seo-wordpress\/ -->\n<title>Capriccio italiano 4 - Fausto Maria Franchi - Artnuances Gallery<\/title>\n<meta name=\"description\" content=\". Non ha dato un titolo specifico, ma ha giocato sul ruolo che il colore pu\u00f2 assumere collocandosi ora su una forma ed ora su un\u2019altra\" \/>\n<meta name=\"robots\" content=\"index, follow, max-snippet:-1, max-image-preview:large, max-video-preview:-1\" \/>\n<link rel=\"canonical\" href=\"https:\/\/artnuances.com\/it\/artworks\/capriccio-italiano-6-fausto-maria-franchi\/\" \/>\n<meta property=\"og:locale\" content=\"it_IT\" \/>\n<meta property=\"og:type\" content=\"article\" \/>\n<meta property=\"og:title\" content=\"Capriccio italiano 4 - Fausto Maria Franchi - Artnuances Gallery\" \/>\n<meta property=\"og:description\" content=\". Non ha dato un titolo specifico, ma ha giocato sul ruolo che il colore pu\u00f2 assumere collocandosi ora su una forma ed ora su un\u2019altra\" \/>\n<meta property=\"og:url\" content=\"https:\/\/artnuances.com\/it\/artworks\/capriccio-italiano-6-fausto-maria-franchi\/\" \/>\n<meta property=\"og:site_name\" content=\"Artnuances - Art gallery online\" \/>\n<meta property=\"article:publisher\" content=\"https:\/\/www.facebook.com\/studioartnuances\/\" \/>\n<meta property=\"article:modified_time\" content=\"2023-04-05T10:21:25+00:00\" \/>\n<meta property=\"og:image\" content=\"https:\/\/artnuances.com\/wp-content\/uploads\/2019\/11\/capriccio-italiano-7-fausto-maria-franchi.jpg\" \/>\n\t<meta property=\"og:image:width\" content=\"2010\" \/>\n\t<meta property=\"og:image:height\" content=\"1439\" \/>\n\t<meta property=\"og:image:type\" content=\"image\/jpeg\" \/>\n<meta name=\"twitter:card\" content=\"summary_large_image\" \/>\n<meta name=\"twitter:label1\" content=\"Tempo di lettura stimato\" \/>\n\t<meta name=\"twitter:data1\" content=\"2 minuti\" \/>\n<script type=\"application\/ld+json\" class=\"yoast-schema-graph\">{\"@context\":\"https:\\\/\\\/schema.org\",\"@graph\":[{\"@type\":\"WebPage\",\"@id\":\"https:\\\/\\\/artnuances.com\\\/it\\\/artworks\\\/capriccio-italiano-6-fausto-maria-franchi\\\/\",\"url\":\"https:\\\/\\\/artnuances.com\\\/it\\\/artworks\\\/capriccio-italiano-6-fausto-maria-franchi\\\/\",\"name\":\"Capriccio italiano 4 - Fausto Maria Franchi - Artnuances Gallery\",\"isPartOf\":{\"@id\":\"https:\\\/\\\/artnuances.com\\\/it\\\/#website\"},\"primaryImageOfPage\":{\"@id\":\"https:\\\/\\\/artnuances.com\\\/it\\\/artworks\\\/capriccio-italiano-6-fausto-maria-franchi\\\/#primaryimage\"},\"image\":{\"@id\":\"https:\\\/\\\/artnuances.com\\\/it\\\/artworks\\\/capriccio-italiano-6-fausto-maria-franchi\\\/#primaryimage\"},\"thumbnailUrl\":\"https:\\\/\\\/artnuances.com\\\/wp-content\\\/uploads\\\/2019\\\/11\\\/capriccio-italiano-7-fausto-maria-franchi.jpg\",\"datePublished\":\"2019-11-08T13:04:22+00:00\",\"dateModified\":\"2023-04-05T10:21:25+00:00\",\"description\":\". Non ha dato un titolo specifico, ma ha giocato sul ruolo che il colore pu\u00f2 assumere collocandosi ora su una forma ed ora su un\u2019altra\",\"breadcrumb\":{\"@id\":\"https:\\\/\\\/artnuances.com\\\/it\\\/artworks\\\/capriccio-italiano-6-fausto-maria-franchi\\\/#breadcrumb\"},\"inLanguage\":\"it-IT\",\"potentialAction\":[{\"@type\":\"ReadAction\",\"target\":[\"https:\\\/\\\/artnuances.com\\\/it\\\/artworks\\\/capriccio-italiano-6-fausto-maria-franchi\\\/\"]}]},{\"@type\":\"ImageObject\",\"inLanguage\":\"it-IT\",\"@id\":\"https:\\\/\\\/artnuances.com\\\/it\\\/artworks\\\/capriccio-italiano-6-fausto-maria-franchi\\\/#primaryimage\",\"url\":\"https:\\\/\\\/artnuances.com\\\/wp-content\\\/uploads\\\/2019\\\/11\\\/capriccio-italiano-7-fausto-maria-franchi.jpg\",\"contentUrl\":\"https:\\\/\\\/artnuances.com\\\/wp-content\\\/uploads\\\/2019\\\/11\\\/capriccio-italiano-7-fausto-maria-franchi.jpg\",\"width\":2010,\"height\":1439},{\"@type\":\"BreadcrumbList\",\"@id\":\"https:\\\/\\\/artnuances.com\\\/it\\\/artworks\\\/capriccio-italiano-6-fausto-maria-franchi\\\/#breadcrumb\",\"itemListElement\":[{\"@type\":\"ListItem\",\"position\":1,\"name\":\"Home\",\"item\":\"https:\\\/\\\/artnuances.com\\\/it\\\/\"},{\"@type\":\"ListItem\",\"position\":2,\"name\":\"Shop online\",\"item\":\"https:\\\/\\\/artnuances.com\\\/it\\\/shop-online-galleria-darte-artnuances\\\/\"},{\"@type\":\"ListItem\",\"position\":3,\"name\":\"Capriccio italiano 4\"}]},{\"@type\":\"WebSite\",\"@id\":\"https:\\\/\\\/artnuances.com\\\/it\\\/#website\",\"url\":\"https:\\\/\\\/artnuances.com\\\/it\\\/\",\"name\":\"Artnuances - Art gallery online\",\"description\":\"Artnuances Gallery\",\"publisher\":{\"@id\":\"https:\\\/\\\/artnuances.com\\\/it\\\/#organization\"},\"potentialAction\":[{\"@type\":\"SearchAction\",\"target\":{\"@type\":\"EntryPoint\",\"urlTemplate\":\"https:\\\/\\\/artnuances.com\\\/it\\\/?s={search_term_string}\"},\"query-input\":{\"@type\":\"PropertyValueSpecification\",\"valueRequired\":true,\"valueName\":\"search_term_string\"}}],\"inLanguage\":\"it-IT\"},{\"@type\":\"Organization\",\"@id\":\"https:\\\/\\\/artnuances.com\\\/it\\\/#organization\",\"name\":\"Studio Artnuances LTD\",\"url\":\"https:\\\/\\\/artnuances.com\\\/it\\\/\",\"logo\":{\"@type\":\"ImageObject\",\"inLanguage\":\"it-IT\",\"@id\":\"https:\\\/\\\/artnuances.com\\\/it\\\/#\\\/schema\\\/logo\\\/image\\\/\",\"url\":\"https:\\\/\\\/artnuances.com\\\/wp-content\\\/uploads\\\/2019\\\/09\\\/artnuanse.png\",\"contentUrl\":\"https:\\\/\\\/artnuances.com\\\/wp-content\\\/uploads\\\/2019\\\/09\\\/artnuanse.png\",\"width\":622,\"height\":622,\"caption\":\"Studio Artnuances LTD\"},\"image\":{\"@id\":\"https:\\\/\\\/artnuances.com\\\/it\\\/#\\\/schema\\\/logo\\\/image\\\/\"},\"sameAs\":[\"https:\\\/\\\/www.facebook.com\\\/studioartnuances\\\/\",\"https:\\\/\\\/www.instagram.com\\\/studioartnuances\\\/\",\"https:\\\/\\\/www.youtube.com\\\/channel\\\/UCoU2Nb_B-2BOiDcO292sggg\"]}]}<\/script>\n<!-- \/ Yoast SEO plugin. -->","yoast_head_json":{"title":"Capriccio italiano 4 - Fausto Maria Franchi - Artnuances Gallery","description":". Non ha dato un titolo specifico, ma ha giocato sul ruolo che il colore pu\u00f2 assumere collocandosi ora su una forma ed ora su un\u2019altra","robots":{"index":"index","follow":"follow","max-snippet":"max-snippet:-1","max-image-preview":"max-image-preview:large","max-video-preview":"max-video-preview:-1"},"canonical":"https:\/\/artnuances.com\/it\/artworks\/capriccio-italiano-6-fausto-maria-franchi\/","og_locale":"it_IT","og_type":"article","og_title":"Capriccio italiano 4 - Fausto Maria Franchi - Artnuances Gallery","og_description":". Non ha dato un titolo specifico, ma ha giocato sul ruolo che il colore pu\u00f2 assumere collocandosi ora su una forma ed ora su un\u2019altra","og_url":"https:\/\/artnuances.com\/it\/artworks\/capriccio-italiano-6-fausto-maria-franchi\/","og_site_name":"Artnuances - Art gallery online","article_publisher":"https:\/\/www.facebook.com\/studioartnuances\/","article_modified_time":"2023-04-05T10:21:25+00:00","og_image":[{"width":2010,"height":1439,"url":"https:\/\/artnuances.com\/wp-content\/uploads\/2019\/11\/capriccio-italiano-7-fausto-maria-franchi.jpg","type":"image\/jpeg"}],"twitter_card":"summary_large_image","twitter_misc":{"Tempo di lettura stimato":"2 minuti"},"schema":{"@context":"https:\/\/schema.org","@graph":[{"@type":"WebPage","@id":"https:\/\/artnuances.com\/it\/artworks\/capriccio-italiano-6-fausto-maria-franchi\/","url":"https:\/\/artnuances.com\/it\/artworks\/capriccio-italiano-6-fausto-maria-franchi\/","name":"Capriccio italiano 4 - Fausto Maria Franchi - Artnuances Gallery","isPartOf":{"@id":"https:\/\/artnuances.com\/it\/#website"},"primaryImageOfPage":{"@id":"https:\/\/artnuances.com\/it\/artworks\/capriccio-italiano-6-fausto-maria-franchi\/#primaryimage"},"image":{"@id":"https:\/\/artnuances.com\/it\/artworks\/capriccio-italiano-6-fausto-maria-franchi\/#primaryimage"},"thumbnailUrl":"https:\/\/artnuances.com\/wp-content\/uploads\/2019\/11\/capriccio-italiano-7-fausto-maria-franchi.jpg","datePublished":"2019-11-08T13:04:22+00:00","dateModified":"2023-04-05T10:21:25+00:00","description":". Non ha dato un titolo specifico, ma ha giocato sul ruolo che il colore pu\u00f2 assumere collocandosi ora su una forma ed ora su un\u2019altra","breadcrumb":{"@id":"https:\/\/artnuances.com\/it\/artworks\/capriccio-italiano-6-fausto-maria-franchi\/#breadcrumb"},"inLanguage":"it-IT","potentialAction":[{"@type":"ReadAction","target":["https:\/\/artnuances.com\/it\/artworks\/capriccio-italiano-6-fausto-maria-franchi\/"]}]},{"@type":"ImageObject","inLanguage":"it-IT","@id":"https:\/\/artnuances.com\/it\/artworks\/capriccio-italiano-6-fausto-maria-franchi\/#primaryimage","url":"https:\/\/artnuances.com\/wp-content\/uploads\/2019\/11\/capriccio-italiano-7-fausto-maria-franchi.jpg","contentUrl":"https:\/\/artnuances.com\/wp-content\/uploads\/2019\/11\/capriccio-italiano-7-fausto-maria-franchi.jpg","width":2010,"height":1439},{"@type":"BreadcrumbList","@id":"https:\/\/artnuances.com\/it\/artworks\/capriccio-italiano-6-fausto-maria-franchi\/#breadcrumb","itemListElement":[{"@type":"ListItem","position":1,"name":"Home","item":"https:\/\/artnuances.com\/it\/"},{"@type":"ListItem","position":2,"name":"Shop online","item":"https:\/\/artnuances.com\/it\/shop-online-galleria-darte-artnuances\/"},{"@type":"ListItem","position":3,"name":"Capriccio italiano 4"}]},{"@type":"WebSite","@id":"https:\/\/artnuances.com\/it\/#website","url":"https:\/\/artnuances.com\/it\/","name":"Artnuances - Art gallery online","description":"Artnuances Gallery","publisher":{"@id":"https:\/\/artnuances.com\/it\/#organization"},"potentialAction":[{"@type":"SearchAction","target":{"@type":"EntryPoint","urlTemplate":"https:\/\/artnuances.com\/it\/?s={search_term_string}"},"query-input":{"@type":"PropertyValueSpecification","valueRequired":true,"valueName":"search_term_string"}}],"inLanguage":"it-IT"},{"@type":"Organization","@id":"https:\/\/artnuances.com\/it\/#organization","name":"Studio Artnuances LTD","url":"https:\/\/artnuances.com\/it\/","logo":{"@type":"ImageObject","inLanguage":"it-IT","@id":"https:\/\/artnuances.com\/it\/#\/schema\/logo\/image\/","url":"https:\/\/artnuances.com\/wp-content\/uploads\/2019\/09\/artnuanse.png","contentUrl":"https:\/\/artnuances.com\/wp-content\/uploads\/2019\/09\/artnuanse.png","width":622,"height":622,"caption":"Studio Artnuances LTD"},"image":{"@id":"https:\/\/artnuances.com\/it\/#\/schema\/logo\/image\/"},"sameAs":["https:\/\/www.facebook.com\/studioartnuances\/","https:\/\/www.instagram.com\/studioartnuances\/","https:\/\/www.youtube.com\/channel\/UCoU2Nb_B-2BOiDcO292sggg"]}]}},"_links":{"self":[{"href":"https:\/\/artnuances.com\/it\/wp-json\/wp\/v2\/product\/28888","targetHints":{"allow":["GET"]}}],"collection":[{"href":"https:\/\/artnuances.com\/it\/wp-json\/wp\/v2\/product"}],"about":[{"href":"https:\/\/artnuances.com\/it\/wp-json\/wp\/v2\/types\/product"}],"replies":[{"embeddable":true,"href":"https:\/\/artnuances.com\/it\/wp-json\/wp\/v2\/comments?post=28888"}],"wp:featuredmedia":[{"embeddable":true,"href":"https:\/\/artnuances.com\/it\/wp-json\/wp\/v2\/media\/24564"}],"wp:attachment":[{"href":"https:\/\/artnuances.com\/it\/wp-json\/wp\/v2\/media?parent=28888"}],"wp:term":[{"taxonomy":"product_brand","embeddable":true,"href":"https:\/\/artnuances.com\/it\/wp-json\/wp\/v2\/product_brand?post=28888"},{"taxonomy":"product_cat","embeddable":true,"href":"https:\/\/artnuances.com\/it\/wp-json\/wp\/v2\/product_cat?post=28888"},{"taxonomy":"product_tag","embeddable":true,"href":"https:\/\/artnuances.com\/it\/wp-json\/wp\/v2\/product_tag?post=28888"}],"curies":[{"name":"wp","href":"https:\/\/api.w.org\/{rel}","templated":true}]}}