{"id":28841,"date":"2019-11-18T18:35:00","date_gmt":"2019-11-18T18:35:00","guid":{"rendered":"https:\/\/www.artnuances-com-717041.hostingersite.com\/artworks\/senza-categoria\/tuscany-autumn-zhezmer-tatiana\/"},"modified":"2023-04-28T09:46:49","modified_gmt":"2023-04-28T09:46:49","slug":"tuscany-autumn-zhezmer-tatiana","status":"publish","type":"product","link":"https:\/\/artnuances.com\/it\/artworks\/tuscany-autumn-zhezmer-tatiana\/","title":{"rendered":"Tuscany Autumn"},"content":{"rendered":"<section class=\"l-section wpb_row height_large\"><div class=\"l-section-h i-cf\"><div class=\"g-cols vc_row via_flex valign_top type_default stacking_default\"><div class=\"vc_col-sm-12 wpb_column vc_column_container\"><div class=\"vc_column-inner\"><div class=\"wpb_wrapper\"><div class=\"wpb_text_column\"><div class=\"wpb_wrapper\"><h1><em><strong>Tuscany Autumn, <\/strong><\/em><strong>\u00e8 un lavoro di <\/strong><strong><a href=\"https:\/\/artnuances.com\/it\/authors\/tatiana-zhezmer-it\/\">Tatiana Zhezmer<\/a>.<\/strong><\/h1>\n<h3>I colori caldi dell&#8217;autunno. I colori caldi dell&#8217;autunno, i rossi che si accumulano l&#8217;uno sull&#8217;altro per creare una fantastica tavolozza di sfumature, mentre il verde sembra scivolare via, avendo concluso il suo ciclo stagionale. Questo \u00e8 un classico panorama toscano, sulle creste delle colline alberi che con i loro profili rompono il confine tra cielo e terra. Un dipinto che sa trasmettere esattamente le sensazioni che Madre Natura ci offre ogni anno, ma che pochi hanno la fortuna di poter assaporare nella sua magnificenza. La capacit\u00e0 di questo artista \u00e8 quella di riuscire a trasferire allo spettatore la sinuosit\u00e0 delle colline che caratterizzano gran parte del paesaggio interno toscano, riportando ora campi coltivati o incolti o semplicemente allo stato brado.<\/h3>\n<\/div><\/div><\/div><\/div><\/div><\/div><\/div><\/section>\n","protected":false},"excerpt":{"rendered":"<p><strong>Artist:<\/strong> Tatiana Zhezmer <em>(Russia)<\/em><br \/>\n<strong>Title:<\/strong> Tuscany Autumn &#8211; <em>limited of 5<\/em><br \/>\n<strong>Date:<\/strong> 2017<br \/>\n<strong>Medium:<\/strong> Print on canvas<br \/>\n<strong>Dimensions:<\/strong> 60H x 60B<\/p>\n","protected":false},"featured_media":25014,"comment_status":"closed","ping_status":"closed","template":"","meta":{"_acf_changed":false},"product_brand":[152],"product_cat":[123],"product_tag":[],"class_list":{"0":"post-28841","1":"product","2":"type-product","3":"status-publish","4":"has-post-thumbnail","6":"product_brand-tatiana-zhezmer-it","7":"product_cat-digital-art-it-2","9":"first","10":"instock","11":"featured","12":"purchasable","13":"product-type-simple"},"acf":[],"yoast_head":"<!-- This site is optimized with the Yoast SEO plugin v27.3 - https:\/\/yoast.com\/product\/yoast-seo-wordpress\/ -->\n<title>Tuscany Autumn - Tatiana Zhezmer - Artnuances - Art gallery online<\/title>\n<meta name=\"description\" content=\"I colori caldi dell&#039;autunno. I colori caldi dell&#039;autunno, i rossi che si accumulano l&#039;uno sull&#039;altro per creare una fantastica tavolozza di sfumature, mentre il verde ..\" \/>\n<meta name=\"robots\" content=\"index, follow, max-snippet:-1, max-image-preview:large, max-video-preview:-1\" \/>\n<link rel=\"canonical\" href=\"https:\/\/artnuances.com\/it\/artworks\/tuscany-autumn-zhezmer-tatiana\/\" \/>\n<meta property=\"og:locale\" content=\"it_IT\" \/>\n<meta property=\"og:type\" content=\"article\" \/>\n<meta property=\"og:title\" content=\"Tuscany Autumn - Tatiana Zhezmer - Artnuances - Art gallery online\" \/>\n<meta property=\"og:description\" content=\"I colori caldi dell&#039;autunno. I colori caldi dell&#039;autunno, i rossi che si accumulano l&#039;uno sull&#039;altro per creare una fantastica tavolozza di sfumature, mentre il verde ..\" \/>\n<meta property=\"og:url\" content=\"https:\/\/artnuances.com\/it\/artworks\/tuscany-autumn-zhezmer-tatiana\/\" \/>\n<meta property=\"og:site_name\" content=\"Artnuances - Art gallery online\" \/>\n<meta property=\"article:publisher\" content=\"https:\/\/www.facebook.com\/studioartnuances\/\" \/>\n<meta property=\"article:modified_time\" content=\"2023-04-28T09:46:49+00:00\" \/>\n<meta property=\"og:image\" content=\"https:\/\/artnuances.com\/wp-content\/uploads\/2019\/11\/toscana28.jpg\" \/>\n\t<meta property=\"og:image:width\" content=\"2020\" \/>\n\t<meta property=\"og:image:height\" content=\"1379\" \/>\n\t<meta property=\"og:image:type\" content=\"image\/jpeg\" \/>\n<meta name=\"twitter:card\" content=\"summary_large_image\" \/>\n<meta name=\"twitter:label1\" content=\"Tempo di lettura stimato\" \/>\n\t<meta name=\"twitter:data1\" content=\"1 minuto\" \/>\n<script type=\"application\/ld+json\" class=\"yoast-schema-graph\">{\"@context\":\"https:\\\/\\\/schema.org\",\"@graph\":[{\"@type\":\"WebPage\",\"@id\":\"https:\\\/\\\/artnuances.com\\\/it\\\/artworks\\\/tuscany-autumn-zhezmer-tatiana\\\/\",\"url\":\"https:\\\/\\\/artnuances.com\\\/it\\\/artworks\\\/tuscany-autumn-zhezmer-tatiana\\\/\",\"name\":\"Tuscany Autumn - Tatiana Zhezmer - Artnuances - Art gallery online\",\"isPartOf\":{\"@id\":\"https:\\\/\\\/artnuances.com\\\/it\\\/#website\"},\"primaryImageOfPage\":{\"@id\":\"https:\\\/\\\/artnuances.com\\\/it\\\/artworks\\\/tuscany-autumn-zhezmer-tatiana\\\/#primaryimage\"},\"image\":{\"@id\":\"https:\\\/\\\/artnuances.com\\\/it\\\/artworks\\\/tuscany-autumn-zhezmer-tatiana\\\/#primaryimage\"},\"thumbnailUrl\":\"https:\\\/\\\/artnuances.com\\\/wp-content\\\/uploads\\\/2019\\\/11\\\/toscana28.jpg\",\"datePublished\":\"2019-11-18T18:35:00+00:00\",\"dateModified\":\"2023-04-28T09:46:49+00:00\",\"description\":\"I colori caldi dell'autunno. I colori caldi dell'autunno, i rossi che si accumulano l'uno sull'altro per creare una fantastica tavolozza di sfumature, mentre il verde ..\",\"breadcrumb\":{\"@id\":\"https:\\\/\\\/artnuances.com\\\/it\\\/artworks\\\/tuscany-autumn-zhezmer-tatiana\\\/#breadcrumb\"},\"inLanguage\":\"it-IT\",\"potentialAction\":[{\"@type\":\"ReadAction\",\"target\":[\"https:\\\/\\\/artnuances.com\\\/it\\\/artworks\\\/tuscany-autumn-zhezmer-tatiana\\\/\"]}]},{\"@type\":\"ImageObject\",\"inLanguage\":\"it-IT\",\"@id\":\"https:\\\/\\\/artnuances.com\\\/it\\\/artworks\\\/tuscany-autumn-zhezmer-tatiana\\\/#primaryimage\",\"url\":\"https:\\\/\\\/artnuances.com\\\/wp-content\\\/uploads\\\/2019\\\/11\\\/toscana28.jpg\",\"contentUrl\":\"https:\\\/\\\/artnuances.com\\\/wp-content\\\/uploads\\\/2019\\\/11\\\/toscana28.jpg\",\"width\":2020,\"height\":1379},{\"@type\":\"BreadcrumbList\",\"@id\":\"https:\\\/\\\/artnuances.com\\\/it\\\/artworks\\\/tuscany-autumn-zhezmer-tatiana\\\/#breadcrumb\",\"itemListElement\":[{\"@type\":\"ListItem\",\"position\":1,\"name\":\"Home\",\"item\":\"https:\\\/\\\/artnuances.com\\\/it\\\/\"},{\"@type\":\"ListItem\",\"position\":2,\"name\":\"Shop online\",\"item\":\"https:\\\/\\\/artnuances.com\\\/it\\\/shop-online-galleria-darte-artnuances\\\/\"},{\"@type\":\"ListItem\",\"position\":3,\"name\":\"Tuscany Autumn\"}]},{\"@type\":\"WebSite\",\"@id\":\"https:\\\/\\\/artnuances.com\\\/it\\\/#website\",\"url\":\"https:\\\/\\\/artnuances.com\\\/it\\\/\",\"name\":\"Artnuances - Art gallery online\",\"description\":\"Artnuances Gallery\",\"publisher\":{\"@id\":\"https:\\\/\\\/artnuances.com\\\/it\\\/#organization\"},\"potentialAction\":[{\"@type\":\"SearchAction\",\"target\":{\"@type\":\"EntryPoint\",\"urlTemplate\":\"https:\\\/\\\/artnuances.com\\\/it\\\/?s={search_term_string}\"},\"query-input\":{\"@type\":\"PropertyValueSpecification\",\"valueRequired\":true,\"valueName\":\"search_term_string\"}}],\"inLanguage\":\"it-IT\"},{\"@type\":\"Organization\",\"@id\":\"https:\\\/\\\/artnuances.com\\\/it\\\/#organization\",\"name\":\"Studio Artnuances LTD\",\"url\":\"https:\\\/\\\/artnuances.com\\\/it\\\/\",\"logo\":{\"@type\":\"ImageObject\",\"inLanguage\":\"it-IT\",\"@id\":\"https:\\\/\\\/artnuances.com\\\/it\\\/#\\\/schema\\\/logo\\\/image\\\/\",\"url\":\"https:\\\/\\\/artnuances.com\\\/wp-content\\\/uploads\\\/2019\\\/09\\\/artnuanse.png\",\"contentUrl\":\"https:\\\/\\\/artnuances.com\\\/wp-content\\\/uploads\\\/2019\\\/09\\\/artnuanse.png\",\"width\":622,\"height\":622,\"caption\":\"Studio Artnuances LTD\"},\"image\":{\"@id\":\"https:\\\/\\\/artnuances.com\\\/it\\\/#\\\/schema\\\/logo\\\/image\\\/\"},\"sameAs\":[\"https:\\\/\\\/www.facebook.com\\\/studioartnuances\\\/\",\"https:\\\/\\\/www.instagram.com\\\/studioartnuances\\\/\",\"https:\\\/\\\/www.youtube.com\\\/channel\\\/UCoU2Nb_B-2BOiDcO292sggg\"]}]}<\/script>\n<!-- \/ Yoast SEO plugin. -->","yoast_head_json":{"title":"Tuscany Autumn - Tatiana Zhezmer - Artnuances - Art gallery online","description":"I colori caldi dell'autunno. I colori caldi dell'autunno, i rossi che si accumulano l'uno sull'altro per creare una fantastica tavolozza di sfumature, mentre il verde ..","robots":{"index":"index","follow":"follow","max-snippet":"max-snippet:-1","max-image-preview":"max-image-preview:large","max-video-preview":"max-video-preview:-1"},"canonical":"https:\/\/artnuances.com\/it\/artworks\/tuscany-autumn-zhezmer-tatiana\/","og_locale":"it_IT","og_type":"article","og_title":"Tuscany Autumn - Tatiana Zhezmer - Artnuances - Art gallery online","og_description":"I colori caldi dell'autunno. I colori caldi dell'autunno, i rossi che si accumulano l'uno sull'altro per creare una fantastica tavolozza di sfumature, mentre il verde ..","og_url":"https:\/\/artnuances.com\/it\/artworks\/tuscany-autumn-zhezmer-tatiana\/","og_site_name":"Artnuances - Art gallery online","article_publisher":"https:\/\/www.facebook.com\/studioartnuances\/","article_modified_time":"2023-04-28T09:46:49+00:00","og_image":[{"width":2020,"height":1379,"url":"https:\/\/artnuances.com\/wp-content\/uploads\/2019\/11\/toscana28.jpg","type":"image\/jpeg"}],"twitter_card":"summary_large_image","twitter_misc":{"Tempo di lettura stimato":"1 minuto"},"schema":{"@context":"https:\/\/schema.org","@graph":[{"@type":"WebPage","@id":"https:\/\/artnuances.com\/it\/artworks\/tuscany-autumn-zhezmer-tatiana\/","url":"https:\/\/artnuances.com\/it\/artworks\/tuscany-autumn-zhezmer-tatiana\/","name":"Tuscany Autumn - Tatiana Zhezmer - Artnuances - Art gallery online","isPartOf":{"@id":"https:\/\/artnuances.com\/it\/#website"},"primaryImageOfPage":{"@id":"https:\/\/artnuances.com\/it\/artworks\/tuscany-autumn-zhezmer-tatiana\/#primaryimage"},"image":{"@id":"https:\/\/artnuances.com\/it\/artworks\/tuscany-autumn-zhezmer-tatiana\/#primaryimage"},"thumbnailUrl":"https:\/\/artnuances.com\/wp-content\/uploads\/2019\/11\/toscana28.jpg","datePublished":"2019-11-18T18:35:00+00:00","dateModified":"2023-04-28T09:46:49+00:00","description":"I colori caldi dell'autunno. I colori caldi dell'autunno, i rossi che si accumulano l'uno sull'altro per creare una fantastica tavolozza di sfumature, mentre il verde ..","breadcrumb":{"@id":"https:\/\/artnuances.com\/it\/artworks\/tuscany-autumn-zhezmer-tatiana\/#breadcrumb"},"inLanguage":"it-IT","potentialAction":[{"@type":"ReadAction","target":["https:\/\/artnuances.com\/it\/artworks\/tuscany-autumn-zhezmer-tatiana\/"]}]},{"@type":"ImageObject","inLanguage":"it-IT","@id":"https:\/\/artnuances.com\/it\/artworks\/tuscany-autumn-zhezmer-tatiana\/#primaryimage","url":"https:\/\/artnuances.com\/wp-content\/uploads\/2019\/11\/toscana28.jpg","contentUrl":"https:\/\/artnuances.com\/wp-content\/uploads\/2019\/11\/toscana28.jpg","width":2020,"height":1379},{"@type":"BreadcrumbList","@id":"https:\/\/artnuances.com\/it\/artworks\/tuscany-autumn-zhezmer-tatiana\/#breadcrumb","itemListElement":[{"@type":"ListItem","position":1,"name":"Home","item":"https:\/\/artnuances.com\/it\/"},{"@type":"ListItem","position":2,"name":"Shop online","item":"https:\/\/artnuances.com\/it\/shop-online-galleria-darte-artnuances\/"},{"@type":"ListItem","position":3,"name":"Tuscany Autumn"}]},{"@type":"WebSite","@id":"https:\/\/artnuances.com\/it\/#website","url":"https:\/\/artnuances.com\/it\/","name":"Artnuances - Art gallery online","description":"Artnuances Gallery","publisher":{"@id":"https:\/\/artnuances.com\/it\/#organization"},"potentialAction":[{"@type":"SearchAction","target":{"@type":"EntryPoint","urlTemplate":"https:\/\/artnuances.com\/it\/?s={search_term_string}"},"query-input":{"@type":"PropertyValueSpecification","valueRequired":true,"valueName":"search_term_string"}}],"inLanguage":"it-IT"},{"@type":"Organization","@id":"https:\/\/artnuances.com\/it\/#organization","name":"Studio Artnuances LTD","url":"https:\/\/artnuances.com\/it\/","logo":{"@type":"ImageObject","inLanguage":"it-IT","@id":"https:\/\/artnuances.com\/it\/#\/schema\/logo\/image\/","url":"https:\/\/artnuances.com\/wp-content\/uploads\/2019\/09\/artnuanse.png","contentUrl":"https:\/\/artnuances.com\/wp-content\/uploads\/2019\/09\/artnuanse.png","width":622,"height":622,"caption":"Studio Artnuances LTD"},"image":{"@id":"https:\/\/artnuances.com\/it\/#\/schema\/logo\/image\/"},"sameAs":["https:\/\/www.facebook.com\/studioartnuances\/","https:\/\/www.instagram.com\/studioartnuances\/","https:\/\/www.youtube.com\/channel\/UCoU2Nb_B-2BOiDcO292sggg"]}]}},"_links":{"self":[{"href":"https:\/\/artnuances.com\/it\/wp-json\/wp\/v2\/product\/28841","targetHints":{"allow":["GET"]}}],"collection":[{"href":"https:\/\/artnuances.com\/it\/wp-json\/wp\/v2\/product"}],"about":[{"href":"https:\/\/artnuances.com\/it\/wp-json\/wp\/v2\/types\/product"}],"replies":[{"embeddable":true,"href":"https:\/\/artnuances.com\/it\/wp-json\/wp\/v2\/comments?post=28841"}],"wp:featuredmedia":[{"embeddable":true,"href":"https:\/\/artnuances.com\/it\/wp-json\/wp\/v2\/media\/25014"}],"wp:attachment":[{"href":"https:\/\/artnuances.com\/it\/wp-json\/wp\/v2\/media?parent=28841"}],"wp:term":[{"taxonomy":"product_brand","embeddable":true,"href":"https:\/\/artnuances.com\/it\/wp-json\/wp\/v2\/product_brand?post=28841"},{"taxonomy":"product_cat","embeddable":true,"href":"https:\/\/artnuances.com\/it\/wp-json\/wp\/v2\/product_cat?post=28841"},{"taxonomy":"product_tag","embeddable":true,"href":"https:\/\/artnuances.com\/it\/wp-json\/wp\/v2\/product_tag?post=28841"}],"curies":[{"name":"wp","href":"https:\/\/api.w.org\/{rel}","templated":true}]}}