{"id":28796,"date":"2020-01-18T16:22:45","date_gmt":"2020-01-18T16:22:45","guid":{"rendered":"https:\/\/www.artnuances-com-717041.hostingersite.com\/artworks\/senza-categoria\/ray-charles-roman-nogin\/"},"modified":"2023-03-31T14:58:44","modified_gmt":"2023-03-31T14:58:44","slug":"ray-charles-roman-nogin","status":"publish","type":"product","link":"https:\/\/artnuances.com\/it\/artworks\/ray-charles-roman-nogin\/","title":{"rendered":"Ray Charles"},"content":{"rendered":"<section class=\"l-section wpb_row height_large\"><div class=\"l-section-h i-cf\"><div class=\"g-cols vc_row via_flex valign_top type_default stacking_default\"><div class=\"vc_col-sm-12 wpb_column vc_column_container\"><div class=\"vc_column-inner\"><div class=\"wpb_wrapper\"><\/div><\/div><\/div><\/div><\/div><\/section><section class=\"l-section wpb_row height_large\"><div class=\"l-section-h i-cf\"><div class=\"g-cols vc_row via_flex valign_top type_default stacking_default\"><div class=\"vc_col-sm-12 wpb_column vc_column_container\"><div class=\"vc_column-inner\"><div class=\"wpb_wrapper\"><div class=\"wpb_text_column\"><div class=\"wpb_wrapper\"><h1><strong><em>Ray Charles<\/em> \u00e8 un opera della serie\u00a0 &#8220;Jazz People&#8221; di <a href=\"https:\/\/artnuances.com\/it\/authors\/roman-nogin-it\/\" target=\"_blank\" rel=\"noopener noreferrer\">Roman Nogin<\/a>.<\/strong><\/h1>\n<h3>Ray Charles. \u00c8 stato uno dei pianisti e cantanti pi\u00f9 famosi nel mondo del soul. Seppure privato della vista fin dalla giovane et\u00e0, ha saputo coniugare sonorit\u00e0 diverse, dal rhythm and blues al country, dal vocal jazz al piano blues al soul blues. La canzone Georgia on My Mind \u00e8 stata il suo pi\u00f9 grande successo. Roman con la sua arte riproduce uno dei movimenti che hanno caratterizzato questo personaggio. Suonare e cantare erano ci\u00f2 che sapeva fare Ray Charles, ma Roman anche dipingendo riesce a far capire quello che solo l&#8217;orecchio poteva capire.<\/h3>\n<\/div><\/div><\/div><\/div><\/div><\/div><\/div><\/section><section class=\"l-section wpb_row height_large\"><div class=\"l-section-h i-cf\"><div class=\"g-cols vc_row via_flex valign_top type_default stacking_default\"><div class=\"vc_col-sm-12 wpb_column vc_column_container\"><div class=\"vc_column-inner\"><div class=\"wpb_wrapper\"><div class=\"w-video align_none ratio_16x9 has_iframe\"><div class=\"w-video-h\"><iframe title=\"Youtube video player\" src=\"\/\/www.youtube.com\/embed\/adf2gzPcIlQ?autoplay=0&controls=1&origin=https:\/\/artnuances.com\/it\/&loop=0&mute=0\" allowfullscreen=\"1\" loading=\"lazy\"><\/iframe><\/div><\/div><\/div><\/div><\/div><\/div><\/div><\/section>\n","protected":false},"excerpt":{"rendered":"<p><strong>Artist:<\/strong> Roman Nogin <em>(Ukraine<\/em>)<br \/>\n<b>Title:<\/b> Ray Charles<br \/>\n<strong>Date:<\/strong> 2019<br \/>\n<strong>Medium: <\/strong>Liquid painting on canvas<br \/>\n<strong>Dimensions:<\/strong> 85H x 115B<\/p>\n<p>&nbsp;<\/p>\n","protected":false},"featured_media":25608,"comment_status":"closed","ping_status":"closed","template":"","meta":{"_acf_changed":false},"product_brand":[150],"product_cat":[116,253,129],"product_tag":[],"class_list":{"0":"post-28796","1":"product","2":"type-product","3":"status-publish","4":"has-post-thumbnail","6":"product_brand-roman-nogin-it","7":"product_cat-dipinti","8":"product_cat-jazz-color-jazz-it-2","9":"product_cat-ritratto","11":"first","12":"instock","13":"featured","14":"purchasable","15":"product-type-simple"},"acf":[],"yoast_head":"<!-- This site is optimized with the Yoast SEO plugin v27.3 - https:\/\/yoast.com\/product\/yoast-seo-wordpress\/ -->\n<title>Ray Charles - Roman Nogin - Studio Artnuances LTD<\/title>\n<meta name=\"description\" content=\"Ray Charles \u00e8 un&#039;opera d&#039;arte di Roman Nogin. Il concetto di questo dipinto \u00e8 esprimere la musica del Jazz attraverso il colore, le linee plastiche e le forme.\" \/>\n<meta name=\"robots\" content=\"index, follow, max-snippet:-1, max-image-preview:large, max-video-preview:-1\" \/>\n<link rel=\"canonical\" href=\"https:\/\/artnuances.com\/it\/artworks\/ray-charles-roman-nogin\/\" \/>\n<meta property=\"og:locale\" content=\"it_IT\" \/>\n<meta property=\"og:type\" content=\"article\" \/>\n<meta property=\"og:title\" content=\"Ray Charles - Roman Nogin - Studio Artnuances LTD\" \/>\n<meta property=\"og:description\" content=\"Ray Charles \u00e8 un&#039;opera d&#039;arte di Roman Nogin. Il concetto di questo dipinto \u00e8 esprimere la musica del Jazz attraverso il colore, le linee plastiche e le forme.\" \/>\n<meta property=\"og:url\" content=\"https:\/\/artnuances.com\/it\/artworks\/ray-charles-roman-nogin\/\" \/>\n<meta property=\"og:site_name\" content=\"Artnuances - Art gallery online\" \/>\n<meta property=\"article:publisher\" content=\"https:\/\/www.facebook.com\/studioartnuances\/\" \/>\n<meta property=\"article:modified_time\" content=\"2023-03-31T14:58:44+00:00\" \/>\n<meta property=\"og:image\" content=\"https:\/\/artnuances.com\/wp-content\/uploads\/2020\/01\/RAY-CHARLIES_85x115cm.jpg\" \/>\n\t<meta property=\"og:image:width\" content=\"2020\" \/>\n\t<meta property=\"og:image:height\" content=\"1453\" \/>\n\t<meta property=\"og:image:type\" content=\"image\/jpeg\" \/>\n<meta name=\"twitter:card\" content=\"summary_large_image\" \/>\n<meta name=\"twitter:label1\" content=\"Tempo di lettura stimato\" \/>\n\t<meta name=\"twitter:data1\" content=\"1 minuto\" \/>\n<script type=\"application\/ld+json\" class=\"yoast-schema-graph\">{\"@context\":\"https:\\\/\\\/schema.org\",\"@graph\":[{\"@type\":\"WebPage\",\"@id\":\"https:\\\/\\\/artnuances.com\\\/it\\\/artworks\\\/ray-charles-roman-nogin\\\/\",\"url\":\"https:\\\/\\\/artnuances.com\\\/it\\\/artworks\\\/ray-charles-roman-nogin\\\/\",\"name\":\"Ray Charles - Roman Nogin - Studio Artnuances LTD\",\"isPartOf\":{\"@id\":\"https:\\\/\\\/artnuances.com\\\/it\\\/#website\"},\"primaryImageOfPage\":{\"@id\":\"https:\\\/\\\/artnuances.com\\\/it\\\/artworks\\\/ray-charles-roman-nogin\\\/#primaryimage\"},\"image\":{\"@id\":\"https:\\\/\\\/artnuances.com\\\/it\\\/artworks\\\/ray-charles-roman-nogin\\\/#primaryimage\"},\"thumbnailUrl\":\"https:\\\/\\\/artnuances.com\\\/wp-content\\\/uploads\\\/2020\\\/01\\\/RAY-CHARLIES_85x115cm.jpg\",\"datePublished\":\"2020-01-18T16:22:45+00:00\",\"dateModified\":\"2023-03-31T14:58:44+00:00\",\"description\":\"Ray Charles \u00e8 un'opera d'arte di Roman Nogin. Il concetto di questo dipinto \u00e8 esprimere la musica del Jazz attraverso il colore, le linee plastiche e le forme.\",\"breadcrumb\":{\"@id\":\"https:\\\/\\\/artnuances.com\\\/it\\\/artworks\\\/ray-charles-roman-nogin\\\/#breadcrumb\"},\"inLanguage\":\"it-IT\",\"potentialAction\":[{\"@type\":\"ReadAction\",\"target\":[\"https:\\\/\\\/artnuances.com\\\/it\\\/artworks\\\/ray-charles-roman-nogin\\\/\"]}]},{\"@type\":\"ImageObject\",\"inLanguage\":\"it-IT\",\"@id\":\"https:\\\/\\\/artnuances.com\\\/it\\\/artworks\\\/ray-charles-roman-nogin\\\/#primaryimage\",\"url\":\"https:\\\/\\\/artnuances.com\\\/wp-content\\\/uploads\\\/2020\\\/01\\\/RAY-CHARLIES_85x115cm.jpg\",\"contentUrl\":\"https:\\\/\\\/artnuances.com\\\/wp-content\\\/uploads\\\/2020\\\/01\\\/RAY-CHARLIES_85x115cm.jpg\",\"width\":2020,\"height\":1453,\"caption\":\"Rey Charles Jazz\"},{\"@type\":\"BreadcrumbList\",\"@id\":\"https:\\\/\\\/artnuances.com\\\/it\\\/artworks\\\/ray-charles-roman-nogin\\\/#breadcrumb\",\"itemListElement\":[{\"@type\":\"ListItem\",\"position\":1,\"name\":\"Home\",\"item\":\"https:\\\/\\\/artnuances.com\\\/it\\\/\"},{\"@type\":\"ListItem\",\"position\":2,\"name\":\"Shop online\",\"item\":\"https:\\\/\\\/artnuances.com\\\/it\\\/shop-online-galleria-darte-artnuances\\\/\"},{\"@type\":\"ListItem\",\"position\":3,\"name\":\"Ray Charles\"}]},{\"@type\":\"WebSite\",\"@id\":\"https:\\\/\\\/artnuances.com\\\/it\\\/#website\",\"url\":\"https:\\\/\\\/artnuances.com\\\/it\\\/\",\"name\":\"Artnuances - Art gallery online\",\"description\":\"Artnuances Gallery\",\"publisher\":{\"@id\":\"https:\\\/\\\/artnuances.com\\\/it\\\/#organization\"},\"potentialAction\":[{\"@type\":\"SearchAction\",\"target\":{\"@type\":\"EntryPoint\",\"urlTemplate\":\"https:\\\/\\\/artnuances.com\\\/it\\\/?s={search_term_string}\"},\"query-input\":{\"@type\":\"PropertyValueSpecification\",\"valueRequired\":true,\"valueName\":\"search_term_string\"}}],\"inLanguage\":\"it-IT\"},{\"@type\":\"Organization\",\"@id\":\"https:\\\/\\\/artnuances.com\\\/it\\\/#organization\",\"name\":\"Studio Artnuances LTD\",\"url\":\"https:\\\/\\\/artnuances.com\\\/it\\\/\",\"logo\":{\"@type\":\"ImageObject\",\"inLanguage\":\"it-IT\",\"@id\":\"https:\\\/\\\/artnuances.com\\\/it\\\/#\\\/schema\\\/logo\\\/image\\\/\",\"url\":\"https:\\\/\\\/artnuances.com\\\/wp-content\\\/uploads\\\/2019\\\/09\\\/artnuanse.png\",\"contentUrl\":\"https:\\\/\\\/artnuances.com\\\/wp-content\\\/uploads\\\/2019\\\/09\\\/artnuanse.png\",\"width\":622,\"height\":622,\"caption\":\"Studio Artnuances LTD\"},\"image\":{\"@id\":\"https:\\\/\\\/artnuances.com\\\/it\\\/#\\\/schema\\\/logo\\\/image\\\/\"},\"sameAs\":[\"https:\\\/\\\/www.facebook.com\\\/studioartnuances\\\/\",\"https:\\\/\\\/www.instagram.com\\\/studioartnuances\\\/\",\"https:\\\/\\\/www.youtube.com\\\/channel\\\/UCoU2Nb_B-2BOiDcO292sggg\"]}]}<\/script>\n<!-- \/ Yoast SEO plugin. -->","yoast_head_json":{"title":"Ray Charles - Roman Nogin - Studio Artnuances LTD","description":"Ray Charles \u00e8 un'opera d'arte di Roman Nogin. Il concetto di questo dipinto \u00e8 esprimere la musica del Jazz attraverso il colore, le linee plastiche e le forme.","robots":{"index":"index","follow":"follow","max-snippet":"max-snippet:-1","max-image-preview":"max-image-preview:large","max-video-preview":"max-video-preview:-1"},"canonical":"https:\/\/artnuances.com\/it\/artworks\/ray-charles-roman-nogin\/","og_locale":"it_IT","og_type":"article","og_title":"Ray Charles - Roman Nogin - Studio Artnuances LTD","og_description":"Ray Charles \u00e8 un'opera d'arte di Roman Nogin. Il concetto di questo dipinto \u00e8 esprimere la musica del Jazz attraverso il colore, le linee plastiche e le forme.","og_url":"https:\/\/artnuances.com\/it\/artworks\/ray-charles-roman-nogin\/","og_site_name":"Artnuances - Art gallery online","article_publisher":"https:\/\/www.facebook.com\/studioartnuances\/","article_modified_time":"2023-03-31T14:58:44+00:00","og_image":[{"width":2020,"height":1453,"url":"https:\/\/artnuances.com\/wp-content\/uploads\/2020\/01\/RAY-CHARLIES_85x115cm.jpg","type":"image\/jpeg"}],"twitter_card":"summary_large_image","twitter_misc":{"Tempo di lettura stimato":"1 minuto"},"schema":{"@context":"https:\/\/schema.org","@graph":[{"@type":"WebPage","@id":"https:\/\/artnuances.com\/it\/artworks\/ray-charles-roman-nogin\/","url":"https:\/\/artnuances.com\/it\/artworks\/ray-charles-roman-nogin\/","name":"Ray Charles - Roman Nogin - Studio Artnuances LTD","isPartOf":{"@id":"https:\/\/artnuances.com\/it\/#website"},"primaryImageOfPage":{"@id":"https:\/\/artnuances.com\/it\/artworks\/ray-charles-roman-nogin\/#primaryimage"},"image":{"@id":"https:\/\/artnuances.com\/it\/artworks\/ray-charles-roman-nogin\/#primaryimage"},"thumbnailUrl":"https:\/\/artnuances.com\/wp-content\/uploads\/2020\/01\/RAY-CHARLIES_85x115cm.jpg","datePublished":"2020-01-18T16:22:45+00:00","dateModified":"2023-03-31T14:58:44+00:00","description":"Ray Charles \u00e8 un'opera d'arte di Roman Nogin. Il concetto di questo dipinto \u00e8 esprimere la musica del Jazz attraverso il colore, le linee plastiche e le forme.","breadcrumb":{"@id":"https:\/\/artnuances.com\/it\/artworks\/ray-charles-roman-nogin\/#breadcrumb"},"inLanguage":"it-IT","potentialAction":[{"@type":"ReadAction","target":["https:\/\/artnuances.com\/it\/artworks\/ray-charles-roman-nogin\/"]}]},{"@type":"ImageObject","inLanguage":"it-IT","@id":"https:\/\/artnuances.com\/it\/artworks\/ray-charles-roman-nogin\/#primaryimage","url":"https:\/\/artnuances.com\/wp-content\/uploads\/2020\/01\/RAY-CHARLIES_85x115cm.jpg","contentUrl":"https:\/\/artnuances.com\/wp-content\/uploads\/2020\/01\/RAY-CHARLIES_85x115cm.jpg","width":2020,"height":1453,"caption":"Rey Charles Jazz"},{"@type":"BreadcrumbList","@id":"https:\/\/artnuances.com\/it\/artworks\/ray-charles-roman-nogin\/#breadcrumb","itemListElement":[{"@type":"ListItem","position":1,"name":"Home","item":"https:\/\/artnuances.com\/it\/"},{"@type":"ListItem","position":2,"name":"Shop online","item":"https:\/\/artnuances.com\/it\/shop-online-galleria-darte-artnuances\/"},{"@type":"ListItem","position":3,"name":"Ray Charles"}]},{"@type":"WebSite","@id":"https:\/\/artnuances.com\/it\/#website","url":"https:\/\/artnuances.com\/it\/","name":"Artnuances - Art gallery online","description":"Artnuances Gallery","publisher":{"@id":"https:\/\/artnuances.com\/it\/#organization"},"potentialAction":[{"@type":"SearchAction","target":{"@type":"EntryPoint","urlTemplate":"https:\/\/artnuances.com\/it\/?s={search_term_string}"},"query-input":{"@type":"PropertyValueSpecification","valueRequired":true,"valueName":"search_term_string"}}],"inLanguage":"it-IT"},{"@type":"Organization","@id":"https:\/\/artnuances.com\/it\/#organization","name":"Studio Artnuances LTD","url":"https:\/\/artnuances.com\/it\/","logo":{"@type":"ImageObject","inLanguage":"it-IT","@id":"https:\/\/artnuances.com\/it\/#\/schema\/logo\/image\/","url":"https:\/\/artnuances.com\/wp-content\/uploads\/2019\/09\/artnuanse.png","contentUrl":"https:\/\/artnuances.com\/wp-content\/uploads\/2019\/09\/artnuanse.png","width":622,"height":622,"caption":"Studio Artnuances LTD"},"image":{"@id":"https:\/\/artnuances.com\/it\/#\/schema\/logo\/image\/"},"sameAs":["https:\/\/www.facebook.com\/studioartnuances\/","https:\/\/www.instagram.com\/studioartnuances\/","https:\/\/www.youtube.com\/channel\/UCoU2Nb_B-2BOiDcO292sggg"]}]}},"_links":{"self":[{"href":"https:\/\/artnuances.com\/it\/wp-json\/wp\/v2\/product\/28796","targetHints":{"allow":["GET"]}}],"collection":[{"href":"https:\/\/artnuances.com\/it\/wp-json\/wp\/v2\/product"}],"about":[{"href":"https:\/\/artnuances.com\/it\/wp-json\/wp\/v2\/types\/product"}],"replies":[{"embeddable":true,"href":"https:\/\/artnuances.com\/it\/wp-json\/wp\/v2\/comments?post=28796"}],"wp:featuredmedia":[{"embeddable":true,"href":"https:\/\/artnuances.com\/it\/wp-json\/wp\/v2\/media\/25608"}],"wp:attachment":[{"href":"https:\/\/artnuances.com\/it\/wp-json\/wp\/v2\/media?parent=28796"}],"wp:term":[{"taxonomy":"product_brand","embeddable":true,"href":"https:\/\/artnuances.com\/it\/wp-json\/wp\/v2\/product_brand?post=28796"},{"taxonomy":"product_cat","embeddable":true,"href":"https:\/\/artnuances.com\/it\/wp-json\/wp\/v2\/product_cat?post=28796"},{"taxonomy":"product_tag","embeddable":true,"href":"https:\/\/artnuances.com\/it\/wp-json\/wp\/v2\/product_tag?post=28796"}],"curies":[{"name":"wp","href":"https:\/\/api.w.org\/{rel}","templated":true}]}}