{"id":28759,"date":"2020-06-27T11:27:45","date_gmt":"2020-06-27T11:27:45","guid":{"rendered":"https:\/\/www.artnuances-com-717041.hostingersite.com\/artworks\/senza-categoria\/b-b-king-roman-nogin\/"},"modified":"2023-03-31T10:26:32","modified_gmt":"2023-03-31T10:26:32","slug":"b-b-king-roman-nogin","status":"publish","type":"product","link":"https:\/\/artnuances.com\/it\/artworks\/b-b-king-roman-nogin\/","title":{"rendered":"B.B. King"},"content":{"rendered":"<section class=\"l-section wpb_row height_large\"><div class=\"l-section-h i-cf\"><div class=\"g-cols vc_row via_flex valign_top type_default stacking_default\"><div class=\"vc_col-sm-12 wpb_column vc_column_container\"><div class=\"vc_column-inner\"><div class=\"wpb_wrapper\"><div class=\"wpb_text_column\"><div class=\"wpb_wrapper\"><h1><em><strong>B. B. King, \u00e8 un lavoro di<\/strong><\/em><strong>\u00a0<\/strong><strong><a href=\"https:\/\/artnuances.com\/it\/authors\/roman-nogin-it\/\">Roman Nogin\u00ec<\/a>.<\/strong><\/h1>\n<h3>B.B. King. Con una lunghissima carriera, \u00e8 stato uno dei pi\u00f9 importanti esponenti del blues della seconda met\u00e0 del XX e XXI secolo. Con la sua &#8220;Lucille&#8221;, una chitarra Gibson ES-335 personalizzata, \u00e8 diventato un&#8217;icona del genere musicale dagli anni Cinquanta. Ha vinto i Grammy 14 volte. Nella rivista Rolling Stone \u00e8 classificato come il sesto miglior chitarrista di tutti i tempi. Il suo stile \u00e8 caratterizzato da suoni caldi e incisivi, che danno vita al blues elegante che lo ha contraddistinto nel corso della sua carriera. Il suo stile chitarristico \u00e8 caratterizzato solo da parti soliste che si alternano al canto, quasi mai sfociando in parti di accompagnamento, se non per altri musicisti.<\/h3>\n<\/div><\/div><\/div><\/div><\/div><\/div><\/div><\/section><section class=\"l-section wpb_row height_large\"><div class=\"l-section-h i-cf\"><div class=\"g-cols vc_row via_flex valign_top type_default stacking_default\"><div class=\"vc_col-sm-12 wpb_column vc_column_container\"><div class=\"vc_column-inner\"><div class=\"wpb_wrapper\"><div class=\"w-video align_none ratio_16x9 has_iframe\"><div class=\"w-video-h\"><iframe title=\"Youtube video player\" src=\"\/\/www.youtube.com\/embed\/adf2gzPcIlQ?autoplay=0&controls=1&origin=https:\/\/artnuances.com\/it\/&loop=0&mute=0\" allowfullscreen=\"1\" loading=\"lazy\"><\/iframe><\/div><\/div><\/div><\/div><\/div><\/div><\/div><\/section>\n","protected":false},"excerpt":{"rendered":"<p><strong>Artist:<\/strong> Roman Nogin <em>(Ukraine<\/em>)<br \/>\n<b>Title:<\/b> B.B. King<br \/>\n<strong>Date:<\/strong> 2020<br \/>\n<strong>Medium: <\/strong>Liquid painting on canvas<br \/>\n<strong>Dimensions:<\/strong> 102H x 77B<\/p>\n<p>&nbsp;<\/p>\n","protected":false},"featured_media":27005,"comment_status":"closed","ping_status":"closed","template":"","meta":{"_acf_changed":false},"product_brand":[150],"product_cat":[116,253,129],"product_tag":[],"class_list":{"0":"post-28759","1":"product","2":"type-product","3":"status-publish","4":"has-post-thumbnail","6":"product_brand-roman-nogin-it","7":"product_cat-dipinti","8":"product_cat-jazz-color-jazz-it-2","9":"product_cat-ritratto","11":"first","12":"instock","13":"featured","14":"purchasable","15":"product-type-simple"},"acf":[],"yoast_head":"<!-- This site is optimized with the Yoast SEO plugin v27.3 - https:\/\/yoast.com\/product\/yoast-seo-wordpress\/ -->\n<title>B.B. King - Roman Nogin - Artnuances Gallery<\/title>\n<meta name=\"description\" content=\"BB King. Con una lunghissima carriera, \u00e8 stato uno dei pi\u00f9 importanti esponenti del blues della seconda met\u00e0 del XX e XXI secolo. Con la sua &quot;Lucille&quot;..\" \/>\n<meta name=\"robots\" content=\"index, follow, max-snippet:-1, max-image-preview:large, max-video-preview:-1\" \/>\n<link rel=\"canonical\" href=\"https:\/\/artnuances.com\/it\/artworks\/b-b-king-roman-nogin\/\" \/>\n<meta property=\"og:locale\" content=\"it_IT\" \/>\n<meta property=\"og:type\" content=\"article\" \/>\n<meta property=\"og:title\" content=\"B.B. King - Roman Nogin - Artnuances Gallery\" \/>\n<meta property=\"og:description\" content=\"BB King. Con una lunghissima carriera, \u00e8 stato uno dei pi\u00f9 importanti esponenti del blues della seconda met\u00e0 del XX e XXI secolo. Con la sua &quot;Lucille&quot;..\" \/>\n<meta property=\"og:url\" content=\"https:\/\/artnuances.com\/it\/artworks\/b-b-king-roman-nogin\/\" \/>\n<meta property=\"og:site_name\" content=\"Artnuances - Art gallery online\" \/>\n<meta property=\"article:publisher\" content=\"https:\/\/www.facebook.com\/studioartnuances\/\" \/>\n<meta property=\"article:modified_time\" content=\"2023-03-31T10:26:32+00:00\" \/>\n<meta property=\"og:image\" content=\"https:\/\/artnuances.com\/wp-content\/uploads\/2020\/06\/B.B.KING__BIG-an.jpg\" \/>\n\t<meta property=\"og:image:width\" content=\"2020\" \/>\n\t<meta property=\"og:image:height\" content=\"1517\" \/>\n\t<meta property=\"og:image:type\" content=\"image\/jpeg\" \/>\n<meta name=\"twitter:card\" content=\"summary_large_image\" \/>\n<meta name=\"twitter:label1\" content=\"Tempo di lettura stimato\" \/>\n\t<meta name=\"twitter:data1\" content=\"1 minuto\" \/>\n<script type=\"application\/ld+json\" class=\"yoast-schema-graph\">{\"@context\":\"https:\\\/\\\/schema.org\",\"@graph\":[{\"@type\":\"WebPage\",\"@id\":\"https:\\\/\\\/artnuances.com\\\/it\\\/artworks\\\/b-b-king-roman-nogin\\\/\",\"url\":\"https:\\\/\\\/artnuances.com\\\/it\\\/artworks\\\/b-b-king-roman-nogin\\\/\",\"name\":\"B.B. King - Roman Nogin - Artnuances Gallery\",\"isPartOf\":{\"@id\":\"https:\\\/\\\/artnuances.com\\\/it\\\/#website\"},\"primaryImageOfPage\":{\"@id\":\"https:\\\/\\\/artnuances.com\\\/it\\\/artworks\\\/b-b-king-roman-nogin\\\/#primaryimage\"},\"image\":{\"@id\":\"https:\\\/\\\/artnuances.com\\\/it\\\/artworks\\\/b-b-king-roman-nogin\\\/#primaryimage\"},\"thumbnailUrl\":\"https:\\\/\\\/artnuances.com\\\/wp-content\\\/uploads\\\/2020\\\/06\\\/B.B.KING__BIG-an.jpg\",\"datePublished\":\"2020-06-27T11:27:45+00:00\",\"dateModified\":\"2023-03-31T10:26:32+00:00\",\"description\":\"BB King. Con una lunghissima carriera, \u00e8 stato uno dei pi\u00f9 importanti esponenti del blues della seconda met\u00e0 del XX e XXI secolo. Con la sua \\\"Lucille\\\"..\",\"breadcrumb\":{\"@id\":\"https:\\\/\\\/artnuances.com\\\/it\\\/artworks\\\/b-b-king-roman-nogin\\\/#breadcrumb\"},\"inLanguage\":\"it-IT\",\"potentialAction\":[{\"@type\":\"ReadAction\",\"target\":[\"https:\\\/\\\/artnuances.com\\\/it\\\/artworks\\\/b-b-king-roman-nogin\\\/\"]}]},{\"@type\":\"ImageObject\",\"inLanguage\":\"it-IT\",\"@id\":\"https:\\\/\\\/artnuances.com\\\/it\\\/artworks\\\/b-b-king-roman-nogin\\\/#primaryimage\",\"url\":\"https:\\\/\\\/artnuances.com\\\/wp-content\\\/uploads\\\/2020\\\/06\\\/B.B.KING__BIG-an.jpg\",\"contentUrl\":\"https:\\\/\\\/artnuances.com\\\/wp-content\\\/uploads\\\/2020\\\/06\\\/B.B.KING__BIG-an.jpg\",\"width\":2020,\"height\":1517,\"caption\":\"B.B.KING__BIG an\"},{\"@type\":\"BreadcrumbList\",\"@id\":\"https:\\\/\\\/artnuances.com\\\/it\\\/artworks\\\/b-b-king-roman-nogin\\\/#breadcrumb\",\"itemListElement\":[{\"@type\":\"ListItem\",\"position\":1,\"name\":\"Home\",\"item\":\"https:\\\/\\\/artnuances.com\\\/it\\\/\"},{\"@type\":\"ListItem\",\"position\":2,\"name\":\"Shop online\",\"item\":\"https:\\\/\\\/artnuances.com\\\/it\\\/shop-online-galleria-darte-artnuances\\\/\"},{\"@type\":\"ListItem\",\"position\":3,\"name\":\"B.B. King\"}]},{\"@type\":\"WebSite\",\"@id\":\"https:\\\/\\\/artnuances.com\\\/it\\\/#website\",\"url\":\"https:\\\/\\\/artnuances.com\\\/it\\\/\",\"name\":\"Artnuances - Art gallery online\",\"description\":\"Artnuances Gallery\",\"publisher\":{\"@id\":\"https:\\\/\\\/artnuances.com\\\/it\\\/#organization\"},\"potentialAction\":[{\"@type\":\"SearchAction\",\"target\":{\"@type\":\"EntryPoint\",\"urlTemplate\":\"https:\\\/\\\/artnuances.com\\\/it\\\/?s={search_term_string}\"},\"query-input\":{\"@type\":\"PropertyValueSpecification\",\"valueRequired\":true,\"valueName\":\"search_term_string\"}}],\"inLanguage\":\"it-IT\"},{\"@type\":\"Organization\",\"@id\":\"https:\\\/\\\/artnuances.com\\\/it\\\/#organization\",\"name\":\"Studio Artnuances LTD\",\"url\":\"https:\\\/\\\/artnuances.com\\\/it\\\/\",\"logo\":{\"@type\":\"ImageObject\",\"inLanguage\":\"it-IT\",\"@id\":\"https:\\\/\\\/artnuances.com\\\/it\\\/#\\\/schema\\\/logo\\\/image\\\/\",\"url\":\"https:\\\/\\\/artnuances.com\\\/wp-content\\\/uploads\\\/2019\\\/09\\\/artnuanse.png\",\"contentUrl\":\"https:\\\/\\\/artnuances.com\\\/wp-content\\\/uploads\\\/2019\\\/09\\\/artnuanse.png\",\"width\":622,\"height\":622,\"caption\":\"Studio Artnuances LTD\"},\"image\":{\"@id\":\"https:\\\/\\\/artnuances.com\\\/it\\\/#\\\/schema\\\/logo\\\/image\\\/\"},\"sameAs\":[\"https:\\\/\\\/www.facebook.com\\\/studioartnuances\\\/\",\"https:\\\/\\\/www.instagram.com\\\/studioartnuances\\\/\",\"https:\\\/\\\/www.youtube.com\\\/channel\\\/UCoU2Nb_B-2BOiDcO292sggg\"]}]}<\/script>\n<!-- \/ Yoast SEO plugin. -->","yoast_head_json":{"title":"B.B. King - Roman Nogin - Artnuances Gallery","description":"BB King. Con una lunghissima carriera, \u00e8 stato uno dei pi\u00f9 importanti esponenti del blues della seconda met\u00e0 del XX e XXI secolo. Con la sua \"Lucille\"..","robots":{"index":"index","follow":"follow","max-snippet":"max-snippet:-1","max-image-preview":"max-image-preview:large","max-video-preview":"max-video-preview:-1"},"canonical":"https:\/\/artnuances.com\/it\/artworks\/b-b-king-roman-nogin\/","og_locale":"it_IT","og_type":"article","og_title":"B.B. King - Roman Nogin - Artnuances Gallery","og_description":"BB King. Con una lunghissima carriera, \u00e8 stato uno dei pi\u00f9 importanti esponenti del blues della seconda met\u00e0 del XX e XXI secolo. Con la sua \"Lucille\"..","og_url":"https:\/\/artnuances.com\/it\/artworks\/b-b-king-roman-nogin\/","og_site_name":"Artnuances - Art gallery online","article_publisher":"https:\/\/www.facebook.com\/studioartnuances\/","article_modified_time":"2023-03-31T10:26:32+00:00","og_image":[{"width":2020,"height":1517,"url":"https:\/\/artnuances.com\/wp-content\/uploads\/2020\/06\/B.B.KING__BIG-an.jpg","type":"image\/jpeg"}],"twitter_card":"summary_large_image","twitter_misc":{"Tempo di lettura stimato":"1 minuto"},"schema":{"@context":"https:\/\/schema.org","@graph":[{"@type":"WebPage","@id":"https:\/\/artnuances.com\/it\/artworks\/b-b-king-roman-nogin\/","url":"https:\/\/artnuances.com\/it\/artworks\/b-b-king-roman-nogin\/","name":"B.B. King - Roman Nogin - Artnuances Gallery","isPartOf":{"@id":"https:\/\/artnuances.com\/it\/#website"},"primaryImageOfPage":{"@id":"https:\/\/artnuances.com\/it\/artworks\/b-b-king-roman-nogin\/#primaryimage"},"image":{"@id":"https:\/\/artnuances.com\/it\/artworks\/b-b-king-roman-nogin\/#primaryimage"},"thumbnailUrl":"https:\/\/artnuances.com\/wp-content\/uploads\/2020\/06\/B.B.KING__BIG-an.jpg","datePublished":"2020-06-27T11:27:45+00:00","dateModified":"2023-03-31T10:26:32+00:00","description":"BB King. Con una lunghissima carriera, \u00e8 stato uno dei pi\u00f9 importanti esponenti del blues della seconda met\u00e0 del XX e XXI secolo. Con la sua \"Lucille\"..","breadcrumb":{"@id":"https:\/\/artnuances.com\/it\/artworks\/b-b-king-roman-nogin\/#breadcrumb"},"inLanguage":"it-IT","potentialAction":[{"@type":"ReadAction","target":["https:\/\/artnuances.com\/it\/artworks\/b-b-king-roman-nogin\/"]}]},{"@type":"ImageObject","inLanguage":"it-IT","@id":"https:\/\/artnuances.com\/it\/artworks\/b-b-king-roman-nogin\/#primaryimage","url":"https:\/\/artnuances.com\/wp-content\/uploads\/2020\/06\/B.B.KING__BIG-an.jpg","contentUrl":"https:\/\/artnuances.com\/wp-content\/uploads\/2020\/06\/B.B.KING__BIG-an.jpg","width":2020,"height":1517,"caption":"B.B.KING__BIG an"},{"@type":"BreadcrumbList","@id":"https:\/\/artnuances.com\/it\/artworks\/b-b-king-roman-nogin\/#breadcrumb","itemListElement":[{"@type":"ListItem","position":1,"name":"Home","item":"https:\/\/artnuances.com\/it\/"},{"@type":"ListItem","position":2,"name":"Shop online","item":"https:\/\/artnuances.com\/it\/shop-online-galleria-darte-artnuances\/"},{"@type":"ListItem","position":3,"name":"B.B. King"}]},{"@type":"WebSite","@id":"https:\/\/artnuances.com\/it\/#website","url":"https:\/\/artnuances.com\/it\/","name":"Artnuances - Art gallery online","description":"Artnuances Gallery","publisher":{"@id":"https:\/\/artnuances.com\/it\/#organization"},"potentialAction":[{"@type":"SearchAction","target":{"@type":"EntryPoint","urlTemplate":"https:\/\/artnuances.com\/it\/?s={search_term_string}"},"query-input":{"@type":"PropertyValueSpecification","valueRequired":true,"valueName":"search_term_string"}}],"inLanguage":"it-IT"},{"@type":"Organization","@id":"https:\/\/artnuances.com\/it\/#organization","name":"Studio Artnuances LTD","url":"https:\/\/artnuances.com\/it\/","logo":{"@type":"ImageObject","inLanguage":"it-IT","@id":"https:\/\/artnuances.com\/it\/#\/schema\/logo\/image\/","url":"https:\/\/artnuances.com\/wp-content\/uploads\/2019\/09\/artnuanse.png","contentUrl":"https:\/\/artnuances.com\/wp-content\/uploads\/2019\/09\/artnuanse.png","width":622,"height":622,"caption":"Studio Artnuances LTD"},"image":{"@id":"https:\/\/artnuances.com\/it\/#\/schema\/logo\/image\/"},"sameAs":["https:\/\/www.facebook.com\/studioartnuances\/","https:\/\/www.instagram.com\/studioartnuances\/","https:\/\/www.youtube.com\/channel\/UCoU2Nb_B-2BOiDcO292sggg"]}]}},"_links":{"self":[{"href":"https:\/\/artnuances.com\/it\/wp-json\/wp\/v2\/product\/28759","targetHints":{"allow":["GET"]}}],"collection":[{"href":"https:\/\/artnuances.com\/it\/wp-json\/wp\/v2\/product"}],"about":[{"href":"https:\/\/artnuances.com\/it\/wp-json\/wp\/v2\/types\/product"}],"replies":[{"embeddable":true,"href":"https:\/\/artnuances.com\/it\/wp-json\/wp\/v2\/comments?post=28759"}],"wp:featuredmedia":[{"embeddable":true,"href":"https:\/\/artnuances.com\/it\/wp-json\/wp\/v2\/media\/27005"}],"wp:attachment":[{"href":"https:\/\/artnuances.com\/it\/wp-json\/wp\/v2\/media?parent=28759"}],"wp:term":[{"taxonomy":"product_brand","embeddable":true,"href":"https:\/\/artnuances.com\/it\/wp-json\/wp\/v2\/product_brand?post=28759"},{"taxonomy":"product_cat","embeddable":true,"href":"https:\/\/artnuances.com\/it\/wp-json\/wp\/v2\/product_cat?post=28759"},{"taxonomy":"product_tag","embeddable":true,"href":"https:\/\/artnuances.com\/it\/wp-json\/wp\/v2\/product_tag?post=28759"}],"curies":[{"name":"wp","href":"https:\/\/api.w.org\/{rel}","templated":true}]}}