{"id":28751,"date":"2020-07-15T16:45:38","date_gmt":"2020-07-15T16:45:38","guid":{"rendered":"https:\/\/www.artnuances-com-717041.hostingersite.com\/artworks\/senza-categoria\/nordic-storm-arpita-gaidhane\/"},"modified":"2021-09-09T15:16:09","modified_gmt":"2021-09-09T15:16:09","slug":"nordic-storm-arpita-gaidhane","status":"publish","type":"product","link":"https:\/\/artnuances.com\/it\/artworks\/nordic-storm-arpita-gaidhane\/","title":{"rendered":"Nordic storm"},"content":{"rendered":"<section class=\"l-section wpb_row height_large\"><div class=\"l-section-h i-cf\"><div class=\"g-cols vc_row via_flex valign_top type_default stacking_default\"><div class=\"vc_col-sm-12 wpb_column vc_column_container\"><div class=\"vc_column-inner\"><div class=\"wpb_wrapper\"><div class=\"wpb_text_column\"><div class=\"wpb_wrapper\"><\/div><\/div><\/div><\/div><\/div><\/div><\/div><\/section><section class=\"l-section wpb_row height_large\"><div class=\"l-section-h i-cf\"><div class=\"g-cols vc_row via_flex valign_top type_default stacking_default\"><div class=\"vc_col-sm-12 wpb_column vc_column_container\"><div class=\"vc_column-inner\"><div class=\"wpb_wrapper\"><div class=\"wpb_text_column\"><div class=\"wpb_wrapper\"><h1><em><strong>Nordic storm, \u00e8 un lavoro di <a href=\"https:\/\/artnuances.com\/it\/authors\/arpita-gaidhane-it\/\">Arpita Gaidhane<\/a>.<\/strong><\/em><\/h1>\n<h3>La tempesta nordica segue i movimenti del mare del Nord in una notte tempestosa. Dal nero all&#8217;argento, l&#8217;oceano ribolle, scontento per un momento turbolento di rimanere nella calma distesa. Invece sferraglia e si scuote, sfidando le forze che saranno ad affrontare la sua potenza e sollevarsi trionfante. Da una pittrice della Grande India, non ci si aspetta che affronti un tema come la tempesta nel Mare del Nord. Da una pittrice della Grande India, non ci si aspetta che affronti un tema come la tempesta nel Mare del Nord. Eppure questo \u00e8 ci\u00f2 che ha fatto Arpita. La sua sensibilit\u00e0 agli elementi che caratterizzano e segnano il nostro pianeta, in questo caso l&#8217;aria e l&#8217;acqua, l&#8217;hanno allontanata dalla sua terra natale. L&#8217;onda di tempesta. Nella sua pittura, i colori dal grigio al blu ne esaltano tutta la potenza. In quest&#8217;opera la pittrice non si lascia sviare da scogliere o spiagge battute dalle onde, ma si sofferma sull&#8217;elemento che pi\u00f9 caratterizza il mare: l&#8217;onda e la sua forza gigantesca.<\/h3>\n<\/div><\/div><\/div><\/div><\/div><\/div><\/div><\/section>\n","protected":false},"excerpt":{"rendered":"<p><strong>Artist:<\/strong> Arpita Gaidhane (India)<br \/>\n<b>Title:<\/b> NORDIC STORM<br \/>\n<strong>Date:<\/strong> 2020<br \/>\n<strong>Medium: <\/strong>Acrylic on canvas<br \/>\n<strong>Dimensions:<\/strong> 61H x 46B<\/p>\n<p>&nbsp;<\/p>\n","protected":false},"featured_media":27083,"comment_status":"closed","ping_status":"closed","template":"","meta":{"_acf_changed":false},"product_brand":[119],"product_cat":[117,116],"product_tag":[],"class_list":{"0":"post-28751","1":"product","2":"type-product","3":"status-publish","4":"has-post-thumbnail","6":"product_brand-arpita-gaidhane-it","7":"product_cat-astratto","8":"product_cat-dipinti","9":"product_shipping_class-tube-it","11":"first","12":"instock","13":"featured","14":"purchasable","15":"product-type-simple"},"acf":[],"yoast_head":"<!-- This site is optimized with the Yoast SEO plugin v27.3 - https:\/\/yoast.com\/product\/yoast-seo-wordpress\/ -->\n<title>Nordic storm - Studio Artnuances LTD<\/title>\n<meta name=\"description\" content=\"La tempesta nordica segue i movimenti del mare del Nord. Dal nero all&#039;argento, l&#039;oceano si agita, il malumore turbolento per un momento si trasforma in calma piatta.\" \/>\n<meta name=\"robots\" content=\"index, follow, max-snippet:-1, max-image-preview:large, max-video-preview:-1\" \/>\n<link rel=\"canonical\" href=\"https:\/\/artnuances.com\/it\/artworks\/nordic-storm-arpita-gaidhane\/\" \/>\n<meta property=\"og:locale\" content=\"it_IT\" \/>\n<meta property=\"og:type\" content=\"article\" \/>\n<meta property=\"og:title\" content=\"Nordic storm - Studio Artnuances LTD\" \/>\n<meta property=\"og:description\" content=\"La tempesta nordica segue i movimenti del mare del Nord. Dal nero all&#039;argento, l&#039;oceano si agita, il malumore turbolento per un momento si trasforma in calma piatta.\" \/>\n<meta property=\"og:url\" content=\"https:\/\/artnuances.com\/it\/artworks\/nordic-storm-arpita-gaidhane\/\" \/>\n<meta property=\"og:site_name\" content=\"Artnuances - Art gallery online\" \/>\n<meta property=\"article:publisher\" content=\"https:\/\/www.facebook.com\/studioartnuances\/\" \/>\n<meta property=\"article:modified_time\" content=\"2021-09-09T15:16:09+00:00\" \/>\n<meta property=\"og:image\" content=\"https:\/\/artnuances.com\/wp-content\/uploads\/2020\/07\/Arpita-Gaidhane-Nordic-Storm-an-scaled.jpg\" \/>\n\t<meta property=\"og:image:width\" content=\"1927\" \/>\n\t<meta property=\"og:image:height\" content=\"2560\" \/>\n\t<meta property=\"og:image:type\" content=\"image\/jpeg\" \/>\n<meta name=\"twitter:card\" content=\"summary_large_image\" \/>\n<meta name=\"twitter:label1\" content=\"Tempo di lettura stimato\" \/>\n\t<meta name=\"twitter:data1\" content=\"1 minuto\" \/>\n<script type=\"application\/ld+json\" class=\"yoast-schema-graph\">{\"@context\":\"https:\\\/\\\/schema.org\",\"@graph\":[{\"@type\":\"WebPage\",\"@id\":\"https:\\\/\\\/artnuances.com\\\/it\\\/artworks\\\/nordic-storm-arpita-gaidhane\\\/\",\"url\":\"https:\\\/\\\/artnuances.com\\\/it\\\/artworks\\\/nordic-storm-arpita-gaidhane\\\/\",\"name\":\"Nordic storm - Studio Artnuances LTD\",\"isPartOf\":{\"@id\":\"https:\\\/\\\/artnuances.com\\\/it\\\/#website\"},\"primaryImageOfPage\":{\"@id\":\"https:\\\/\\\/artnuances.com\\\/it\\\/artworks\\\/nordic-storm-arpita-gaidhane\\\/#primaryimage\"},\"image\":{\"@id\":\"https:\\\/\\\/artnuances.com\\\/it\\\/artworks\\\/nordic-storm-arpita-gaidhane\\\/#primaryimage\"},\"thumbnailUrl\":\"https:\\\/\\\/artnuances.com\\\/wp-content\\\/uploads\\\/2020\\\/07\\\/Arpita-Gaidhane-Nordic-Storm-an-scaled.jpg\",\"datePublished\":\"2020-07-15T16:45:38+00:00\",\"dateModified\":\"2021-09-09T15:16:09+00:00\",\"description\":\"La tempesta nordica segue i movimenti del mare del Nord. Dal nero all'argento, l'oceano si agita, il malumore turbolento per un momento si trasforma in calma piatta.\",\"breadcrumb\":{\"@id\":\"https:\\\/\\\/artnuances.com\\\/it\\\/artworks\\\/nordic-storm-arpita-gaidhane\\\/#breadcrumb\"},\"inLanguage\":\"it-IT\",\"potentialAction\":[{\"@type\":\"ReadAction\",\"target\":[\"https:\\\/\\\/artnuances.com\\\/it\\\/artworks\\\/nordic-storm-arpita-gaidhane\\\/\"]}]},{\"@type\":\"ImageObject\",\"inLanguage\":\"it-IT\",\"@id\":\"https:\\\/\\\/artnuances.com\\\/it\\\/artworks\\\/nordic-storm-arpita-gaidhane\\\/#primaryimage\",\"url\":\"https:\\\/\\\/artnuances.com\\\/wp-content\\\/uploads\\\/2020\\\/07\\\/Arpita-Gaidhane-Nordic-Storm-an-scaled.jpg\",\"contentUrl\":\"https:\\\/\\\/artnuances.com\\\/wp-content\\\/uploads\\\/2020\\\/07\\\/Arpita-Gaidhane-Nordic-Storm-an-scaled.jpg\",\"width\":1927,\"height\":2560,\"caption\":\"nordic storm\"},{\"@type\":\"BreadcrumbList\",\"@id\":\"https:\\\/\\\/artnuances.com\\\/it\\\/artworks\\\/nordic-storm-arpita-gaidhane\\\/#breadcrumb\",\"itemListElement\":[{\"@type\":\"ListItem\",\"position\":1,\"name\":\"Home\",\"item\":\"https:\\\/\\\/artnuances.com\\\/it\\\/\"},{\"@type\":\"ListItem\",\"position\":2,\"name\":\"Shop online\",\"item\":\"https:\\\/\\\/artnuances.com\\\/it\\\/shop-online-galleria-darte-artnuances\\\/\"},{\"@type\":\"ListItem\",\"position\":3,\"name\":\"Nordic storm\"}]},{\"@type\":\"WebSite\",\"@id\":\"https:\\\/\\\/artnuances.com\\\/it\\\/#website\",\"url\":\"https:\\\/\\\/artnuances.com\\\/it\\\/\",\"name\":\"Artnuances - Art gallery online\",\"description\":\"Artnuances Gallery\",\"publisher\":{\"@id\":\"https:\\\/\\\/artnuances.com\\\/it\\\/#organization\"},\"potentialAction\":[{\"@type\":\"SearchAction\",\"target\":{\"@type\":\"EntryPoint\",\"urlTemplate\":\"https:\\\/\\\/artnuances.com\\\/it\\\/?s={search_term_string}\"},\"query-input\":{\"@type\":\"PropertyValueSpecification\",\"valueRequired\":true,\"valueName\":\"search_term_string\"}}],\"inLanguage\":\"it-IT\"},{\"@type\":\"Organization\",\"@id\":\"https:\\\/\\\/artnuances.com\\\/it\\\/#organization\",\"name\":\"Studio Artnuances LTD\",\"url\":\"https:\\\/\\\/artnuances.com\\\/it\\\/\",\"logo\":{\"@type\":\"ImageObject\",\"inLanguage\":\"it-IT\",\"@id\":\"https:\\\/\\\/artnuances.com\\\/it\\\/#\\\/schema\\\/logo\\\/image\\\/\",\"url\":\"https:\\\/\\\/artnuances.com\\\/wp-content\\\/uploads\\\/2019\\\/09\\\/artnuanse.png\",\"contentUrl\":\"https:\\\/\\\/artnuances.com\\\/wp-content\\\/uploads\\\/2019\\\/09\\\/artnuanse.png\",\"width\":622,\"height\":622,\"caption\":\"Studio Artnuances LTD\"},\"image\":{\"@id\":\"https:\\\/\\\/artnuances.com\\\/it\\\/#\\\/schema\\\/logo\\\/image\\\/\"},\"sameAs\":[\"https:\\\/\\\/www.facebook.com\\\/studioartnuances\\\/\",\"https:\\\/\\\/www.instagram.com\\\/studioartnuances\\\/\",\"https:\\\/\\\/www.youtube.com\\\/channel\\\/UCoU2Nb_B-2BOiDcO292sggg\"]}]}<\/script>\n<!-- \/ Yoast SEO plugin. -->","yoast_head_json":{"title":"Nordic storm - Studio Artnuances LTD","description":"La tempesta nordica segue i movimenti del mare del Nord. Dal nero all'argento, l'oceano si agita, il malumore turbolento per un momento si trasforma in calma piatta.","robots":{"index":"index","follow":"follow","max-snippet":"max-snippet:-1","max-image-preview":"max-image-preview:large","max-video-preview":"max-video-preview:-1"},"canonical":"https:\/\/artnuances.com\/it\/artworks\/nordic-storm-arpita-gaidhane\/","og_locale":"it_IT","og_type":"article","og_title":"Nordic storm - Studio Artnuances LTD","og_description":"La tempesta nordica segue i movimenti del mare del Nord. Dal nero all'argento, l'oceano si agita, il malumore turbolento per un momento si trasforma in calma piatta.","og_url":"https:\/\/artnuances.com\/it\/artworks\/nordic-storm-arpita-gaidhane\/","og_site_name":"Artnuances - Art gallery online","article_publisher":"https:\/\/www.facebook.com\/studioartnuances\/","article_modified_time":"2021-09-09T15:16:09+00:00","og_image":[{"width":1927,"height":2560,"url":"https:\/\/artnuances.com\/wp-content\/uploads\/2020\/07\/Arpita-Gaidhane-Nordic-Storm-an-scaled.jpg","type":"image\/jpeg"}],"twitter_card":"summary_large_image","twitter_misc":{"Tempo di lettura stimato":"1 minuto"},"schema":{"@context":"https:\/\/schema.org","@graph":[{"@type":"WebPage","@id":"https:\/\/artnuances.com\/it\/artworks\/nordic-storm-arpita-gaidhane\/","url":"https:\/\/artnuances.com\/it\/artworks\/nordic-storm-arpita-gaidhane\/","name":"Nordic storm - Studio Artnuances LTD","isPartOf":{"@id":"https:\/\/artnuances.com\/it\/#website"},"primaryImageOfPage":{"@id":"https:\/\/artnuances.com\/it\/artworks\/nordic-storm-arpita-gaidhane\/#primaryimage"},"image":{"@id":"https:\/\/artnuances.com\/it\/artworks\/nordic-storm-arpita-gaidhane\/#primaryimage"},"thumbnailUrl":"https:\/\/artnuances.com\/wp-content\/uploads\/2020\/07\/Arpita-Gaidhane-Nordic-Storm-an-scaled.jpg","datePublished":"2020-07-15T16:45:38+00:00","dateModified":"2021-09-09T15:16:09+00:00","description":"La tempesta nordica segue i movimenti del mare del Nord. Dal nero all'argento, l'oceano si agita, il malumore turbolento per un momento si trasforma in calma piatta.","breadcrumb":{"@id":"https:\/\/artnuances.com\/it\/artworks\/nordic-storm-arpita-gaidhane\/#breadcrumb"},"inLanguage":"it-IT","potentialAction":[{"@type":"ReadAction","target":["https:\/\/artnuances.com\/it\/artworks\/nordic-storm-arpita-gaidhane\/"]}]},{"@type":"ImageObject","inLanguage":"it-IT","@id":"https:\/\/artnuances.com\/it\/artworks\/nordic-storm-arpita-gaidhane\/#primaryimage","url":"https:\/\/artnuances.com\/wp-content\/uploads\/2020\/07\/Arpita-Gaidhane-Nordic-Storm-an-scaled.jpg","contentUrl":"https:\/\/artnuances.com\/wp-content\/uploads\/2020\/07\/Arpita-Gaidhane-Nordic-Storm-an-scaled.jpg","width":1927,"height":2560,"caption":"nordic storm"},{"@type":"BreadcrumbList","@id":"https:\/\/artnuances.com\/it\/artworks\/nordic-storm-arpita-gaidhane\/#breadcrumb","itemListElement":[{"@type":"ListItem","position":1,"name":"Home","item":"https:\/\/artnuances.com\/it\/"},{"@type":"ListItem","position":2,"name":"Shop online","item":"https:\/\/artnuances.com\/it\/shop-online-galleria-darte-artnuances\/"},{"@type":"ListItem","position":3,"name":"Nordic storm"}]},{"@type":"WebSite","@id":"https:\/\/artnuances.com\/it\/#website","url":"https:\/\/artnuances.com\/it\/","name":"Artnuances - Art gallery online","description":"Artnuances Gallery","publisher":{"@id":"https:\/\/artnuances.com\/it\/#organization"},"potentialAction":[{"@type":"SearchAction","target":{"@type":"EntryPoint","urlTemplate":"https:\/\/artnuances.com\/it\/?s={search_term_string}"},"query-input":{"@type":"PropertyValueSpecification","valueRequired":true,"valueName":"search_term_string"}}],"inLanguage":"it-IT"},{"@type":"Organization","@id":"https:\/\/artnuances.com\/it\/#organization","name":"Studio Artnuances LTD","url":"https:\/\/artnuances.com\/it\/","logo":{"@type":"ImageObject","inLanguage":"it-IT","@id":"https:\/\/artnuances.com\/it\/#\/schema\/logo\/image\/","url":"https:\/\/artnuances.com\/wp-content\/uploads\/2019\/09\/artnuanse.png","contentUrl":"https:\/\/artnuances.com\/wp-content\/uploads\/2019\/09\/artnuanse.png","width":622,"height":622,"caption":"Studio Artnuances LTD"},"image":{"@id":"https:\/\/artnuances.com\/it\/#\/schema\/logo\/image\/"},"sameAs":["https:\/\/www.facebook.com\/studioartnuances\/","https:\/\/www.instagram.com\/studioartnuances\/","https:\/\/www.youtube.com\/channel\/UCoU2Nb_B-2BOiDcO292sggg"]}]}},"_links":{"self":[{"href":"https:\/\/artnuances.com\/it\/wp-json\/wp\/v2\/product\/28751","targetHints":{"allow":["GET"]}}],"collection":[{"href":"https:\/\/artnuances.com\/it\/wp-json\/wp\/v2\/product"}],"about":[{"href":"https:\/\/artnuances.com\/it\/wp-json\/wp\/v2\/types\/product"}],"replies":[{"embeddable":true,"href":"https:\/\/artnuances.com\/it\/wp-json\/wp\/v2\/comments?post=28751"}],"wp:featuredmedia":[{"embeddable":true,"href":"https:\/\/artnuances.com\/it\/wp-json\/wp\/v2\/media\/27083"}],"wp:attachment":[{"href":"https:\/\/artnuances.com\/it\/wp-json\/wp\/v2\/media?parent=28751"}],"wp:term":[{"taxonomy":"product_brand","embeddable":true,"href":"https:\/\/artnuances.com\/it\/wp-json\/wp\/v2\/product_brand?post=28751"},{"taxonomy":"product_cat","embeddable":true,"href":"https:\/\/artnuances.com\/it\/wp-json\/wp\/v2\/product_cat?post=28751"},{"taxonomy":"product_tag","embeddable":true,"href":"https:\/\/artnuances.com\/it\/wp-json\/wp\/v2\/product_tag?post=28751"}],"curies":[{"name":"wp","href":"https:\/\/api.w.org\/{rel}","templated":true}]}}