{"id":28744,"date":"2020-08-22T20:42:37","date_gmt":"2020-08-22T20:42:37","guid":{"rendered":"https:\/\/www.artnuances-com-717041.hostingersite.com\/artworks\/senza-categoria\/ofrenda\/"},"modified":"2021-10-30T09:54:02","modified_gmt":"2021-10-30T09:54:02","slug":"ofrenda","status":"publish","type":"product","link":"https:\/\/artnuances.com\/it\/artworks\/ofrenda\/","title":{"rendered":"Window of the Soul: An Ofrenda"},"content":{"rendered":"<section class=\"l-section wpb_row height_large\"><div class=\"l-section-h i-cf\"><div class=\"g-cols vc_row via_flex valign_top type_default stacking_default\"><div class=\"vc_col-sm-12 wpb_column vc_column_container\"><div class=\"vc_column-inner\"><div class=\"wpb_wrapper\"><div class=\"wpb_text_column\"><div class=\"wpb_wrapper\"><\/div><\/div><\/div><\/div><\/div><\/div><\/div><\/section><section class=\"l-section wpb_row height_large\"><div class=\"l-section-h i-cf\"><div class=\"g-cols vc_row via_flex valign_top type_default stacking_default\"><div class=\"vc_col-sm-12 wpb_column vc_column_container\"><div class=\"vc_column-inner\"><div class=\"wpb_wrapper\"><div class=\"wpb_text_column\"><div class=\"wpb_wrapper\"><h1>Window to the Soul: An ofrenda \u00e8 un lavoro di <a href=\"https:\/\/artnuances.com\/it\/authors\/arpita-gaidhane-it\/\">Arpita Gaidhane<\/a><\/h1>\n<h3>Finestra sull&#8217;anima \u00e8 un ofrenda, una dedica all&#8217;infanzia in cui l&#8217;anima pu\u00f2 guardare l&#8217;universo rimanendo incarnata nella realt\u00e0 del momento Una volta che un talento \u00e8 innato, ci vuole una vita per coltivarlo di nuovo in et\u00e0 adulta.<\/h3>\n<\/div><\/div><\/div><\/div><\/div><\/div><\/div><\/section><section class=\"l-section wpb_row height_large\"><div class=\"l-section-h i-cf\"><div class=\"g-cols vc_row via_flex valign_top type_default stacking_default\"><div class=\"vc_col-sm-12 wpb_column vc_column_container\"><div class=\"vc_column-inner\"><div class=\"wpb_wrapper\"><div class=\"w-video align_none ratio_16x9 has_iframe\"><div class=\"w-video-h\"><iframe title=\"Youtube video player\" src=\"\/\/www.youtube.com\/embed\/WFzdwBXV5b8?autoplay=0&controls=1&origin=https:\/\/artnuances.com\/it\/&loop=0&mute=0\" allowfullscreen=\"1\" loading=\"lazy\"><\/iframe><\/div><\/div><\/div><\/div><\/div><\/div><\/div><\/section>\n","protected":false},"excerpt":{"rendered":"Window to the Soul: An ofrenda \u00e8 un lavoro di Arpita Gaidhane Finestra sull&#8217;anima \u00e8 un ofrenda, una dedica all&#8217;infanzia in cui l&#8217;anima pu\u00f2 guardare l&#8217;universo rimanendo incarnata nella realt\u00e0 del momento Una volta che un talento \u00e8 innato, ci vuole una vita per coltivarlo di nuovo in et\u00e0 adulta.","protected":false},"featured_media":27625,"comment_status":"closed","ping_status":"closed","template":"","meta":{"_acf_changed":false},"product_brand":[119],"product_cat":[117,116],"product_tag":[],"class_list":{"0":"post-28744","1":"product","2":"type-product","3":"status-publish","4":"has-post-thumbnail","6":"product_brand-arpita-gaidhane-it","7":"product_cat-astratto","8":"product_cat-dipinti","9":"product_shipping_class-tube-it","11":"first","12":"instock","13":"featured","14":"purchasable","15":"product-type-simple"},"acf":[],"yoast_head":"<!-- This site is optimized with the Yoast SEO plugin v27.3 - https:\/\/yoast.com\/product\/yoast-seo-wordpress\/ -->\n<title>Window of the Soul: An Ofrenda - Studio Artnuances LTD<\/title>\n<meta name=\"description\" content=\"Window to the soul \u00e8 un ofrenda, una dedica all&#039;infanzia in cui l&#039;anima pu\u00f2 guardare l&#039;universo rimanendo incarnata in ...\" \/>\n<meta name=\"robots\" content=\"index, follow, max-snippet:-1, max-image-preview:large, max-video-preview:-1\" \/>\n<link rel=\"canonical\" href=\"https:\/\/artnuances.com\/it\/artworks\/ofrenda\/\" \/>\n<meta property=\"og:locale\" content=\"it_IT\" \/>\n<meta property=\"og:type\" content=\"article\" \/>\n<meta property=\"og:title\" content=\"Window of the Soul: An Ofrenda - Studio Artnuances LTD\" \/>\n<meta property=\"og:description\" content=\"Window to the soul \u00e8 un ofrenda, una dedica all&#039;infanzia in cui l&#039;anima pu\u00f2 guardare l&#039;universo rimanendo incarnata in ...\" \/>\n<meta property=\"og:url\" content=\"https:\/\/artnuances.com\/it\/artworks\/ofrenda\/\" \/>\n<meta property=\"og:site_name\" content=\"Artnuances - Art gallery online\" \/>\n<meta property=\"article:publisher\" content=\"https:\/\/www.facebook.com\/studioartnuances\/\" \/>\n<meta property=\"article:modified_time\" content=\"2021-10-30T09:54:02+00:00\" \/>\n<meta property=\"og:image\" content=\"https:\/\/artnuances.com\/wp-content\/uploads\/2020\/08\/Offrenda-an.jpg\" \/>\n\t<meta property=\"og:image:width\" content=\"2020\" \/>\n\t<meta property=\"og:image:height\" content=\"2020\" \/>\n\t<meta property=\"og:image:type\" content=\"image\/jpeg\" \/>\n<meta name=\"twitter:card\" content=\"summary_large_image\" \/>\n<script type=\"application\/ld+json\" class=\"yoast-schema-graph\">{\"@context\":\"https:\\\/\\\/schema.org\",\"@graph\":[{\"@type\":\"WebPage\",\"@id\":\"https:\\\/\\\/artnuances.com\\\/it\\\/artworks\\\/ofrenda\\\/\",\"url\":\"https:\\\/\\\/artnuances.com\\\/it\\\/artworks\\\/ofrenda\\\/\",\"name\":\"Window of the Soul: An Ofrenda - Studio Artnuances LTD\",\"isPartOf\":{\"@id\":\"https:\\\/\\\/artnuances.com\\\/it\\\/#website\"},\"primaryImageOfPage\":{\"@id\":\"https:\\\/\\\/artnuances.com\\\/it\\\/artworks\\\/ofrenda\\\/#primaryimage\"},\"image\":{\"@id\":\"https:\\\/\\\/artnuances.com\\\/it\\\/artworks\\\/ofrenda\\\/#primaryimage\"},\"thumbnailUrl\":\"https:\\\/\\\/artnuances.com\\\/wp-content\\\/uploads\\\/2020\\\/08\\\/Offrenda-an.jpg\",\"datePublished\":\"2020-08-22T20:42:37+00:00\",\"dateModified\":\"2021-10-30T09:54:02+00:00\",\"description\":\"Window to the soul \u00e8 un ofrenda, una dedica all'infanzia in cui l'anima pu\u00f2 guardare l'universo rimanendo incarnata in ...\",\"breadcrumb\":{\"@id\":\"https:\\\/\\\/artnuances.com\\\/it\\\/artworks\\\/ofrenda\\\/#breadcrumb\"},\"inLanguage\":\"it-IT\",\"potentialAction\":[{\"@type\":\"ReadAction\",\"target\":[\"https:\\\/\\\/artnuances.com\\\/it\\\/artworks\\\/ofrenda\\\/\"]}]},{\"@type\":\"ImageObject\",\"inLanguage\":\"it-IT\",\"@id\":\"https:\\\/\\\/artnuances.com\\\/it\\\/artworks\\\/ofrenda\\\/#primaryimage\",\"url\":\"https:\\\/\\\/artnuances.com\\\/wp-content\\\/uploads\\\/2020\\\/08\\\/Offrenda-an.jpg\",\"contentUrl\":\"https:\\\/\\\/artnuances.com\\\/wp-content\\\/uploads\\\/2020\\\/08\\\/Offrenda-an.jpg\",\"width\":2020,\"height\":2020,\"caption\":\"an ofrenda\"},{\"@type\":\"BreadcrumbList\",\"@id\":\"https:\\\/\\\/artnuances.com\\\/it\\\/artworks\\\/ofrenda\\\/#breadcrumb\",\"itemListElement\":[{\"@type\":\"ListItem\",\"position\":1,\"name\":\"Home\",\"item\":\"https:\\\/\\\/artnuances.com\\\/it\\\/\"},{\"@type\":\"ListItem\",\"position\":2,\"name\":\"Shop online\",\"item\":\"https:\\\/\\\/artnuances.com\\\/it\\\/shop-online-galleria-darte-artnuances\\\/\"},{\"@type\":\"ListItem\",\"position\":3,\"name\":\"Window of the Soul: An Ofrenda\"}]},{\"@type\":\"WebSite\",\"@id\":\"https:\\\/\\\/artnuances.com\\\/it\\\/#website\",\"url\":\"https:\\\/\\\/artnuances.com\\\/it\\\/\",\"name\":\"Artnuances - Art gallery online\",\"description\":\"Artnuances Gallery\",\"publisher\":{\"@id\":\"https:\\\/\\\/artnuances.com\\\/it\\\/#organization\"},\"potentialAction\":[{\"@type\":\"SearchAction\",\"target\":{\"@type\":\"EntryPoint\",\"urlTemplate\":\"https:\\\/\\\/artnuances.com\\\/it\\\/?s={search_term_string}\"},\"query-input\":{\"@type\":\"PropertyValueSpecification\",\"valueRequired\":true,\"valueName\":\"search_term_string\"}}],\"inLanguage\":\"it-IT\"},{\"@type\":\"Organization\",\"@id\":\"https:\\\/\\\/artnuances.com\\\/it\\\/#organization\",\"name\":\"Studio Artnuances LTD\",\"url\":\"https:\\\/\\\/artnuances.com\\\/it\\\/\",\"logo\":{\"@type\":\"ImageObject\",\"inLanguage\":\"it-IT\",\"@id\":\"https:\\\/\\\/artnuances.com\\\/it\\\/#\\\/schema\\\/logo\\\/image\\\/\",\"url\":\"https:\\\/\\\/artnuances.com\\\/wp-content\\\/uploads\\\/2019\\\/09\\\/artnuanse.png\",\"contentUrl\":\"https:\\\/\\\/artnuances.com\\\/wp-content\\\/uploads\\\/2019\\\/09\\\/artnuanse.png\",\"width\":622,\"height\":622,\"caption\":\"Studio Artnuances LTD\"},\"image\":{\"@id\":\"https:\\\/\\\/artnuances.com\\\/it\\\/#\\\/schema\\\/logo\\\/image\\\/\"},\"sameAs\":[\"https:\\\/\\\/www.facebook.com\\\/studioartnuances\\\/\",\"https:\\\/\\\/www.instagram.com\\\/studioartnuances\\\/\",\"https:\\\/\\\/www.youtube.com\\\/channel\\\/UCoU2Nb_B-2BOiDcO292sggg\"]}]}<\/script>\n<!-- \/ Yoast SEO plugin. -->","yoast_head_json":{"title":"Window of the Soul: An Ofrenda - Studio Artnuances LTD","description":"Window to the soul \u00e8 un ofrenda, una dedica all'infanzia in cui l'anima pu\u00f2 guardare l'universo rimanendo incarnata in ...","robots":{"index":"index","follow":"follow","max-snippet":"max-snippet:-1","max-image-preview":"max-image-preview:large","max-video-preview":"max-video-preview:-1"},"canonical":"https:\/\/artnuances.com\/it\/artworks\/ofrenda\/","og_locale":"it_IT","og_type":"article","og_title":"Window of the Soul: An Ofrenda - Studio Artnuances LTD","og_description":"Window to the soul \u00e8 un ofrenda, una dedica all'infanzia in cui l'anima pu\u00f2 guardare l'universo rimanendo incarnata in ...","og_url":"https:\/\/artnuances.com\/it\/artworks\/ofrenda\/","og_site_name":"Artnuances - Art gallery online","article_publisher":"https:\/\/www.facebook.com\/studioartnuances\/","article_modified_time":"2021-10-30T09:54:02+00:00","og_image":[{"width":2020,"height":2020,"url":"https:\/\/artnuances.com\/wp-content\/uploads\/2020\/08\/Offrenda-an.jpg","type":"image\/jpeg"}],"twitter_card":"summary_large_image","schema":{"@context":"https:\/\/schema.org","@graph":[{"@type":"WebPage","@id":"https:\/\/artnuances.com\/it\/artworks\/ofrenda\/","url":"https:\/\/artnuances.com\/it\/artworks\/ofrenda\/","name":"Window of the Soul: An Ofrenda - Studio Artnuances LTD","isPartOf":{"@id":"https:\/\/artnuances.com\/it\/#website"},"primaryImageOfPage":{"@id":"https:\/\/artnuances.com\/it\/artworks\/ofrenda\/#primaryimage"},"image":{"@id":"https:\/\/artnuances.com\/it\/artworks\/ofrenda\/#primaryimage"},"thumbnailUrl":"https:\/\/artnuances.com\/wp-content\/uploads\/2020\/08\/Offrenda-an.jpg","datePublished":"2020-08-22T20:42:37+00:00","dateModified":"2021-10-30T09:54:02+00:00","description":"Window to the soul \u00e8 un ofrenda, una dedica all'infanzia in cui l'anima pu\u00f2 guardare l'universo rimanendo incarnata in ...","breadcrumb":{"@id":"https:\/\/artnuances.com\/it\/artworks\/ofrenda\/#breadcrumb"},"inLanguage":"it-IT","potentialAction":[{"@type":"ReadAction","target":["https:\/\/artnuances.com\/it\/artworks\/ofrenda\/"]}]},{"@type":"ImageObject","inLanguage":"it-IT","@id":"https:\/\/artnuances.com\/it\/artworks\/ofrenda\/#primaryimage","url":"https:\/\/artnuances.com\/wp-content\/uploads\/2020\/08\/Offrenda-an.jpg","contentUrl":"https:\/\/artnuances.com\/wp-content\/uploads\/2020\/08\/Offrenda-an.jpg","width":2020,"height":2020,"caption":"an ofrenda"},{"@type":"BreadcrumbList","@id":"https:\/\/artnuances.com\/it\/artworks\/ofrenda\/#breadcrumb","itemListElement":[{"@type":"ListItem","position":1,"name":"Home","item":"https:\/\/artnuances.com\/it\/"},{"@type":"ListItem","position":2,"name":"Shop online","item":"https:\/\/artnuances.com\/it\/shop-online-galleria-darte-artnuances\/"},{"@type":"ListItem","position":3,"name":"Window of the Soul: An Ofrenda"}]},{"@type":"WebSite","@id":"https:\/\/artnuances.com\/it\/#website","url":"https:\/\/artnuances.com\/it\/","name":"Artnuances - Art gallery online","description":"Artnuances Gallery","publisher":{"@id":"https:\/\/artnuances.com\/it\/#organization"},"potentialAction":[{"@type":"SearchAction","target":{"@type":"EntryPoint","urlTemplate":"https:\/\/artnuances.com\/it\/?s={search_term_string}"},"query-input":{"@type":"PropertyValueSpecification","valueRequired":true,"valueName":"search_term_string"}}],"inLanguage":"it-IT"},{"@type":"Organization","@id":"https:\/\/artnuances.com\/it\/#organization","name":"Studio Artnuances LTD","url":"https:\/\/artnuances.com\/it\/","logo":{"@type":"ImageObject","inLanguage":"it-IT","@id":"https:\/\/artnuances.com\/it\/#\/schema\/logo\/image\/","url":"https:\/\/artnuances.com\/wp-content\/uploads\/2019\/09\/artnuanse.png","contentUrl":"https:\/\/artnuances.com\/wp-content\/uploads\/2019\/09\/artnuanse.png","width":622,"height":622,"caption":"Studio Artnuances LTD"},"image":{"@id":"https:\/\/artnuances.com\/it\/#\/schema\/logo\/image\/"},"sameAs":["https:\/\/www.facebook.com\/studioartnuances\/","https:\/\/www.instagram.com\/studioartnuances\/","https:\/\/www.youtube.com\/channel\/UCoU2Nb_B-2BOiDcO292sggg"]}]}},"_links":{"self":[{"href":"https:\/\/artnuances.com\/it\/wp-json\/wp\/v2\/product\/28744","targetHints":{"allow":["GET"]}}],"collection":[{"href":"https:\/\/artnuances.com\/it\/wp-json\/wp\/v2\/product"}],"about":[{"href":"https:\/\/artnuances.com\/it\/wp-json\/wp\/v2\/types\/product"}],"replies":[{"embeddable":true,"href":"https:\/\/artnuances.com\/it\/wp-json\/wp\/v2\/comments?post=28744"}],"wp:featuredmedia":[{"embeddable":true,"href":"https:\/\/artnuances.com\/it\/wp-json\/wp\/v2\/media\/27625"}],"wp:attachment":[{"href":"https:\/\/artnuances.com\/it\/wp-json\/wp\/v2\/media?parent=28744"}],"wp:term":[{"taxonomy":"product_brand","embeddable":true,"href":"https:\/\/artnuances.com\/it\/wp-json\/wp\/v2\/product_brand?post=28744"},{"taxonomy":"product_cat","embeddable":true,"href":"https:\/\/artnuances.com\/it\/wp-json\/wp\/v2\/product_cat?post=28744"},{"taxonomy":"product_tag","embeddable":true,"href":"https:\/\/artnuances.com\/it\/wp-json\/wp\/v2\/product_tag?post=28744"}],"curies":[{"name":"wp","href":"https:\/\/api.w.org\/{rel}","templated":true}]}}