{"id":28601,"date":"2020-10-25T18:28:51","date_gmt":"2020-10-25T18:28:51","guid":{"rendered":"https:\/\/www.artnuances-com-717041.hostingersite.com\/?page_id=28601"},"modified":"2025-08-25T09:11:02","modified_gmt":"2025-08-25T09:11:02","slug":"arte-online","status":"publish","type":"page","link":"https:\/\/artnuances.com\/it\/arte-online\/","title":{"rendered":"Chi siamo &#8211; La Galleria D&#8217;Arte Online Artnuances"},"content":{"rendered":"<section class=\"l-section wpb_row us_custom_cc7132a6 height_large color_alternate\"><div class=\"l-section-h i-cf\"><div class=\"g-cols vc_row via_flex valign_top type_default stacking_default\"><div class=\"vc_col-sm-12 wpb_column vc_column_container\"><div class=\"vc_column-inner\"><div class=\"wpb_wrapper\"><h1 class=\"w-text us_custom_29f6d296 has_text_color\"><span class=\"w-text-h\"><span class=\"w-text-value\">Chi siamo <\/span><\/span><\/h1><div class=\"w-separator size_medium\"><\/div><div class=\"g-cols wpb_row via_flex valign_top type_default stacking_default\"><div class=\"vc_col-sm-8 wpb_column vc_column_container\"><div class=\"vc_column-inner\"><div class=\"wpb_wrapper\"><div class=\"wpb_text_column\"><div class=\"wpb_wrapper\"><p>Siamo\u00a0<strong>Svetlana e Patrizio<\/strong>, i fondatori della Galleria Artnuances.<br \/>Lei ha una formazione universitaria nell\u2019ambito delle Scienze Umanistiche, io in ambito Economico. Le nostre strade si sono incontrate oltre dieci anni fa, in occasione di un progetto nel settore tessile artistico.<\/p>\n<p>Pur provenendo da esperienze professionali diverse, abbiamo immediatamente capito che insieme eravamo in grado di fare cose particolari ed interessanti nel mondo della cultura e dell\u2019arte.<\/p>\n<p>Prima di questa nuova avventura con la Galleria Artnuances, abbiamo avuto modo di metterci in gioco in varie situazioni, realizzando\u00a0<strong>importanti mostre culturali a Mosca, a Bruxelles, a Roma e in altre parti d\u2019Italia<\/strong>.<\/p>\n<p>Abbiamo realizzato ambiziosi progetti per il Vaticano e altri progetti molto particolari ed unici nell\u2019ambito museale, sia fisico che virtuale.<\/p>\n<p>Ci siamo immersi nel mondo della mediazione dell\u2019Arte e questo ci ha permesso di allargare le nostre conoscenze a livello internazionale.\u00a0<strong>Nel 2014 abbiamo quindi deciso di aprire la nostra societ\u00e0 a Londra (chiusa nel 2025)<\/strong>, uno dei centri pi\u00f9 importanti per il mercato dell\u2019arte e da l\u00ec, la Galleria on line \u00e8 stato un passo pi\u00f9 che naturale.<\/p>\n<p>Quando abbiamo deciso di fare questa scelta, ci siamo chiesti: \u201cPerch\u00e9 un artista dovrebbe esporre nella nostra Galleria e perch\u00e9 un cliente dovrebbe comprare da noi?\u201d<\/p>\n<p>La risposta \u00e8 stata: \u201cPerch\u00e9 selezioneremo gli artisti, sulla base esclusivamente delle sensazioni che ci sapranno trasmettere, a prescindere se siano affermati o meno. L\u2019importante sar\u00e0 l\u2019originalit\u00e0 delle loro opere. Di conseguenza, i clienti sapranno che da noi potranno trovare sempre artisti speciali, mai banali!\u201d<\/p>\n<p>Ci auguriamo che la nostra Boutique d\u2019Arte possa incontrare il tuo favore. Da parte nostra, metteremo sempre tutto il nostro impegno e la nostra professionalit\u00e0 per offrirti opere d\u2019arte che sappiano\u00a0<strong>coinvolgerti ed emozionarti<\/strong>.<\/p>\n<\/div><\/div><\/div><\/div><\/div><div class=\"vc_col-sm-4 wpb_column vc_column_container\"><div class=\"vc_column-inner\"><div class=\"wpb_wrapper\"><div class=\"w-separator size_medium\"><\/div><div class=\"w-image align_none\"><div class=\"w-image-h\"><img decoding=\"async\" width=\"1200\" height=\"1200\" src=\"https:\/\/artnuances.com\/wp-content\/uploads\/2022\/12\/17072022-DSC_0025-ok-an-1-1200x1200.jpg\" class=\"attachment-large size-large\" alt=\"\" loading=\"lazy\" srcset=\"https:\/\/artnuances.com\/wp-content\/uploads\/2022\/12\/17072022-DSC_0025-ok-an-1.jpg 1200w, https:\/\/artnuances.com\/wp-content\/uploads\/2022\/12\/17072022-DSC_0025-ok-an-1-600x600.jpg 600w, https:\/\/artnuances.com\/wp-content\/uploads\/2022\/12\/17072022-DSC_0025-ok-an-1-200x200.jpg 200w, https:\/\/artnuances.com\/wp-content\/uploads\/2022\/12\/17072022-DSC_0025-ok-an-1-300x300.jpg 300w, https:\/\/artnuances.com\/wp-content\/uploads\/2022\/12\/17072022-DSC_0025-ok-an-1-150x150.jpg 150w\" sizes=\"auto, (max-width: 1200px) 100vw, 1200px\" \/><\/div><\/div><\/div><\/div><\/div><\/div><\/div><\/div><\/div><\/div><\/div><\/section><!-- Row Backgrounds --><div class=\"upb_color\" data-bg-override=\"0\" data-bg-color=\"#ffffff\" data-fadeout=\"\" data-fadeout-percentage=\"30\" data-parallax-content=\"\" data-parallax-content-sense=\"30\" data-row-effect-mobile-disable=\"true\" data-img-parallax-mobile-disable=\"true\" data-rtl=\"false\"  data-custom-vc-row=\"\"  data-vc=\"8.4.1\"  data-is_old_vc=\"\"  data-theme-support=\"\"   data-overlay=\"false\" data-overlay-color=\"\" data-overlay-pattern=\"\" data-overlay-pattern-opacity=\"\" data-overlay-pattern-size=\"\"    ><\/div><section class=\"l-section wpb_row us_custom_7e7ebc9f height_auto width_full\"><div class=\"l-section-h i-cf\"><div class=\"g-cols vc_row via_flex valign_middle type_default stacking_default\"><div class=\"vc_col-sm-6 wpb_column vc_column_container has_text_color has_bg_color us_animate_afl\"><div class=\"vc_column-inner us_custom_5b449e5d\"><div class=\"wpb_wrapper\"><div class=\"w-separator us_custom_e5469881 size_custom\" style=\"height:400px\"><\/div><\/div><\/div><\/div><div class=\"vc_col-sm-6 wpb_column vc_column_container us_animate_afr\"><div class=\"vc_column-inner us_custom_821ea863\"><div class=\"wpb_wrapper\"><h2 class=\"w-text us_custom_4076faf9 has_text_color align_center\"><span class=\"w-text-h\"><span class=\"w-text-value\">Sei un collezionista?<\/span><\/span><\/h2><div class=\"w-separator size_medium\"><\/div><div class=\"w-btn-wrapper align_center\"><a class=\"w-btn us-btn-style_1 us_custom_1e0e9307\" title=\"Contatti\" href=\"https:\/\/www.artnuances.eu\/how-to-buy-artworks-online\/\"><span class=\"w-btn-label\">Contattaci<\/span><\/a><\/div><\/div><\/div><\/div><\/div><\/div><\/section><section class=\"l-section wpb_row us_custom_7e7ebc9f height_auto width_full\"><div class=\"l-section-h i-cf\"><div class=\"g-cols vc_row via_flex valign_middle type_default stacking_default\"><div class=\"vc_col-sm-6 wpb_column vc_column_container us_animate_afr\"><div class=\"vc_column-inner us_custom_821ea863\"><div class=\"wpb_wrapper\"><h2 class=\"w-text us_custom_4076faf9 has_text_color align_center\"><span class=\"w-text-h\"><span class=\"w-text-value\">Sei un artista e vuoi vendere le tue opere d&#039;arte?<\/span><\/span><\/h2><div class=\"w-separator size_custom\" style=\"height:10px\"><\/div><div class=\"w-separator size_medium\"><\/div><div class=\"w-btn-wrapper align_center\"><a class=\"w-btn us-btn-style_1 us_custom_1e0e9307\" title=\"Contatti per gli artisti \" href=\"https:\/\/www.artnuances.eu\/how-to-exhibit-my-artworks\/\"><span class=\"w-btn-label\">Contattaci<\/span><\/a><\/div><\/div><\/div><\/div><div class=\"vc_col-sm-6 wpb_column vc_column_container has_text_color has_bg_color us_animate_afr\"><div class=\"vc_column-inner us_custom_5b449e5d\"><div class=\"wpb_wrapper\"><div class=\"w-separator us_custom_58f95e4d size_custom\" style=\"height:400px\"><\/div><\/div><\/div><\/div><\/div><\/div><\/section>\n","protected":false},"excerpt":{"rendered":"Chi siamo Siamo\u00a0Svetlana e Patrizio, i fondatori della Galleria Artnuances.Lei ha una formazione universitaria nell\u2019ambito delle Scienze Umanistiche, io in ambito Economico. Le nostre strade si sono incontrate oltre dieci anni fa, in occasione di un progetto nel settore tessile artistico. Pur provenendo da esperienze professionali diverse, abbiamo immediatamente capito che insieme eravamo in grado...","protected":false},"author":3,"featured_media":0,"parent":0,"menu_order":0,"comment_status":"closed","ping_status":"closed","template":"","meta":{"_acf_changed":false,"footnotes":""},"class_list":["post-28601","page","type-page","status-publish","hentry"],"acf":[],"yoast_head":"<!-- This site is optimized with the Yoast SEO plugin v27.3 - https:\/\/yoast.com\/product\/yoast-seo-wordpress\/ -->\n<title>Art Gallery online Artnuances -<\/title>\n<meta name=\"description\" content=\"Art Gallery online Artnuances: con il supporto dei nostri Curatori, Storici dell&#039;Arte e Architetti, ti offriamo le opere d&#039;arte dei migliori artisti emergenti internazionali.\" \/>\n<meta name=\"robots\" content=\"index, follow, max-snippet:-1, max-image-preview:large, max-video-preview:-1\" \/>\n<link rel=\"canonical\" href=\"https:\/\/artnuances.com\/it\/arte-online\/\" \/>\n<meta property=\"og:locale\" content=\"it_IT\" \/>\n<meta property=\"og:type\" content=\"article\" \/>\n<meta property=\"og:title\" content=\"Art Gallery online Artnuances -\" \/>\n<meta property=\"og:description\" content=\"Art Gallery online Artnuances: con il supporto dei nostri Curatori, Storici dell&#039;Arte e Architetti, ti offriamo le opere d&#039;arte dei migliori artisti emergenti internazionali.\" \/>\n<meta property=\"og:url\" content=\"https:\/\/artnuances.com\/it\/arte-online\/\" \/>\n<meta property=\"og:site_name\" content=\"Artnuances - Art gallery online\" \/>\n<meta property=\"article:publisher\" content=\"https:\/\/www.facebook.com\/studioartnuances\/\" \/>\n<meta property=\"article:modified_time\" content=\"2025-08-25T09:11:02+00:00\" \/>\n<meta name=\"twitter:card\" content=\"summary_large_image\" \/>\n<meta name=\"twitter:label1\" content=\"Tempo di lettura stimato\" \/>\n\t<meta name=\"twitter:data1\" content=\"4 minuti\" \/>\n<script type=\"application\/ld+json\" class=\"yoast-schema-graph\">{\"@context\":\"https:\\\/\\\/schema.org\",\"@graph\":[{\"@type\":\"WebPage\",\"@id\":\"https:\\\/\\\/artnuances.com\\\/it\\\/arte-online\\\/\",\"url\":\"https:\\\/\\\/artnuances.com\\\/it\\\/arte-online\\\/\",\"name\":\"Art Gallery online Artnuances -\",\"isPartOf\":{\"@id\":\"https:\\\/\\\/artnuances.com\\\/it\\\/#website\"},\"datePublished\":\"2020-10-25T18:28:51+00:00\",\"dateModified\":\"2025-08-25T09:11:02+00:00\",\"description\":\"Art Gallery online Artnuances: con il supporto dei nostri Curatori, Storici dell'Arte e Architetti, ti offriamo le opere d'arte dei migliori artisti emergenti internazionali.\",\"breadcrumb\":{\"@id\":\"https:\\\/\\\/artnuances.com\\\/it\\\/arte-online\\\/#breadcrumb\"},\"inLanguage\":\"it-IT\",\"potentialAction\":[{\"@type\":\"ReadAction\",\"target\":[\"https:\\\/\\\/artnuances.com\\\/it\\\/arte-online\\\/\"]}]},{\"@type\":\"BreadcrumbList\",\"@id\":\"https:\\\/\\\/artnuances.com\\\/it\\\/arte-online\\\/#breadcrumb\",\"itemListElement\":[{\"@type\":\"ListItem\",\"position\":1,\"name\":\"Home\",\"item\":\"https:\\\/\\\/artnuances.com\\\/it\\\/\"},{\"@type\":\"ListItem\",\"position\":2,\"name\":\"Chi siamo &#8211; La Galleria D&#8217;Arte Online Artnuances\"}]},{\"@type\":\"WebSite\",\"@id\":\"https:\\\/\\\/artnuances.com\\\/it\\\/#website\",\"url\":\"https:\\\/\\\/artnuances.com\\\/it\\\/\",\"name\":\"Artnuances - Art gallery online\",\"description\":\"Artnuances Gallery\",\"publisher\":{\"@id\":\"https:\\\/\\\/artnuances.com\\\/it\\\/#organization\"},\"potentialAction\":[{\"@type\":\"SearchAction\",\"target\":{\"@type\":\"EntryPoint\",\"urlTemplate\":\"https:\\\/\\\/artnuances.com\\\/it\\\/?s={search_term_string}\"},\"query-input\":{\"@type\":\"PropertyValueSpecification\",\"valueRequired\":true,\"valueName\":\"search_term_string\"}}],\"inLanguage\":\"it-IT\"},{\"@type\":\"Organization\",\"@id\":\"https:\\\/\\\/artnuances.com\\\/it\\\/#organization\",\"name\":\"Studio Artnuances LTD\",\"url\":\"https:\\\/\\\/artnuances.com\\\/it\\\/\",\"logo\":{\"@type\":\"ImageObject\",\"inLanguage\":\"it-IT\",\"@id\":\"https:\\\/\\\/artnuances.com\\\/it\\\/#\\\/schema\\\/logo\\\/image\\\/\",\"url\":\"https:\\\/\\\/artnuances.com\\\/wp-content\\\/uploads\\\/2019\\\/09\\\/artnuanse.png\",\"contentUrl\":\"https:\\\/\\\/artnuances.com\\\/wp-content\\\/uploads\\\/2019\\\/09\\\/artnuanse.png\",\"width\":622,\"height\":622,\"caption\":\"Studio Artnuances LTD\"},\"image\":{\"@id\":\"https:\\\/\\\/artnuances.com\\\/it\\\/#\\\/schema\\\/logo\\\/image\\\/\"},\"sameAs\":[\"https:\\\/\\\/www.facebook.com\\\/studioartnuances\\\/\",\"https:\\\/\\\/www.instagram.com\\\/studioartnuances\\\/\",\"https:\\\/\\\/www.youtube.com\\\/channel\\\/UCoU2Nb_B-2BOiDcO292sggg\"]}]}<\/script>\n<!-- \/ Yoast SEO plugin. -->","yoast_head_json":{"title":"Art Gallery online Artnuances -","description":"Art Gallery online Artnuances: con il supporto dei nostri Curatori, Storici dell'Arte e Architetti, ti offriamo le opere d'arte dei migliori artisti emergenti internazionali.","robots":{"index":"index","follow":"follow","max-snippet":"max-snippet:-1","max-image-preview":"max-image-preview:large","max-video-preview":"max-video-preview:-1"},"canonical":"https:\/\/artnuances.com\/it\/arte-online\/","og_locale":"it_IT","og_type":"article","og_title":"Art Gallery online Artnuances -","og_description":"Art Gallery online Artnuances: con il supporto dei nostri Curatori, Storici dell'Arte e Architetti, ti offriamo le opere d'arte dei migliori artisti emergenti internazionali.","og_url":"https:\/\/artnuances.com\/it\/arte-online\/","og_site_name":"Artnuances - Art gallery online","article_publisher":"https:\/\/www.facebook.com\/studioartnuances\/","article_modified_time":"2025-08-25T09:11:02+00:00","twitter_card":"summary_large_image","twitter_misc":{"Tempo di lettura stimato":"4 minuti"},"schema":{"@context":"https:\/\/schema.org","@graph":[{"@type":"WebPage","@id":"https:\/\/artnuances.com\/it\/arte-online\/","url":"https:\/\/artnuances.com\/it\/arte-online\/","name":"Art Gallery online Artnuances -","isPartOf":{"@id":"https:\/\/artnuances.com\/it\/#website"},"datePublished":"2020-10-25T18:28:51+00:00","dateModified":"2025-08-25T09:11:02+00:00","description":"Art Gallery online Artnuances: con il supporto dei nostri Curatori, Storici dell'Arte e Architetti, ti offriamo le opere d'arte dei migliori artisti emergenti internazionali.","breadcrumb":{"@id":"https:\/\/artnuances.com\/it\/arte-online\/#breadcrumb"},"inLanguage":"it-IT","potentialAction":[{"@type":"ReadAction","target":["https:\/\/artnuances.com\/it\/arte-online\/"]}]},{"@type":"BreadcrumbList","@id":"https:\/\/artnuances.com\/it\/arte-online\/#breadcrumb","itemListElement":[{"@type":"ListItem","position":1,"name":"Home","item":"https:\/\/artnuances.com\/it\/"},{"@type":"ListItem","position":2,"name":"Chi siamo &#8211; La Galleria D&#8217;Arte Online Artnuances"}]},{"@type":"WebSite","@id":"https:\/\/artnuances.com\/it\/#website","url":"https:\/\/artnuances.com\/it\/","name":"Artnuances - Art gallery online","description":"Artnuances Gallery","publisher":{"@id":"https:\/\/artnuances.com\/it\/#organization"},"potentialAction":[{"@type":"SearchAction","target":{"@type":"EntryPoint","urlTemplate":"https:\/\/artnuances.com\/it\/?s={search_term_string}"},"query-input":{"@type":"PropertyValueSpecification","valueRequired":true,"valueName":"search_term_string"}}],"inLanguage":"it-IT"},{"@type":"Organization","@id":"https:\/\/artnuances.com\/it\/#organization","name":"Studio Artnuances LTD","url":"https:\/\/artnuances.com\/it\/","logo":{"@type":"ImageObject","inLanguage":"it-IT","@id":"https:\/\/artnuances.com\/it\/#\/schema\/logo\/image\/","url":"https:\/\/artnuances.com\/wp-content\/uploads\/2019\/09\/artnuanse.png","contentUrl":"https:\/\/artnuances.com\/wp-content\/uploads\/2019\/09\/artnuanse.png","width":622,"height":622,"caption":"Studio Artnuances LTD"},"image":{"@id":"https:\/\/artnuances.com\/it\/#\/schema\/logo\/image\/"},"sameAs":["https:\/\/www.facebook.com\/studioartnuances\/","https:\/\/www.instagram.com\/studioartnuances\/","https:\/\/www.youtube.com\/channel\/UCoU2Nb_B-2BOiDcO292sggg"]}]}},"_links":{"self":[{"href":"https:\/\/artnuances.com\/it\/wp-json\/wp\/v2\/pages\/28601","targetHints":{"allow":["GET"]}}],"collection":[{"href":"https:\/\/artnuances.com\/it\/wp-json\/wp\/v2\/pages"}],"about":[{"href":"https:\/\/artnuances.com\/it\/wp-json\/wp\/v2\/types\/page"}],"author":[{"embeddable":true,"href":"https:\/\/artnuances.com\/it\/wp-json\/wp\/v2\/users\/3"}],"replies":[{"embeddable":true,"href":"https:\/\/artnuances.com\/it\/wp-json\/wp\/v2\/comments?post=28601"}],"version-history":[{"count":12,"href":"https:\/\/artnuances.com\/it\/wp-json\/wp\/v2\/pages\/28601\/revisions"}],"predecessor-version":[{"id":42666,"href":"https:\/\/artnuances.com\/it\/wp-json\/wp\/v2\/pages\/28601\/revisions\/42666"}],"wp:attachment":[{"href":"https:\/\/artnuances.com\/it\/wp-json\/wp\/v2\/media?parent=28601"}],"curies":[{"name":"wp","href":"https:\/\/api.w.org\/{rel}","templated":true}]}}