{"id":28583,"date":"2020-10-25T15:51:40","date_gmt":"2020-10-25T15:51:40","guid":{"rendered":"https:\/\/www.artnuances-com-717041.hostingersite.com\/?page_id=28583"},"modified":"2023-08-28T07:54:03","modified_gmt":"2023-08-28T07:54:03","slug":"fotografia-darte","status":"publish","type":"page","link":"https:\/\/artnuances.com\/it\/fotografia-darte\/","title":{"rendered":"Fotografia d&#8217;arte"},"content":{"rendered":"<section class=\"l-section wpb_row us_custom_9dc5eed9 height_large\"><div class=\"l-section-h i-cf\"><div class=\"g-cols vc_row via_flex valign_top type_default stacking_default\"><div class=\"vc_col-sm-12 wpb_column vc_column_container\"><div class=\"vc_column-inner\"><div class=\"wpb_wrapper\"><h1 class=\"w-post-elm post_title us_custom_064d9100 align_center entry-title color_link_inherit\">Fotografia d&#8217;arte<\/h1><div class=\"w-separator size_small\"><\/div><div class=\"wpb_text_column\"><div class=\"wpb_wrapper\"><p>In Artnuances Gallery non poteva mancare una sezione dedicata alla fotografia d\u2019arte. Fondamentalmente, ci sono due macro aree che possiamo identificare e apprezzare. La <u> foto dal vivo <\/u>, cio\u00e8 quella in cui il fotografo cattura un momento di una vita, un paesaggio, uno sguardo, e lo immortala, ricreando nell&#8217;osservatore le sensazioni che l&#8217;artista ha provato.<\/p>\n<p><!--leggi di pi\u00f9--><\/p>\n<\/div><\/div><div class=\"wpb_text_column\"><div class=\"wpb_wrapper\"><details open=\"open\">\n<summary>Leggi di pi\u00f9<\/summary>\n<p>L&#8217;altra macro area \u00e8 costituita dai lavori di chi dopo lo scatto decide <u> di rielaborare artisticamente <\/u> la propria visione, aggiungendo effetti, scomponendo colori o integrando la foto singola in una composizione pi\u00f9 complessa. In entrambi i casi, lo spettatore ha la possibilit\u00e0 di acquistare, come un dipinto o una scultura, un&#8217;opera unica e irripetibile. I grandi fotografi sono stati riconosciuti come tali, proprio per la loro sensibilit\u00e0 nel saper catturare la vita che li circonda e renderla immortale prima su pellicola e poi nei ricordi elettronici. La tecnologia ha semplicemente migliorato i modi di catturare le immagini. Ma certamente non pu\u00f2 sostituire la visione, la sensibilit\u00e0, lo sguardo del fotografo. Nella nostra galleria troverai solo artisti \/ fotografi che riteniamo abbiano raggiunto un alto livello di espressivit\u00e0 e siano in grado di trasmettere sensazioni eccezionali. Anche qui non c&#8217;\u00e8 bellezza assoluta, perch\u00e9 ognuno ha la sua visione e il suo punto di vista, ma crediamo che la nostra selezione possa aprire una strada a chi cerca di entrare in questo universo.<\/details>\n<\/div><\/div><div class=\"w-separator size_medium\"><\/div><div class=\"g-cols wpb_row via_flex valign_top type_default stacking_default\"><div class=\"vc_col-sm-12 wpb_column vc_column_container\"><div class=\"vc_column-inner\"><div class=\"wpb_wrapper\"><div class=\"w-grid type_masonry layout_23639 hidden cols_3 pagination_infinite with_isotope\" id=\"us_grid_1\" style=\"--columns:3;--gap:1.5rem;\" data-filterable=\"true\"><style>@media (max-width:1024px){#us_grid_1{--columns:2!important}}@media (max-width:600px){#us_grid_1{--columns:1!important}}@media (min-width:1024px){#us_grid_1 .w-post-elm.post_title{font-size:18px!important}}.layout_23639 .w-grid-item-h{background:#ffffff;color:#424242;box-shadow:0 0rem 0rem rgba(0,0,0,0.1),0 0rem 0rem rgba(0,0,0,0.1);transition-duration:0.3s}.no-touch .layout_23639 .w-grid-item-h:hover{box-shadow:0 0.1rem 0.2rem rgba(0,0,0,0.1),0 0.33rem 1rem rgba(0,0,0,0.15);z-index:4}.layout_23639 .usg_vwrapper_1{padding-top:10px!important;padding-right:10px!important;padding-left:10px!important}.layout_23639 .usg_post_image_1{width:100%!important}.layout_23639 .usg_post_title_1{margin-bottom:0.4rem!important;font-family:var(--font-family)!important;font-size:1rem!important;color:inherit!important}.layout_23639 .usg_post_taxonomy_1{font-family:var(--font-family)!important}<\/style><div class=\"w-grid-list\"><\/div><div class=\"w-grid-preloader\">\t<div class=\"g-preloader type_1\">\r\n\t\t<div><\/div>\r\n\t<\/div>\r\n\t<\/div>\t<div class=\"w-grid-json hidden\" onclick='return {&quot;action&quot;:&quot;us_ajax_grid&quot;,&quot;infinite_scroll&quot;:0,&quot;max_num_pages&quot;:0,&quot;pagination&quot;:&quot;infinite&quot;,&quot;template_vars&quot;:{&quot;columns&quot;:&quot;3&quot;,&quot;exclude_items&quot;:&quot;none&quot;,&quot;img_size&quot;:&quot;full&quot;,&quot;ignore_items_size&quot;:0,&quot;items_layout&quot;:&quot;23639&quot;,&quot;items_offset&quot;:&quot;1&quot;,&quot;load_animation&quot;:&quot;none&quot;,&quot;overriding_link&quot;:&quot;{\\&quot;url\\&quot;:\\&quot;\\&quot;}&quot;,&quot;post_id&quot;:0,&quot;query_args&quot;:{&quot;post_type&quot;:[&quot;product&quot;],&quot;tax_query&quot;:[{&quot;taxonomy&quot;:&quot;product_cat&quot;,&quot;field&quot;:&quot;slug&quot;,&quot;terms&quot;:[&quot;foto d&amp;apos;arte&quot;]},{&quot;taxonomy&quot;:&quot;product_visibility&quot;,&quot;field&quot;:&quot;slug&quot;,&quot;terms&quot;:[&quot;exclude-from-catalog&quot;],&quot;operator&quot;:&quot;NOT IN&quot;}],&quot;post_status&quot;:[&quot;publish&quot;,&quot;acf-disabled&quot;,&quot;mapped&quot;,&quot;needs_update&quot;],&quot;meta_query&quot;:[],&quot;posts_per_page&quot;:&quot;300&quot;},&quot;orderby_query_args&quot;:{&quot;orderby&quot;:&quot;RAND(1924193585)&quot;},&quot;type&quot;:&quot;masonry&quot;,&quot;us_grid_post_type&quot;:&quot;product&quot;,&quot;us_grid_ajax_index&quot;:1,&quot;us_grid_filter_query_string&quot;:null,&quot;us_grid_index&quot;:1,&quot;page_args&quot;:[],&quot;lang&quot;:&quot;it&quot;}}'><\/div>\r\n\t<\/div><div class=\"w-grid-none type_message\">Nessun risultato trovato.<\/div><\/div><\/div><\/div><\/div><\/div><\/div><\/div><\/div><\/div><\/section>\n","protected":false},"excerpt":{"rendered":"Fotografia d&#8217;arteIn Artnuances Gallery non poteva mancare una sezione dedicata alla fotografia d\u2019arte. Fondamentalmente, ci sono due macro aree che possiamo identificare e apprezzare. La foto dal vivo , cio\u00e8 quella in cui il fotografo cattura un momento di una vita, un paesaggio, uno sguardo, e lo immortala, ricreando nell&#8217;osservatore le sensazioni che l&#8217;artista ha...","protected":false},"author":3,"featured_media":0,"parent":0,"menu_order":0,"comment_status":"closed","ping_status":"closed","template":"","meta":{"_acf_changed":false,"footnotes":""},"class_list":["post-28583","page","type-page","status-publish","hentry"],"acf":[],"yoast_head":"<!-- This site is optimized with the Yoast SEO plugin v27.5 - https:\/\/yoast.com\/product\/yoast-seo-wordpress\/ -->\n<title>Foto d&#039;arte - Studio Artnuances LTD<\/title>\n<meta name=\"description\" content=\"Esplora la migliore selezione di Fotografia D&#039;Arte Online in vendita, selezionata dai migliori artisti emergenti internazionali di tutto il mondo.\" \/>\n<meta name=\"robots\" content=\"index, follow, max-snippet:-1, max-image-preview:large, max-video-preview:-1\" \/>\n<link rel=\"canonical\" href=\"https:\/\/artnuances.com\/it\/fotografia-darte\/\" \/>\n<meta property=\"og:locale\" content=\"it_IT\" \/>\n<meta property=\"og:type\" content=\"article\" \/>\n<meta property=\"og:title\" content=\"Foto d&#039;arte - Studio Artnuances LTD\" \/>\n<meta property=\"og:description\" content=\"Esplora la migliore selezione di Fotografia D&#039;Arte Online in vendita, selezionata dai migliori artisti emergenti internazionali di tutto il mondo.\" \/>\n<meta property=\"og:url\" content=\"https:\/\/artnuances.com\/it\/fotografia-darte\/\" \/>\n<meta property=\"og:site_name\" content=\"Artnuances - Art gallery online\" \/>\n<meta property=\"article:publisher\" content=\"https:\/\/www.facebook.com\/studioartnuances\/\" \/>\n<meta property=\"article:modified_time\" content=\"2023-08-28T07:54:03+00:00\" \/>\n<meta name=\"twitter:card\" content=\"summary_large_image\" \/>\n<meta name=\"twitter:label1\" content=\"Tempo di lettura stimato\" \/>\n\t<meta name=\"twitter:data1\" content=\"2 minuti\" \/>\n<script type=\"application\/ld+json\" class=\"yoast-schema-graph\">{\"@context\":\"https:\\\/\\\/schema.org\",\"@graph\":[{\"@type\":\"WebPage\",\"@id\":\"https:\\\/\\\/artnuances.com\\\/it\\\/fotografia-darte\\\/\",\"url\":\"https:\\\/\\\/artnuances.com\\\/it\\\/fotografia-darte\\\/\",\"name\":\"Foto d'arte - Studio Artnuances LTD\",\"isPartOf\":{\"@id\":\"https:\\\/\\\/artnuances.com\\\/it\\\/#website\"},\"datePublished\":\"2020-10-25T15:51:40+00:00\",\"dateModified\":\"2023-08-28T07:54:03+00:00\",\"description\":\"Esplora la migliore selezione di Fotografia D'Arte Online in vendita, selezionata dai migliori artisti emergenti internazionali di tutto il mondo.\",\"breadcrumb\":{\"@id\":\"https:\\\/\\\/artnuances.com\\\/it\\\/fotografia-darte\\\/#breadcrumb\"},\"inLanguage\":\"it-IT\",\"potentialAction\":[{\"@type\":\"ReadAction\",\"target\":[\"https:\\\/\\\/artnuances.com\\\/it\\\/fotografia-darte\\\/\"]}]},{\"@type\":\"BreadcrumbList\",\"@id\":\"https:\\\/\\\/artnuances.com\\\/it\\\/fotografia-darte\\\/#breadcrumb\",\"itemListElement\":[{\"@type\":\"ListItem\",\"position\":1,\"name\":\"Home\",\"item\":\"https:\\\/\\\/artnuances.com\\\/it\\\/\"},{\"@type\":\"ListItem\",\"position\":2,\"name\":\"Fotografia d&#8217;arte\"}]},{\"@type\":\"WebSite\",\"@id\":\"https:\\\/\\\/artnuances.com\\\/it\\\/#website\",\"url\":\"https:\\\/\\\/artnuances.com\\\/it\\\/\",\"name\":\"Artnuances - Art gallery online\",\"description\":\"Artnuances Gallery\",\"publisher\":{\"@id\":\"https:\\\/\\\/artnuances.com\\\/it\\\/#organization\"},\"potentialAction\":[{\"@type\":\"SearchAction\",\"target\":{\"@type\":\"EntryPoint\",\"urlTemplate\":\"https:\\\/\\\/artnuances.com\\\/it\\\/?s={search_term_string}\"},\"query-input\":{\"@type\":\"PropertyValueSpecification\",\"valueRequired\":true,\"valueName\":\"search_term_string\"}}],\"inLanguage\":\"it-IT\"},{\"@type\":\"Organization\",\"@id\":\"https:\\\/\\\/artnuances.com\\\/it\\\/#organization\",\"name\":\"Studio Artnuances LTD\",\"url\":\"https:\\\/\\\/artnuances.com\\\/it\\\/\",\"logo\":{\"@type\":\"ImageObject\",\"inLanguage\":\"it-IT\",\"@id\":\"https:\\\/\\\/artnuances.com\\\/it\\\/#\\\/schema\\\/logo\\\/image\\\/\",\"url\":\"https:\\\/\\\/artnuances.com\\\/wp-content\\\/uploads\\\/2019\\\/09\\\/artnuanse.png\",\"contentUrl\":\"https:\\\/\\\/artnuances.com\\\/wp-content\\\/uploads\\\/2019\\\/09\\\/artnuanse.png\",\"width\":622,\"height\":622,\"caption\":\"Studio Artnuances LTD\"},\"image\":{\"@id\":\"https:\\\/\\\/artnuances.com\\\/it\\\/#\\\/schema\\\/logo\\\/image\\\/\"},\"sameAs\":[\"https:\\\/\\\/www.facebook.com\\\/studioartnuances\\\/\",\"https:\\\/\\\/www.instagram.com\\\/studioartnuances\\\/\",\"https:\\\/\\\/www.youtube.com\\\/channel\\\/UCoU2Nb_B-2BOiDcO292sggg\"]}]}<\/script>\n<!-- \/ Yoast SEO plugin. -->","yoast_head_json":{"title":"Foto d'arte - Studio Artnuances LTD","description":"Esplora la migliore selezione di Fotografia D'Arte Online in vendita, selezionata dai migliori artisti emergenti internazionali di tutto il mondo.","robots":{"index":"index","follow":"follow","max-snippet":"max-snippet:-1","max-image-preview":"max-image-preview:large","max-video-preview":"max-video-preview:-1"},"canonical":"https:\/\/artnuances.com\/it\/fotografia-darte\/","og_locale":"it_IT","og_type":"article","og_title":"Foto d'arte - Studio Artnuances LTD","og_description":"Esplora la migliore selezione di Fotografia D'Arte Online in vendita, selezionata dai migliori artisti emergenti internazionali di tutto il mondo.","og_url":"https:\/\/artnuances.com\/it\/fotografia-darte\/","og_site_name":"Artnuances - Art gallery online","article_publisher":"https:\/\/www.facebook.com\/studioartnuances\/","article_modified_time":"2023-08-28T07:54:03+00:00","twitter_card":"summary_large_image","twitter_misc":{"Tempo di lettura stimato":"2 minuti"},"schema":{"@context":"https:\/\/schema.org","@graph":[{"@type":"WebPage","@id":"https:\/\/artnuances.com\/it\/fotografia-darte\/","url":"https:\/\/artnuances.com\/it\/fotografia-darte\/","name":"Foto d'arte - Studio Artnuances LTD","isPartOf":{"@id":"https:\/\/artnuances.com\/it\/#website"},"datePublished":"2020-10-25T15:51:40+00:00","dateModified":"2023-08-28T07:54:03+00:00","description":"Esplora la migliore selezione di Fotografia D'Arte Online in vendita, selezionata dai migliori artisti emergenti internazionali di tutto il mondo.","breadcrumb":{"@id":"https:\/\/artnuances.com\/it\/fotografia-darte\/#breadcrumb"},"inLanguage":"it-IT","potentialAction":[{"@type":"ReadAction","target":["https:\/\/artnuances.com\/it\/fotografia-darte\/"]}]},{"@type":"BreadcrumbList","@id":"https:\/\/artnuances.com\/it\/fotografia-darte\/#breadcrumb","itemListElement":[{"@type":"ListItem","position":1,"name":"Home","item":"https:\/\/artnuances.com\/it\/"},{"@type":"ListItem","position":2,"name":"Fotografia d&#8217;arte"}]},{"@type":"WebSite","@id":"https:\/\/artnuances.com\/it\/#website","url":"https:\/\/artnuances.com\/it\/","name":"Artnuances - Art gallery online","description":"Artnuances Gallery","publisher":{"@id":"https:\/\/artnuances.com\/it\/#organization"},"potentialAction":[{"@type":"SearchAction","target":{"@type":"EntryPoint","urlTemplate":"https:\/\/artnuances.com\/it\/?s={search_term_string}"},"query-input":{"@type":"PropertyValueSpecification","valueRequired":true,"valueName":"search_term_string"}}],"inLanguage":"it-IT"},{"@type":"Organization","@id":"https:\/\/artnuances.com\/it\/#organization","name":"Studio Artnuances LTD","url":"https:\/\/artnuances.com\/it\/","logo":{"@type":"ImageObject","inLanguage":"it-IT","@id":"https:\/\/artnuances.com\/it\/#\/schema\/logo\/image\/","url":"https:\/\/artnuances.com\/wp-content\/uploads\/2019\/09\/artnuanse.png","contentUrl":"https:\/\/artnuances.com\/wp-content\/uploads\/2019\/09\/artnuanse.png","width":622,"height":622,"caption":"Studio Artnuances LTD"},"image":{"@id":"https:\/\/artnuances.com\/it\/#\/schema\/logo\/image\/"},"sameAs":["https:\/\/www.facebook.com\/studioartnuances\/","https:\/\/www.instagram.com\/studioartnuances\/","https:\/\/www.youtube.com\/channel\/UCoU2Nb_B-2BOiDcO292sggg"]}]}},"_links":{"self":[{"href":"https:\/\/artnuances.com\/it\/wp-json\/wp\/v2\/pages\/28583","targetHints":{"allow":["GET"]}}],"collection":[{"href":"https:\/\/artnuances.com\/it\/wp-json\/wp\/v2\/pages"}],"about":[{"href":"https:\/\/artnuances.com\/it\/wp-json\/wp\/v2\/types\/page"}],"author":[{"embeddable":true,"href":"https:\/\/artnuances.com\/it\/wp-json\/wp\/v2\/users\/3"}],"replies":[{"embeddable":true,"href":"https:\/\/artnuances.com\/it\/wp-json\/wp\/v2\/comments?post=28583"}],"version-history":[{"count":3,"href":"https:\/\/artnuances.com\/it\/wp-json\/wp\/v2\/pages\/28583\/revisions"}],"predecessor-version":[{"id":40233,"href":"https:\/\/artnuances.com\/it\/wp-json\/wp\/v2\/pages\/28583\/revisions\/40233"}],"wp:attachment":[{"href":"https:\/\/artnuances.com\/it\/wp-json\/wp\/v2\/media?parent=28583"}],"curies":[{"name":"wp","href":"https:\/\/api.w.org\/{rel}","templated":true}]}}