{"id":28545,"date":"2020-10-24T17:31:13","date_gmt":"2020-10-24T17:31:13","guid":{"rendered":"https:\/\/www.artnuances-com-717041.hostingersite.com\/?page_id=28545"},"modified":"2023-08-07T09:04:26","modified_gmt":"2023-08-07T09:04:26","slug":"comprare-arte-online","status":"publish","type":"page","link":"https:\/\/artnuances.com\/it\/comprare-arte-online\/","title":{"rendered":"Opere"},"content":{"rendered":"<section class=\"l-section wpb_row height_medium\"><div class=\"l-section-h i-cf\"><div class=\"g-cols vc_row via_flex valign_top type_default stacking_default\"><div class=\"vc_col-sm-12 wpb_column vc_column_container\"><div class=\"vc_column-inner\"><div class=\"wpb_wrapper\"><h1 class=\"w-post-elm post_title us_custom_064d9100 align_center entry-title color_link_inherit\">Opere<\/h1><\/div><\/div><\/div><\/div><\/div><\/section><section class=\"l-section wpb_row height_auto\"><div class=\"l-section-h i-cf\"><div class=\"g-cols vc_row via_flex valign_top type_default stacking_default\"><div class=\"vc_col-sm-1\/5 wpb_column vc_column_container\"><div class=\"vc_column-inner\"><div class=\"wpb_wrapper\"><div class=\"w-image align_none\"><a href=\"https:\/\/artnuances.com\/art-gallery\/paintings\/\" aria-label=\"Titolo\" class=\"w-image-h\"><img loading=\"lazy\" decoding=\"async\" class=\"g-placeholder\" src=\"https:\/\/artnuances.com\/wp-content\/plugins\/us-core\/assets\/images\/placeholder.svg\" width=\"1200\" height=\"1200\" alt><\/a><\/div><div class=\"wpb_text_column\"><div class=\"wpb_wrapper\"><p style=\"text-align: center;\"><strong>Dipinti<\/strong><\/p>\n<\/div><\/div><div class=\"w-btn-wrapper align_center\"><a class=\"w-btn us-btn-style_1\" href=\"https:\/\/artnuances.com\/art-gallery\/paintings\/\"><span class=\"w-btn-label\">Scopri<\/span><\/a><\/div><\/div><\/div><\/div><div class=\"vc_col-sm-1\/5 wpb_column vc_column_container\"><div class=\"vc_column-inner\"><div class=\"wpb_wrapper\"><div class=\"w-image align_none\"><a title=\"Sculture\" href=\"https:\/\/artnuances.com\/sculpture\/\" aria-label=\"Titolo\" class=\"w-image-h\"><img loading=\"lazy\" decoding=\"async\" class=\"g-placeholder\" src=\"https:\/\/artnuances.com\/wp-content\/plugins\/us-core\/assets\/images\/placeholder.svg\" width=\"1200\" height=\"1200\" alt><\/a><\/div><div class=\"wpb_text_column\"><div class=\"wpb_wrapper\"><p style=\"text-align: center;\"><strong>Sculture<\/strong><\/p>\n<\/div><\/div><div class=\"w-btn-wrapper align_center\"><a class=\"w-btn us-btn-style_1\" title=\"Sculture\" href=\"https:\/\/artnuances.com\/it\/scultura\/\"><span class=\"w-btn-label\">Scopri<\/span><\/a><\/div><\/div><\/div><\/div><div class=\"vc_col-sm-1\/5 wpb_column vc_column_container\"><div class=\"vc_column-inner\"><div class=\"wpb_wrapper\"><div class=\"w-image align_none\"><a title=\"Digital Art\" href=\"https:\/\/artnuances.com\/digital-art\/\" aria-label=\"2\" class=\"w-image-h\"><img decoding=\"async\" width=\"1200\" height=\"1200\" src=\"https:\/\/artnuances.com\/wp-content\/uploads\/2020\/08\/2.png\" class=\"attachment-large size-large\" alt=\"\" loading=\"lazy\" srcset=\"https:\/\/artnuances.com\/wp-content\/uploads\/2020\/08\/2.png 1200w, https:\/\/artnuances.com\/wp-content\/uploads\/2020\/08\/2-300x300.png 300w, https:\/\/artnuances.com\/wp-content\/uploads\/2020\/08\/2-150x150.png 150w, https:\/\/artnuances.com\/wp-content\/uploads\/2020\/08\/2-600x600.png 600w, https:\/\/artnuances.com\/wp-content\/uploads\/2020\/08\/2-200x200.png 200w, https:\/\/artnuances.com\/wp-content\/uploads\/2020\/08\/2-24x24.png 24w, https:\/\/artnuances.com\/wp-content\/uploads\/2020\/08\/2-36x36.png 36w, https:\/\/artnuances.com\/wp-content\/uploads\/2020\/08\/2-48x48.png 48w\" sizes=\"auto, (max-width: 1200px) 100vw, 1200px\" \/><\/a><\/div><div class=\"wpb_text_column\"><div class=\"wpb_wrapper\"><p style=\"text-align: center;\"><strong>Digital Art<\/strong><\/p>\n<\/div><\/div><div class=\"w-btn-wrapper align_center\"><a class=\"w-btn us-btn-style_1\" title=\"Digital Art\" href=\"https:\/\/artnuances.com\/it\/digital-art\/\"><span class=\"w-btn-label\">Scopri<\/span><\/a><\/div><\/div><\/div><\/div><div class=\"vc_col-sm-1\/5 wpb_column vc_column_container\"><div class=\"vc_column-inner\"><div class=\"wpb_wrapper\"><div class=\"w-image align_none\"><a title=\"Collage\" href=\"https:\/\/artnuances.com\/collage\/\" aria-label=\"1\" class=\"w-image-h\"><img decoding=\"async\" width=\"1200\" height=\"1200\" src=\"https:\/\/artnuances.com\/wp-content\/uploads\/2020\/08\/1.png\" class=\"attachment-large size-large\" alt=\"\" loading=\"lazy\" srcset=\"https:\/\/artnuances.com\/wp-content\/uploads\/2020\/08\/1.png 1200w, https:\/\/artnuances.com\/wp-content\/uploads\/2020\/08\/1-300x300.png 300w, https:\/\/artnuances.com\/wp-content\/uploads\/2020\/08\/1-150x150.png 150w, https:\/\/artnuances.com\/wp-content\/uploads\/2020\/08\/1-600x600.png 600w, https:\/\/artnuances.com\/wp-content\/uploads\/2020\/08\/1-200x200.png 200w, https:\/\/artnuances.com\/wp-content\/uploads\/2020\/08\/1-24x24.png 24w, https:\/\/artnuances.com\/wp-content\/uploads\/2020\/08\/1-36x36.png 36w, https:\/\/artnuances.com\/wp-content\/uploads\/2020\/08\/1-48x48.png 48w\" sizes=\"auto, (max-width: 1200px) 100vw, 1200px\" \/><\/a><\/div><div class=\"wpb_text_column\"><div class=\"wpb_wrapper\"><p style=\"text-align: center;\"><strong>Collage<\/strong><\/p>\n<\/div><\/div><div class=\"w-btn-wrapper align_center\"><a class=\"w-btn us-btn-style_1\" title=\"Collage\" href=\"https:\/\/artnuances.com\/it\/collage-darte\/\"><span class=\"w-btn-label\">Scopri<\/span><\/a><\/div><\/div><\/div><\/div><div class=\"vc_col-sm-1\/5 wpb_column vc_column_container\"><div class=\"vc_column-inner\"><div class=\"wpb_wrapper\"><div class=\"w-image align_none\"><a title=\"Fotografia\" href=\"https:\/\/artnuances.com\/photography\/\" aria-label=\"??????\" class=\"w-image-h\"><img decoding=\"async\" width=\"1193\" height=\"1193\" src=\"https:\/\/artnuances.com\/wp-content\/uploads\/2021\/11\/fotografia.jpg\" class=\"attachment-large size-large\" alt=\"\" loading=\"lazy\" srcset=\"https:\/\/artnuances.com\/wp-content\/uploads\/2021\/11\/fotografia.jpg 1193w, https:\/\/artnuances.com\/wp-content\/uploads\/2021\/11\/fotografia-600x600.jpg 600w, https:\/\/artnuances.com\/wp-content\/uploads\/2021\/11\/fotografia-200x200.jpg 200w, https:\/\/artnuances.com\/wp-content\/uploads\/2021\/11\/fotografia-300x300.jpg 300w, https:\/\/artnuances.com\/wp-content\/uploads\/2021\/11\/fotografia-150x150.jpg 150w\" sizes=\"auto, (max-width: 1193px) 100vw, 1193px\" \/><\/a><\/div><div class=\"wpb_text_column\"><div class=\"wpb_wrapper\"><p style=\"text-align: center;\"><strong>Fotografia<\/strong><\/p>\n<\/div><\/div><div class=\"w-btn-wrapper align_center\"><a class=\"w-btn us-btn-style_1\" title=\"Fotografia\" href=\"https:\/\/artnuances.com\/it\/fotografia-darte\/\"><span class=\"w-btn-label\">Scopri<\/span><\/a><\/div><\/div><\/div><\/div><\/div><\/div><\/section><section class=\"l-section wpb_row height_auto\"><div class=\"l-section-h i-cf\"><div class=\"g-cols vc_row via_flex valign_top type_default stacking_default\"><div class=\"vc_col-sm-12 wpb_column vc_column_container\"><div class=\"vc_column-inner\"><div class=\"wpb_wrapper\"><div class=\"g-cols wpb_row via_flex valign_top type_default stacking_default\"><div class=\"vc_col-sm-12 wpb_column vc_column_container\"><div class=\"vc_column-inner\"><div class=\"wpb_wrapper\"><div class=\"w-separator size_small\"><\/div><\/div><\/div><\/div><\/div><div class=\"wpb_text_column\"><div class=\"wpb_wrapper\"><p>Che tu sia un amante dell&#8217;arte o desideri fare un regalo d&#8217;arte, nella nostra galleria online troverai sculture, collage, arte digitale e dipinti per le tue esigenze.<br \/>\nTutte le opere originali sono firmate dagli artisti e accompagnate da un certificato di autenticit\u00e0.<br \/>\nArtnuances Gallery infatti seleziona per te, da tutto il mondo, alcuni degli artisti pi\u00f9 particolari ed emozionanti, che realizzano opere che sanno trasmettere emozioni a te o a chiunque tu voglia deliziare con un regalo d&#8217;arte.<br \/>\nCome Galleria Artnuances siamo pronti ad assisterti ovunque tu viva, nella scoperta e nella scelta tra le opere d&#8217;arte create dai nostri talentuosi artisti provenienti dai 5 continenti.<br \/>\nGli artisti che espongono in Artnuances Gallery, sia affermati che emergenti, hanno in comune l&#8217;originalit\u00e0 e il saper trasmettere emozioni.<\/p>\n<p>Tutte le opere vengono inviate direttamente dall&#8217;artista all&#8217;acquirente.<br \/>\nNelle nostre sezioni troverai dipinti astratti e figurativi, paesaggi, dipinti digitali, insomma tutto ci\u00f2 che viene offerto nel panorama dell&#8217;arte contemporanea.<br \/>\nL&#8217;arte ha il compito di farci rivivere emozioni pure e autentiche come quelle che provavamo da bambini. Come disse una volta Pablo Picasso, uno dei pi\u00f9 grandi artisti del secolo scorso: &#8211; Ogni bambino \u00e8 un artista. Il problema \u00e8 come rimanere un artista una volta cresciuto.<br \/>\nEsplora le nostre pagine e immergiti nella scoperta di ci\u00f2 che gli artisti hanno creato per te, un viaggio intorno al mondo attraverso le loro creazioni di arte contemporanea.<\/p>\n<\/div><\/div><\/div><\/div><\/div><\/div><\/div><\/section>\n","protected":false},"excerpt":{"rendered":"OpereDipinti ScopriSculture ScopriDigital Art ScopriCollage ScopriFotografia ScopriChe tu sia un amante dell&#8217;arte o desideri fare un regalo d&#8217;arte, nella nostra galleria online troverai sculture, collage, arte digitale e dipinti per le tue esigenze. Tutte le opere originali sono firmate dagli artisti e accompagnate da un certificato di autenticit\u00e0. Artnuances Gallery infatti seleziona per te, da...","protected":false},"author":3,"featured_media":0,"parent":0,"menu_order":0,"comment_status":"closed","ping_status":"closed","template":"","meta":{"_acf_changed":false,"footnotes":""},"class_list":["post-28545","page","type-page","status-publish","hentry"],"acf":[],"yoast_head":"<!-- This site is optimized with the Yoast SEO plugin v27.5 - https:\/\/yoast.com\/product\/yoast-seo-wordpress\/ -->\n<title>Opere online di artisti internazionali - Studio Artnuances LTD<\/title>\n<meta name=\"description\" content=\"Esplora la nostra selezione di opere d&#039;arte online in Artnuances Gallery. Dai dipinti alla digital art, passando per i collage, troverai il meglio degli artisti internazionale.\" \/>\n<meta name=\"robots\" content=\"index, follow, max-snippet:-1, max-image-preview:large, max-video-preview:-1\" \/>\n<link rel=\"canonical\" href=\"https:\/\/artnuances.com\/it\/comprare-arte-online\/\" \/>\n<meta property=\"og:locale\" content=\"it_IT\" \/>\n<meta property=\"og:type\" content=\"article\" \/>\n<meta property=\"og:title\" content=\"Opere online di artisti internazionali - Studio Artnuances LTD\" \/>\n<meta property=\"og:description\" content=\"Esplora la nostra selezione di opere d&#039;arte online in Artnuances Gallery. Dai dipinti alla digital art, passando per i collage, troverai il meglio degli artisti internazionale.\" \/>\n<meta property=\"og:url\" content=\"https:\/\/artnuances.com\/it\/comprare-arte-online\/\" \/>\n<meta property=\"og:site_name\" content=\"Artnuances - Art gallery online\" \/>\n<meta property=\"article:publisher\" content=\"https:\/\/www.facebook.com\/studioartnuances\/\" \/>\n<meta property=\"article:modified_time\" content=\"2023-08-07T09:04:26+00:00\" \/>\n<meta name=\"twitter:card\" content=\"summary_large_image\" \/>\n<meta name=\"twitter:label1\" content=\"Tempo di lettura stimato\" \/>\n\t<meta name=\"twitter:data1\" content=\"2 minuti\" \/>\n<script type=\"application\/ld+json\" class=\"yoast-schema-graph\">{\"@context\":\"https:\\\/\\\/schema.org\",\"@graph\":[{\"@type\":\"WebPage\",\"@id\":\"https:\\\/\\\/artnuances.com\\\/it\\\/comprare-arte-online\\\/\",\"url\":\"https:\\\/\\\/artnuances.com\\\/it\\\/comprare-arte-online\\\/\",\"name\":\"Opere online di artisti internazionali - Studio Artnuances LTD\",\"isPartOf\":{\"@id\":\"https:\\\/\\\/artnuances.com\\\/it\\\/#website\"},\"datePublished\":\"2020-10-24T17:31:13+00:00\",\"dateModified\":\"2023-08-07T09:04:26+00:00\",\"description\":\"Esplora la nostra selezione di opere d'arte online in Artnuances Gallery. Dai dipinti alla digital art, passando per i collage, troverai il meglio degli artisti internazionale.\",\"breadcrumb\":{\"@id\":\"https:\\\/\\\/artnuances.com\\\/it\\\/comprare-arte-online\\\/#breadcrumb\"},\"inLanguage\":\"it-IT\",\"potentialAction\":[{\"@type\":\"ReadAction\",\"target\":[\"https:\\\/\\\/artnuances.com\\\/it\\\/comprare-arte-online\\\/\"]}]},{\"@type\":\"BreadcrumbList\",\"@id\":\"https:\\\/\\\/artnuances.com\\\/it\\\/comprare-arte-online\\\/#breadcrumb\",\"itemListElement\":[{\"@type\":\"ListItem\",\"position\":1,\"name\":\"Home\",\"item\":\"https:\\\/\\\/artnuances.com\\\/it\\\/\"},{\"@type\":\"ListItem\",\"position\":2,\"name\":\"Opere\"}]},{\"@type\":\"WebSite\",\"@id\":\"https:\\\/\\\/artnuances.com\\\/it\\\/#website\",\"url\":\"https:\\\/\\\/artnuances.com\\\/it\\\/\",\"name\":\"Artnuances - Art gallery online\",\"description\":\"Artnuances Gallery\",\"publisher\":{\"@id\":\"https:\\\/\\\/artnuances.com\\\/it\\\/#organization\"},\"potentialAction\":[{\"@type\":\"SearchAction\",\"target\":{\"@type\":\"EntryPoint\",\"urlTemplate\":\"https:\\\/\\\/artnuances.com\\\/it\\\/?s={search_term_string}\"},\"query-input\":{\"@type\":\"PropertyValueSpecification\",\"valueRequired\":true,\"valueName\":\"search_term_string\"}}],\"inLanguage\":\"it-IT\"},{\"@type\":\"Organization\",\"@id\":\"https:\\\/\\\/artnuances.com\\\/it\\\/#organization\",\"name\":\"Studio Artnuances LTD\",\"url\":\"https:\\\/\\\/artnuances.com\\\/it\\\/\",\"logo\":{\"@type\":\"ImageObject\",\"inLanguage\":\"it-IT\",\"@id\":\"https:\\\/\\\/artnuances.com\\\/it\\\/#\\\/schema\\\/logo\\\/image\\\/\",\"url\":\"https:\\\/\\\/artnuances.com\\\/wp-content\\\/uploads\\\/2019\\\/09\\\/artnuanse.png\",\"contentUrl\":\"https:\\\/\\\/artnuances.com\\\/wp-content\\\/uploads\\\/2019\\\/09\\\/artnuanse.png\",\"width\":622,\"height\":622,\"caption\":\"Studio Artnuances LTD\"},\"image\":{\"@id\":\"https:\\\/\\\/artnuances.com\\\/it\\\/#\\\/schema\\\/logo\\\/image\\\/\"},\"sameAs\":[\"https:\\\/\\\/www.facebook.com\\\/studioartnuances\\\/\",\"https:\\\/\\\/www.instagram.com\\\/studioartnuances\\\/\",\"https:\\\/\\\/www.youtube.com\\\/channel\\\/UCoU2Nb_B-2BOiDcO292sggg\"]}]}<\/script>\n<!-- \/ Yoast SEO plugin. -->","yoast_head_json":{"title":"Opere online di artisti internazionali - Studio Artnuances LTD","description":"Esplora la nostra selezione di opere d'arte online in Artnuances Gallery. Dai dipinti alla digital art, passando per i collage, troverai il meglio degli artisti internazionale.","robots":{"index":"index","follow":"follow","max-snippet":"max-snippet:-1","max-image-preview":"max-image-preview:large","max-video-preview":"max-video-preview:-1"},"canonical":"https:\/\/artnuances.com\/it\/comprare-arte-online\/","og_locale":"it_IT","og_type":"article","og_title":"Opere online di artisti internazionali - Studio Artnuances LTD","og_description":"Esplora la nostra selezione di opere d'arte online in Artnuances Gallery. Dai dipinti alla digital art, passando per i collage, troverai il meglio degli artisti internazionale.","og_url":"https:\/\/artnuances.com\/it\/comprare-arte-online\/","og_site_name":"Artnuances - Art gallery online","article_publisher":"https:\/\/www.facebook.com\/studioartnuances\/","article_modified_time":"2023-08-07T09:04:26+00:00","twitter_card":"summary_large_image","twitter_misc":{"Tempo di lettura stimato":"2 minuti"},"schema":{"@context":"https:\/\/schema.org","@graph":[{"@type":"WebPage","@id":"https:\/\/artnuances.com\/it\/comprare-arte-online\/","url":"https:\/\/artnuances.com\/it\/comprare-arte-online\/","name":"Opere online di artisti internazionali - Studio Artnuances LTD","isPartOf":{"@id":"https:\/\/artnuances.com\/it\/#website"},"datePublished":"2020-10-24T17:31:13+00:00","dateModified":"2023-08-07T09:04:26+00:00","description":"Esplora la nostra selezione di opere d'arte online in Artnuances Gallery. Dai dipinti alla digital art, passando per i collage, troverai il meglio degli artisti internazionale.","breadcrumb":{"@id":"https:\/\/artnuances.com\/it\/comprare-arte-online\/#breadcrumb"},"inLanguage":"it-IT","potentialAction":[{"@type":"ReadAction","target":["https:\/\/artnuances.com\/it\/comprare-arte-online\/"]}]},{"@type":"BreadcrumbList","@id":"https:\/\/artnuances.com\/it\/comprare-arte-online\/#breadcrumb","itemListElement":[{"@type":"ListItem","position":1,"name":"Home","item":"https:\/\/artnuances.com\/it\/"},{"@type":"ListItem","position":2,"name":"Opere"}]},{"@type":"WebSite","@id":"https:\/\/artnuances.com\/it\/#website","url":"https:\/\/artnuances.com\/it\/","name":"Artnuances - Art gallery online","description":"Artnuances Gallery","publisher":{"@id":"https:\/\/artnuances.com\/it\/#organization"},"potentialAction":[{"@type":"SearchAction","target":{"@type":"EntryPoint","urlTemplate":"https:\/\/artnuances.com\/it\/?s={search_term_string}"},"query-input":{"@type":"PropertyValueSpecification","valueRequired":true,"valueName":"search_term_string"}}],"inLanguage":"it-IT"},{"@type":"Organization","@id":"https:\/\/artnuances.com\/it\/#organization","name":"Studio Artnuances LTD","url":"https:\/\/artnuances.com\/it\/","logo":{"@type":"ImageObject","inLanguage":"it-IT","@id":"https:\/\/artnuances.com\/it\/#\/schema\/logo\/image\/","url":"https:\/\/artnuances.com\/wp-content\/uploads\/2019\/09\/artnuanse.png","contentUrl":"https:\/\/artnuances.com\/wp-content\/uploads\/2019\/09\/artnuanse.png","width":622,"height":622,"caption":"Studio Artnuances LTD"},"image":{"@id":"https:\/\/artnuances.com\/it\/#\/schema\/logo\/image\/"},"sameAs":["https:\/\/www.facebook.com\/studioartnuances\/","https:\/\/www.instagram.com\/studioartnuances\/","https:\/\/www.youtube.com\/channel\/UCoU2Nb_B-2BOiDcO292sggg"]}]}},"_links":{"self":[{"href":"https:\/\/artnuances.com\/it\/wp-json\/wp\/v2\/pages\/28545","targetHints":{"allow":["GET"]}}],"collection":[{"href":"https:\/\/artnuances.com\/it\/wp-json\/wp\/v2\/pages"}],"about":[{"href":"https:\/\/artnuances.com\/it\/wp-json\/wp\/v2\/types\/page"}],"author":[{"embeddable":true,"href":"https:\/\/artnuances.com\/it\/wp-json\/wp\/v2\/users\/3"}],"replies":[{"embeddable":true,"href":"https:\/\/artnuances.com\/it\/wp-json\/wp\/v2\/comments?post=28545"}],"version-history":[{"count":8,"href":"https:\/\/artnuances.com\/it\/wp-json\/wp\/v2\/pages\/28545\/revisions"}],"predecessor-version":[{"id":39868,"href":"https:\/\/artnuances.com\/it\/wp-json\/wp\/v2\/pages\/28545\/revisions\/39868"}],"wp:attachment":[{"href":"https:\/\/artnuances.com\/it\/wp-json\/wp\/v2\/media?parent=28545"}],"curies":[{"name":"wp","href":"https:\/\/api.w.org\/{rel}","templated":true}]}}